{"id":1157,"date":"2023-08-20T20:46:37","date_gmt":"2023-08-20T20:46:37","guid":{"rendered":"https:\/\/globaluniview.com\/?page_id=1157"},"modified":"2023-08-20T20:49:55","modified_gmt":"2023-08-20T20:49:55","slug":"odeme-ve-teslimat","status":"publish","type":"page","link":"https:\/\/globaluniview.com\/index.php\/odeme-ve-teslimat\/","title":{"rendered":"\u00d6deme ve Teslimat"},"content":{"rendered":"\t\t<div data-elementor-type=\"wp-page\" data-elementor-id=\"1157\" class=\"elementor elementor-1157\">\n\t\t\t\t\t\t<section class=\"elementor-section elementor-top-section elementor-element elementor-element-68bc670 elementor-section-boxed elementor-section-height-default elementor-section-height-default\" data-id=\"68bc670\" data-element_type=\"section\" data-e-type=\"section\">\n\t\t\t\t\t\t<div class=\"elementor-container elementor-column-gap-default\">\n\t\t\t\t\t<div class=\"elementor-column elementor-col-100 elementor-top-column elementor-element elementor-element-5b6a73a\" data-id=\"5b6a73a\" data-element_type=\"column\" data-e-type=\"column\">\n\t\t\t<div class=\"elementor-widget-wrap elementor-element-populated\">\n\t\t\t\t\t\t\t<\/div>\n\t\t<\/div>\n\t\t\t\t\t<\/div>\n\t\t<\/section>\n\t\t\t\t<section class=\"elementor-section elementor-top-section elementor-element elementor-element-7a24450 elementor-section-boxed elementor-section-height-default elementor-section-height-default\" data-id=\"7a24450\" data-element_type=\"section\" data-e-type=\"section\">\n\t\t\t\t\t\t<div class=\"elementor-container elementor-column-gap-default\">\n\t\t\t\t\t<div class=\"elementor-column elementor-col-100 elementor-top-column elementor-element elementor-element-36154aca\" data-id=\"36154aca\" data-element_type=\"column\" data-e-type=\"column\">\n\t\t\t<div class=\"elementor-widget-wrap elementor-element-populated\">\n\t\t\t\t\t\t<div class=\"elementor-element elementor-element-3a32add1 elementor-widget elementor-widget-text-editor\" data-id=\"3a32add1\" data-element_type=\"widget\" data-e-type=\"widget\" data-widget_type=\"text-editor.default\">\n\t\t\t\t<div class=\"elementor-widget-container\">\n\t\t\t\t\t\t\t\t\t<h3><strong>\u00d6deme ve Teslimat<\/strong><\/h3><p>\u00a0<\/p><p>1) Banka Havalesi veya EFT (Elektronik Fon Transferi) yaparak<\/p><p>KUVEYT T\u00dcRK BANKASI TR920020500009568753000001\u00a0 nolu hesab\u0131m\u0131za (TL) yapabilirsiniz<\/p><p>2) Sitemiz \u00fczerinden kredi kartlar\u0131n\u0131z ile<\/p><p>Her t\u00fcrl\u00fc kredi kart\u0131n\u0131za online tek \u00f6deme yapabilirsiniz. Online \u00f6demelerinizde sipari\u015finiz sonunda kredi kart\u0131n\u0131zdan tutar \u00e7ekim i\u015flemi ger\u00e7ekle\u015fecektir. Muhtemel sipari\u015f iptali veya stok sorunlar\u0131 nedeniyle sipari\u015f iptallerinde kredi kart\u0131n\u0131za para iadesi 3 i\u015f g\u00fcn\u00fc i\u00e7erisinde yap\u0131lacakt\u0131r.<\/p><p>3) Sipari\u015f Bedeli \u0130adesi<\/p><p>Sipari\u015flerinizin olas\u0131 sebeplerle iptali durumunda; Berat Teknoloji \u00fc\u00e7 i\u015f g\u00fcn\u00fc i\u00e7erisinde \u00fcr\u00fcn bedelini hesab\u0131n\u0131za ve\/veya kredi kart\u0131n\u0131za iade eder. Ancak, banka hesap bilgilerinizi ve\/veya kredi kart\u0131 bilgilerinizi do\u011fru ve eksiksiz olarak \u015firketimiz finans yetkililerine bildirmeniz gerekmektedir.<\/p><p>4) Teslimat<\/p><p>Sipari\u015f etmi\u015f oldu\u011funuz \u00fcr\u00fcnleri ayn\u0131 g\u00fcn kargoya teslim etmeye gayret ediyoruz. Temini zaman alan \u00fcr\u00fcnler i\u00e7in kargo teslim s\u00fcresi \u00fcr\u00fcn detay\u0131nda belirtildi\u011fi gibi 3 i\u015f g\u00fcn\u00fcd\u00fcr. Gecikmesi muhtemel teslimat durumunda size bilgi verilecektir.<\/p><p>\u00dcr\u00fcn teslimat\u0131n\u0131n aksamadan ger\u00e7ekle\u015ftirilebilmesi i\u00e7in l\u00fctfen g\u00fcn i\u00e7inde bulundu\u011funuz yerin adresini teslimat adresi olarak bildiriniz.<\/p><p>Talepleriniz sipari\u015f sonunda belirlemi\u015f oldu\u011funuz teslimat tipine g\u00f6re haz\u0131rlanmak \u00fczere i\u015fleme al\u0131nacakt\u0131r. \u015eanl\u0131urfa merkezli \u015firketimizden \u00fcr\u00fcnler Yurti\u00e7i, S\u00fcrat, Aras, MNG kargo firmas\u0131yla g\u00f6nderilecektir. Sipari\u015fleriniz onayland\u0131ktan sonra en ge\u00e7 2 (iki) i\u015f g\u00fcn\u00fc sonunda Kargo firmas\u0131na teslim edilir.<\/p><p>M\u00fc\u015fteri temsilcimize dan\u0131\u015farak de\u011fi\u015fik teslimat \u015fartlar\u0131 konusunda g\u00f6r\u00fc\u015febilirsiniz. Ayr\u0131ca kargo teslimatlar\u0131 sadece T\u00fcrkiye i\u00e7in ge\u00e7erlidir<\/p><p>5) \u00d6deme Takibi<\/p><p>S\u00f6z konusu sistem herhangi bir sorun nedeni ile i\u015flemi ger\u00e7ekle\u015ftiremiyorsa \u00f6deme sayfas\u0131 sonucunda ziyaret\u00e7imiz bu durumdan haberdar edilmektedir.<\/p><p>Belirtilen adreste herhangi bir hata durumunda teslimat\u0131 ger\u00e7ekle\u015femeyen sipari\u015f ile ilgili olarak sipari\u015fi veren ile ba\u011flant\u0131 kurulmaktad\u0131r.<\/p><p>Ziyaret\u00e7imiz taraf\u0131ndan belirtilen e-posta adresinin ge\u00e7erlili\u011fi sipari\u015fin aktar\u0131lmas\u0131n\u0131 takiben g\u00f6nderilen otomatik e-posta ile teyit edilmektedir.<\/p><p>Teslimat\u0131n ger\u00e7ekle\u015fmesi konusunda m\u00fc\u015fteri kadar kredi kart\u0131 sistemini kulland\u0131\u011f\u0131m\u0131z bankaya kar\u015f\u0131 da sorumlulu\u011fumuz s\u00f6z konusudur.<\/p><p>L\u00fctfen dikkat ediniz!<\/p><p>Sevkiyat s\u0131ras\u0131nda zarar g\u00f6rd\u00fc\u011f\u00fcn\u00fc d\u00fc\u015f\u00fcnd\u00fc\u011f\u00fcn\u00fcz paketleri, teslim ald\u0131\u011f\u0131n\u0131z firma yetkilisi \u00f6n\u00fcnde a\u00e7\u0131p kontrol ediniz. E\u011fer \u00fcr\u00fcnde herhangi bir zarar oldu\u011funu d\u00fc\u015f\u00fcn\u00fcyorsan\u0131z kargo firmas\u0131na tutanak tutturularak \u00fcr\u00fcn\u00fc teslim almay\u0131n\u0131z.<\/p><p>\u00dcr\u00fcn teslim al\u0131nd\u0131ktan sonra kargo firmas\u0131n\u0131n g\u00f6revini tam olarak yerine getirdi\u011fi kabul edilmektedir.<\/p><p>\u00dcr\u00fcn hasarl\u0131 ise: Haz\u0131rlam\u0131\u015f oldu\u011funuz tutana\u011f\u0131 en k\u0131sa zamanda info@globaluniview.com mail adresine bildiriniz.<\/p><p>Bu i\u015flemleri ger\u00e7ekle\u015ftirdi\u011finiz takdirde paketinizle ilgili \u00e7al\u0131\u015fmalara ba\u015flayarak, en k\u0131sa zamanda teslimat\u0131n tekrarlanmas\u0131n\u0131 sa\u011flayaca\u011f\u0131z.<\/p><p>Bu e-posta i\u00e7inde \u00fcr\u00fcn\u00fc neden iade etmek istedi\u011finizi k\u0131saca a\u00e7\u0131klarsan\u0131z \u00fcr\u00fcn ile ilgili \u00e7al\u0131\u015fmalar\u0131m\u0131zda bize yard\u0131mc\u0131 olmu\u015f olursunuz.<\/p>\t\t\t\t\t\t\t\t<\/div>\n\t\t\t\t<\/div>\n\t\t\t\t\t<\/div>\n\t\t<\/div>\n\t\t\t\t\t<\/div>\n\t\t<\/section>\n\t\t\t\t<\/div>\n\t\t","protected":false},"excerpt":{"rendered":"<p>\u00d6deme ve Teslimat \u00a0 1) Banka Havalesi veya EFT (Elektronik Fon Transferi) yaparak KUVEYT T\u00dcRK BANKASI TR920020500009568753000001\u00a0 nolu hesab\u0131m\u0131za (TL) yapabilirsiniz 2) Sitemiz \u00fczerinden kredi kartlar\u0131n\u0131z ile Her t\u00fcrl\u00fc kredi kart\u0131n\u0131za online tek \u00f6deme yapabilirsiniz. Online \u00f6demelerinizde sipari\u015finiz sonunda kredi kart\u0131n\u0131zdan tutar \u00e7ekim i\u015flemi ger\u00e7ekle\u015fecektir. Muhtemel sipari\u015f iptali veya stok sorunlar\u0131 nedeniyle sipari\u015f iptallerinde kredi [&hellip;]<\/p>\n","protected":false},"author":1,"featured_media":0,"parent":0,"menu_order":0,"comment_status":"closed","ping_status":"closed","template":"elementor_header_footer","meta":{"site-sidebar-layout":"default","site-content-layout":"","ast-site-content-layout":"default","site-content-style":"default","site-sidebar-style":"default","ast-global-header-display":"","ast-banner-title-visibility":"","ast-main-header-display":"","ast-hfb-above-header-display":"","ast-hfb-below-header-display":"","ast-hfb-mobile-header-display":"","site-post-title":"","ast-breadcrumbs-content":"","ast-featured-img":"","footer-sml-layout":"","ast-disable-related-posts":"","theme-transparent-header-meta":"","adv-header-id-meta":"","stick-header-meta":"","header-above-stick-meta":"","header-main-stick-meta":"","header-below-stick-meta":"","astra-migrate-meta-layouts":"set","ast-page-background-enabled":"default","ast-page-background-meta":{"desktop":{"background-color":"var(--ast-global-color-4)","background-image":"","background-repeat":"repeat","background-position":"center center","background-size":"auto","background-attachment":"scroll","background-type":"","background-media":"","overlay-type":"","overlay-color":"","overlay-opacity":"","overlay-gradient":""},"tablet":{"background-color":"","background-image":"","background-repeat":"repeat","background-position":"center center","background-size":"auto","background-attachment":"scroll","background-type":"","background-media":"","overlay-type":"","overlay-color":"","overlay-opacity":"","overlay-gradient":""},"mobile":{"background-color":"","background-image":"","background-repeat":"repeat","background-position":"center center","background-size":"auto","background-attachment":"scroll","background-type":"","background-media":"","overlay-type":"","overlay-color":"","overlay-opacity":"","overlay-gradient":""}},"ast-content-background-meta":{"desktop":{"background-color":"var(--ast-global-color-5)","background-image":"","background-repeat":"repeat","background-position":"center center","background-size":"auto","background-attachment":"scroll","background-type":"","background-media":"","overlay-type":"","overlay-color":"","overlay-opacity":"","overlay-gradient":""},"tablet":{"background-color":"var(--ast-global-color-5)","background-image":"","background-repeat":"repeat","background-position":"center center","background-size":"auto","background-attachment":"scroll","background-type":"","background-media":"","overlay-type":"","overlay-color":"","overlay-opacity":"","overlay-gradient":""},"mobile":{"background-color":"var(--ast-global-color-5)","background-image":"","background-repeat":"repeat","background-position":"center center","background-size":"auto","background-attachment":"scroll","background-type":"","background-media":"","overlay-type":"","overlay-color":"","overlay-opacity":"","overlay-gradient":""}},"_joinchat":[],"footnotes":""},"class_list":["post-1157","page","type-page","status-publish","hentry"],"_links":{"self":[{"href":"https:\/\/globaluniview.com\/index.php\/wp-json\/wp\/v2\/pages\/1157","targetHints":{"allow":["GET"]}}],"collection":[{"href":"https:\/\/globaluniview.com\/index.php\/wp-json\/wp\/v2\/pages"}],"about":[{"href":"https:\/\/globaluniview.com\/index.php\/wp-json\/wp\/v2\/types\/page"}],"author":[{"embeddable":true,"href":"https:\/\/globaluniview.com\/index.php\/wp-json\/wp\/v2\/users\/1"}],"replies":[{"embeddable":true,"href":"https:\/\/globaluniview.com\/index.php\/wp-json\/wp\/v2\/comments?post=1157"}],"version-history":[{"count":10,"href":"https:\/\/globaluniview.com\/index.php\/wp-json\/wp\/v2\/pages\/1157\/revisions"}],"predecessor-version":[{"id":1167,"href":"https:\/\/globaluniview.com\/index.php\/wp-json\/wp\/v2\/pages\/1157\/revisions\/1167"}],"wp:attachment":[{"href":"https:\/\/globaluniview.com\/index.php\/wp-json\/wp\/v2\/media?parent=1157"}],"curies":[{"name":"wp","href":"https:\/\/api.w.org\/{rel}","templated":true}]}}