{"id":1262,"date":"2023-11-06T13:11:31","date_gmt":"2023-11-06T13:11:31","guid":{"rendered":"https:\/\/globaluniview.com\/?page_id=1262"},"modified":"2024-11-09T16:17:48","modified_gmt":"2024-11-09T13:17:48","slug":"sanliurfa-guvenlik-kamerasi-ve-alarm-sistemleri","status":"publish","type":"page","link":"https:\/\/globaluniview.com\/index.php\/sanliurfa-guvenlik-kamerasi-ve-alarm-sistemleri\/","title":{"rendered":"\u015eanl\u0131urfa G\u00fcvenlik Kameras\u0131 ve Alarm Sistemleri"},"content":{"rendered":"\t\t<div data-elementor-type=\"wp-page\" data-elementor-id=\"1262\" class=\"elementor elementor-1262\">\n\t\t\t\t\t\t<section class=\"elementor-section elementor-top-section elementor-element elementor-element-68bc670 elementor-section-boxed elementor-section-height-default elementor-section-height-default\" data-id=\"68bc670\" data-element_type=\"section\" data-e-type=\"section\">\n\t\t\t\t\t\t<div class=\"elementor-container elementor-column-gap-default\">\n\t\t\t\t\t<div class=\"elementor-column elementor-col-100 elementor-top-column elementor-element elementor-element-5b6a73a\" data-id=\"5b6a73a\" data-element_type=\"column\" data-e-type=\"column\">\n\t\t\t<div class=\"elementor-widget-wrap elementor-element-populated\">\n\t\t\t\t\t\t\t<\/div>\n\t\t<\/div>\n\t\t\t\t\t<\/div>\n\t\t<\/section>\n\t\t\t\t<section class=\"elementor-section elementor-top-section elementor-element elementor-element-7a24450 elementor-section-boxed elementor-section-height-default elementor-section-height-default\" data-id=\"7a24450\" data-element_type=\"section\" data-e-type=\"section\">\n\t\t\t\t\t\t<div class=\"elementor-container elementor-column-gap-default\">\n\t\t\t\t\t<div class=\"elementor-column elementor-col-100 elementor-top-column elementor-element elementor-element-36154aca\" data-id=\"36154aca\" data-element_type=\"column\" data-e-type=\"column\">\n\t\t\t<div class=\"elementor-widget-wrap elementor-element-populated\">\n\t\t\t\t\t\t<div class=\"elementor-element elementor-element-3a32add1 elementor-widget elementor-widget-text-editor\" data-id=\"3a32add1\" data-element_type=\"widget\" data-e-type=\"widget\" data-widget_type=\"text-editor.default\">\n\t\t\t\t<div class=\"elementor-widget-container\">\n\t\t\t\t\t\t\t\t\t<div><h1>\u015eanl\u0131urfa G\u00fcvenlik Kameras\u0131 ve Alarm Sistemleri<\/h1><\/div><div><div><div><div tabindex=\"0\" title=\"Advertisement\" aria-label=\"Advertisement\"><img fetchpriority=\"high\" decoding=\"async\" src=\"https:\/\/globaluniview.com\/wp-content\/uploads\/2023\/11\/tasarim-yeni-berat-212x300.jpeg\" alt=\"\" width=\"212\" height=\"300\" \/><\/div><\/div><p>G\u00fcvenlik ama\u00e7l\u0131 Kapal\u0131 sistem kamera devreleriyle (CCTV) geni\u015f bir \u00e7\u00f6z\u00fcm hizmet alan\u0131na sahibiz. Her firman\u0131n ve m\u00fc\u015fterimizin \u00a0riskli alanlar\u0131n\u0131n \u00a0analizini titizlikle analiz edip, o kurumun ve m\u00fc\u015fterimizin ger\u00e7ek ihtiya\u00e7lar\u0131na ve \u00a0taleplerine en uygun\u00a0<strong>\u201cSa\u011flam ve Y\u00fcksek Korumal\u0131 G\u00fcvenlik Teknolojileri\u201d\u00a0 ile\u00a0<\/strong>\u00e7\u00f6z\u00fcmler \u00a0sunuyoruz.<\/p><p>Kamera sistemlerinde \u00a0kurulumdan sonrada \u00a0bak\u0131m anla\u015fmas\u0131 yaparak , G\u00fcvenlik kamera sistemlerinin\u00a0 d\u00fczenli olarak \u00e7al\u0131\u015f\u0131r olup olmad\u0131\u011f\u0131n\u0131 takip ederek kurumlar\u0131n g\u00fcvenlik i\u015finden ziyade ana i\u015f kollar\u0131na fokuslanmas\u0131n\u0131 sa\u011fl\u0131yoruz. Bu sayede kamera sistemi kay\u0131tlar\u0131na ihtiya\u00e7 olunan bir durumda bozulmu\u015f bir kay\u0131t cihazlar\u0131 \u00a0veya bulan\u0131k g\u00f6r\u00fcnt\u00fc veren bir kamera sistemi \u00a0ile kar\u015f\u0131 kar\u015f\u0131ya kal\u0131nmamas\u0131n\u0131 sa\u011fl\u0131yoruz.<\/p><p><strong>\u015eanl\u0131urfa Berat Teknoloji \u2013 \u00a0G\u00fcvenlik Kamera sistemleri<\/strong>\u00a0ile \u00a0Kurumsal ise birbirinden \u00e7ok uzak \u015fehirlerde \u015fubesi bulunan i\u015fletmeler i\u00e7in ideal bir \u00e7\u00f6z\u00fcmd\u00fcr. Bu sistem sayesinde \u00e7al\u0131\u015fanlar\u0131n\u0131z\u0131n i\u015fe giri\u015f \u00e7\u0131k\u0131\u015f saatlerini mobilden ve ak\u0131ll\u0131 video analizleri ilede verimlili\u011fini denetleme imkan\u0131 sahip olacaks\u0131n\u0131z.\u00a0<strong>\u015eanl\u0131urfa Berat Teknoloji \u2013 \u00a0G\u00fcvenlik \u00a0Kamera<\/strong>\u00a0sistemlerinin kurmu\u015f oldu\u011fu sistemi \u00a0izlemek i\u00e7in size tek gereken \u015fey ise sadece bir internet ba\u011flant\u0131s\u0131d\u0131r.<\/p><p><strong>\u015eanl\u0131urfa Berat Teknoloji \u2013 \u00a0g\u00fcvenlik<\/strong>\u00a0kamera sistemleri kurulumu yap\u0131lan kameralar\u0131n g\u00f6r\u00fcnt\u00fcleri, kurulduklar\u0131 alandaki bir kay\u0131t cihaz\u0131na kay\u0131t eder ve size \u00a0internet \u00fczerinden \u00a0isterseniz merkezi bir sunucu \u00a0veya bilgisayar \u00a0\u00fczerinede kay\u0131t\u00a0 edebilirsiniz. Bu teknoloji ile olas\u0131 bir h\u0131rs\u0131zl\u0131k veya yang\u0131n durumunda kay\u0131tlar\u0131n kaybolmas\u0131n\u0131n \u00f6n\u00fcne ge\u00e7mi\u015f olursunuz. Kurumda farkl\u0131 yetkilerdeki ki\u015filer, kendilerine \u00f6zel kullan\u0131c\u0131 ad\u0131 ve \u015fifreleri ile G\u00fcvenlik Kamera \u00a0sistemine ba\u011flanarak g\u00f6r\u00fcnt\u00fcleri diledikleri zaman bilgisayarlar\u0131 ya da mobil cihazlar\u0131 arac\u0131l\u0131\u011f\u0131yla kolayl\u0131kla izleyebilirler. Web sitesi \u00fczerinde kaydedilen g\u00f6r\u00fcnt\u00fcleri kay\u0131t tarihine g\u00f6re listeleyebilir veya kay\u0131t saati ya da g\u00fcn\u00fcne g\u00f6re arama yap\u0131labilirler. Dahas\u0131 dilerlerse kaydedilen bu g\u00f6r\u00fcnt\u00fcleri video klipler halinde bilgisayarlar\u0131na ya da\u00a0 usb belle\u011fe veya harici harddiskede \u00a0kopyalayabilirler.\u00a0<strong>\u015eanl\u0131urfa Berat Teknoloji \u2013 \u00a0G\u00fcvenlik Kamera \u00a0sisteminde kullan\u0131lan kameralar ile ak\u0131ll\u0131 video <\/strong>analizleri (sanal s\u0131n\u0131r,yasak b\u00f6lge,b\u00f6lge giri\u015f,b\u00f6lge \u00e7\u0131k\u0131\u015f,kay\u0131p nesne yabanc\u0131 nesne,ko\u015fma analizi)hareketi alg\u0131lay\u0131p kayda ba\u015flad\u0131\u011f\u0131 anda, kurum yetkililerine otomatik olarak g\u00f6nderilen e-posta mesajlar\u0131yla bilgi verilir. Kurumdaki yetkili dilerse sisteme ba\u011flanarak g\u00f6r\u00fcnt\u00fcleri canl\u0131 olarak da takip ve zoom yapabilirler ; cep telefonu ya da bilgisayar\u0131 arac\u0131l\u0131\u011f\u0131yla bu g\u00f6r\u00fcnt\u00fclere her yerden ula\u015fabilirler.<\/p><p><strong>\u015eanl\u0131urfa Berat Teknoloji \u2013 \u00a0G\u00fcvenlik ve Kamera Sistemleri<\/strong><\/p><p><strong>KAMERALAR<\/strong><\/p><p>G\u00fcvenlik Kameralar\u0131 kullan\u0131m amac\u0131 \u00e7e\u015fitli nedenlerle g\u00f6r\u00fclmesi istenilen bir b\u00f6lgenin g\u00f6r\u00fcnt\u00fcs\u00fcn\u00fc video sinyaline \u00e7evrilerek direk veya endirekt olarak monit\u00f6re aktarmakt\u0131r.<\/p><p>Kameralar besleme gerilimi bak\u0131m\u0131ndan 220V. Veya 12\/24V olarak ayr\u0131l\u0131rlar. Renkli veya S\u0130YAH-BEYAZ modelleri vard\u0131r. Hareketli\/sabit \u2013 Board\/Metal kasa t\u00fcrleri iste\u011fe ba\u011fl\u0131 kullan\u0131labilir. Hareketli kameralara speed Dome kamera denilir. Ayr\u0131ca sabit mini dome kameras\u0131 \u00e7e\u015fitleri de vard\u0131r. Pan veya pan-tilt motor kullan\u0131larak sabit kameraya hareket verilebilir. Her iki \u00fcr\u00fcn\u00fcn dahili ve harici ortamlarda kullan\u0131lan modelleri vard\u0131r. E\u011fer uyumlu ise Multiplexer gibi cihazlarla kontrol etmek m\u00fcmk\u00fcnd\u00fcr.<\/p><p><strong>BOX KAMERALAR<\/strong><\/p><p>G\u00f6zlenmek istenen alan\u0131n a\u00e7\u0131, ayd\u0131nlatma seviyesine g\u00f6re Renkli ya da Day\/Night \u00f6zellikte tercih edilebilen, CS lens tipi deste\u011fi ve de\u011fi\u015fik \u00e7\u00f6z\u00fcn\u00fcrl\u00fckleriyle \u00f6zellikle denetim ama\u00e7l\u0131 kullan\u0131mlarda en \u00e7ok tercih edilen kameralar olma \u00f6zelliklerini devam ettiriyor.<\/p><ul><li>1\/3\u201d Progressive Scan CMOS Sens\u00f6r<\/li><li>3MP QXGA G\u00f6r\u00fcnt\u00fcleme (2048\u00d71536 @30fps)<\/li><li>3-10.5mm P-Iris Lens<\/li><li>True Day&amp;Night (Mekanik IR Cut Filtre)<\/li><li>Dual Streaming (H.264, MPEG4, MJPEG)<\/li><li>1 Alarm Giri\u015f, 1 Alarm \u00c7\u0131k\u0131\u015f \/ RS-485 deste\u011fi<\/li><li>1 Kanal Ses Giri\u015f\/ 1 Kanal Ses \u00c7\u0131k\u0131\u015f<\/li><li>HDR, AWB, AES, 2D\/3DNR, Parlakl\u0131k Kontrol\u00fc<\/li><li>ROI, Lens D\u00fczeltme, Edge Enhancement<\/li><li>Hareket ve Sabotaj Alg\u0131lama, Gizli Maskeleme<\/li><li>BNC Konnekt\u00f6r ile Analog video \u00e7\u0131k\u0131\u015f\u0131<\/li><li>Micro SD\/SDHC Kart, ONVIF<\/li><li>DC 12V \/ PoE(802.3af)<\/li><\/ul><p><strong>DOME KAMERALAR<\/strong><\/p><p>Ad\u0131n\u0131 kubbe yap\u0131s\u0131na benzerli\u011finden alan Dome kameralar de\u011fi\u015fik a\u00e7\u0131 ve \u00f6zelliklerde standart, y\u00fcksek \u00e7\u00f6z\u00fcn\u00fcrl\u00fck, gece g\u00f6r\u00fc\u015fl\u00fc,su ge\u00e7irmez ve darbeye dayan\u0131kl\u0131 zengin \u00e7e\u015fitlili\u011fe sahip estetik ve dikkat \u00e7ekmeyen yap\u0131lar\u0131ndan dolay\u0131 d\u00fcnyada en \u00e7ok \u00fcretilen kamera tipleri olarak bilinir.<\/p><ul><li>1\/4\u2033 DIS G\u00f6r\u00fcnt\u00fc Sens\u00f6r\u00fc<\/li><li>1080P(fullHD) \u00c7\u00f6z\u00fcn\u00fcrl\u00fck<\/li><li>6 mm Megapiksel Sabit Lens<\/li><li>True Day&amp;Night (Mekanik IR Cut Filtre)<\/li><li>20m Gece G\u00f6r\u00fc\u015f Mesafesi<\/li><li>AWB (Otomatik Beyaz Dengesi)<\/li><li>BLC (Arka I\u015f\u0131k Bast\u0131rma), AGC (Otomatik Kazan\u00e7 Kontrol\u00fc)<\/li><li>-20 ~ +50 \u00b0C Aral\u0131\u011f\u0131nda \u00c7al\u0131\u015fabilme<\/li><li>DC 12V\u00a0Besleme<\/li><\/ul><p><strong>G\u0130ZL\u0130 KAMERALAR<\/strong><\/p><p>Toplu i\u011fne ba\u015fl\u0131\u011f\u0131 b\u00fcy\u00fckl\u00fc\u011f\u00fcnde lens yap\u0131s\u0131 ve k\u00fc\u00e7\u00fck ebatlar\u0131 ile farkl\u0131 bir \u00fcr\u00fcn grubu olan Pinhole kameralar, Smoke ve, PIR dedekt\u00f6r g\u00f6r\u00fcn\u00fcmleri ile de \u00f6zellikle dikkat \u00e7ekmesini istemedi\u011finiz uygulamalar i\u00e7in ideal \u00e7\u00f6z\u00fcmlerdir.<\/p><ul><li>Duman Dedekt\u00f6r\u00fc G\u00f6r\u00fcn\u00fcml\u00fc Pinhole Lensli Kamera<\/li><li>1\/3\u2033 DIS(Dijital \u0130maj Sens\u00f6r\u00fc) ve DSP(Dijital Sinyal \u0130\u015flemcisi)<\/li><li>2 mp\u00a0 \u00e7\u00f6z\u00fcn\u00fcrl\u00fck<\/li><li>7mm Pinhole Lens<\/li><li>RCA ses (Dahili Mikrofon)<\/li><li>Kompozit Video \u00c7\u0131k\u0131\u015f<\/li><li>K\u0131sa Devre ve Ters Voltaj Koruma Devresi<\/li><li>-20 ~ +50 \u00b0C Aral\u0131\u011f\u0131nda \u00c7al\u0131\u015fabilme<\/li><li>DC 12V Besleme<\/li><\/ul><p><strong>GECE G\u00d6R\u00dc\u015eL\u00dc IR KAMERALAR<\/strong><\/p><p>Day\/Night kameralar ile insan g\u00f6z\u00fcn\u00fcn g\u00f6remedi\u011fi k\u0131z\u0131l \u00f6tesi infrared ledli spotlar\u0131n b\u00fct\u00fcnle\u015fik sunuldu\u011fu IR kameralar ayd\u0131nlatman\u0131n yetersiz oldu\u011fu veya ayd\u0131nlatma uygulanamayacak alanlarda i\u00e7 ve d\u0131\u015f ortamlarda gece g\u00f6r\u00fc\u015f\u00fc sa\u011flamak amac\u0131 ile de\u011fi\u015fik tip ve standartlarda tasarlanm\u0131\u015ft\u0131r.<\/p><ul><li>1\/3\u2033 Sony Exmor G\u00f6r\u00fcnt\u00fc Sens\u00f6r\u00fc<\/li><li>3 Megapiksel(960P) \u00c7\u00f6z\u00fcn\u00fcrl\u00fck<\/li><li>8-12 mm 2 Megapiksel Varifocal Lens<\/li><li>True Day&amp;Night (Mekanik IR Cut Filtre)<\/li><li>40m Gece G\u00f6r\u00fc\u015f Mesafesi<\/li><li>BLC (Arka I\u015f\u0131k Dengeleme), HSBLC (Spot I\u015f\u0131\u011f\u0131 Maskeleme)<\/li><li>AGC (Otomatik Kazan\u00e7 Kontrol\u00fc), AWB (Otomatik Beyaz Dengesi)<\/li><li>Defog (Sis Giderme), D-WDR (Dijital WDR), 2D\/3DNR (G\u00fcr\u00fclt\u00fc Bast\u0131rma)<\/li><li>AES (Otomatik Elektronik Shutter), Mirror (Aynalama), Flip (D\u00f6nd\u00fcrme)<\/li><li>Freeze (Donma), Negative Image (Negatif G\u00f6r\u00fcnt\u00fc)<\/li><li>Gizli Maskeleme ve Hareket Alg\u0131lama<\/li><li>Full OSD Men\u00fc<\/li><li>K\u0131sa Devre ve Ters Voltaj Koruma Devresi (N Serisi)<\/li><li>K\u00f6t\u00fc Hava Ko\u015fullar\u0131na Kar\u015f\u0131 IP66 Koruma Standart\u0131<\/li><li>-20 ~ +50 \u00b0C Aral\u0131\u011f\u0131nda \u00c7al\u0131\u015fabilme<\/li><li>DC 12V Besleme<\/li><\/ul><p><strong>SPEED DOME KAMERALAR<\/strong><\/p><p>Sizi g\u00fcvenlik ve denetim seviyesinin y\u00fcksek \u00f6nem ta\u015f\u0131d\u0131\u011f\u0131 uygulamalarda kimlik, plaka tespiti ve daha detayl\u0131 g\u00f6r\u00fcnt\u00fc yakalamak i\u00e7in tasarlanm\u0131\u015f hareket ve zoom \u00f6zelliklerine sahip y\u00fcksek \u00e7\u00f6z\u00fcn\u00fcrl\u00fckl\u00fc bu ak\u0131ll\u0131 kameralar\u0131n yeteneklerinden yararlanmaya davet ediyoruz.<img decoding=\"async\" src=\"https:\/\/sentry.com.tr\/wp-content\/uploads\/2022\/05\/guvenlik-kamera-sistemleri.jpg\" alt=\"Kamera G\u00fcvenlik Sistemi - Sentry G\u00fcvenlik\" \/><\/p><ul><li>1\/4\u201d SONY CCD G\u00f6r\u00fcnt\u00fc Sens\u00f6r\u00fc<\/li><li>D1 G\u00f6r\u00fcnt\u00fcleme (720\u00d7480 @30fps)<\/li><li>4 \u2013 122.4 mm Otomatik Fokus Lens<\/li><li>36x Optik Zoom, 12x Dijital Zoom<\/li><li>Dual Streaming (H.264, MPEG4, MJPEG)<\/li><li>4 Alarm Giri\u015f, 2 Alarm \u00c7\u0131k\u0131\u015f<\/li><li>1 Kanal Ses Giri\u015f\/ 1 Kanal Ses \u00c7\u0131k\u0131\u015f<\/li><li>WDR, AWB, AES, AGC, BLC<\/li><li>3D NR, ROI (Region of Interest)<\/li><li>Hareket Alg\u0131lama, Otomatik Takip(Opsiyonel)<\/li><li>Pan \/ Tilt \u00d6zelli\u011fi, Otomatik Preset Tarama<\/li><li>IP66 Koruma Weatherproof, Vandalproof Koruma<\/li><li>Micro SD Kart, ONVIF<\/li><li>AC 24V \/ PoE(802.3at)<\/li><\/ul><p><strong>Lensler<\/strong><\/p><p>Lens denilince akla g\u00f6z gelebilir. G\u00fcvenlik Kameras\u0131 ile g\u00f6rmek istedi\u011fimiz b\u00f6lgenin a\u00e7\u0131s\u0131na, dahili\/harici ortama, montaj yap\u0131lacak yere ve m\u00fc\u015fteri iste\u011fine g\u00f6re de\u011fi\u015febilir. LENSLE YAPILACAK G\u00d6R\u00dcNT\u00dc AYARLARI (E\u011fer kullan\u0131lan lenste ilgili \u00f6zellikler varsa)<\/p><p><strong>Switcher<\/strong><\/p><p>Kelime anlam\u0131 olarak se\u00e7ici\/de\u011fi\u015ftirici denilebilir. Birden fazla kameray\u0131 manuel veya otomatik olarak ekranda g\u00f6rmemizi sa\u011flar. Renk ay\u0131r\u0131m\u0131 yoktur. Sesli modelleri de vard\u0131r. Ancak kameralardan gelen ses kalitesine ba\u011fl\u0131 olarak (\u00f6zellikle sesin yo\u011fun oldu\u011fu b\u00f6lgelerde) sesli model switcher ses bak\u0131m\u0131ndan istenileni verememektedir. Kapal\u0131 Devre g\u00fcvenlik kameralar\u0131 ve sisteminde sesleri bir arada toplayan tek ekipmand\u0131r.G\u00fcvenlik Kameralar\u0131 giri\u015f bak\u0131m\u0131ndan 4-6-8-12 li olabilir, her kamera giri\u015fi i\u00e7in 3 kademeli anahtar bulunur.<\/p><p><strong>Quad<\/strong><\/p><p>Kelime anlam\u0131 olarak ayn\u0131 ekranda 4 kameray\u0131 seyretmek denilebilir. Ayn\u0131 anda 4 kameray\u0131 veya 4+4 \u015feklinde bir monit\u00f6rden seyredebiliriz. Video kay\u0131t cihaz\u0131 ba\u011flanarak kay\u0131t yap\u0131labilir ancak, kay\u0131t ne \u015fekilde al\u0131nm\u0131\u015fsa g\u00f6sterim de ayn\u0131 olacakt\u0131r. Ancak kaydedici \u00e7\u0131k\u0131\u015f\u0131 Quad g\u00f6r\u00fcnt\u00fcl\u00fc ise kullan\u0131mdan ba\u011f\u0131ms\u0131z Quad kayd\u0131 yap\u0131labilir, ama playback olarak g\u00f6r\u00fcnt\u00fcye m\u00fcdahale \u015fans\u0131 yoktur.<\/p><p><strong>\u015eanl\u0131urfa Berat Teknoloji \u2013 \u00a0G\u00fcvenlik ve Kamera Sistemleri<\/strong><\/p><h2 style=\"margin-bottom: 10px; vertical-align: bottom; font-size: 22px; font-family: montserrat, sans-serif; color: #0200b2; font-style: normal;\"><a href=\"https:\/\/globaluniview.com\">\u015eanl\u0131urfa Kamera G\u00fcvenlik Sistemleri<\/a><\/h2><p style=\"margin-bottom: 0px; vertical-align: bottom; color: #6f6f6f; font-family: montserrat, sans-serif; font-size: 14px; font-style: normal; font-weight: 400;\">\u015eanl\u0131urfa Kamera Sistemleri, H\u0131rs\u0131z Alarm Sistemleri, Yang\u0131n Alarm Sistemleri, Bariyer Kap\u0131, Ak\u0131ll\u0131 Ev Sistemleri, Personel Takip Sistemleri, Bek\u00e7i Tur Kontrol Sistemleri, Yang\u0131n Alarm, \u0130hbar ve Alg\u0131lama Sistemleri, Web Site Tasar\u0131m\u0131, Erken Uyar\u0131 Sistemleri, Yaz\u0131l\u0131m, Elektronik \u00dcr\u00fcn G\u00f6zetleme Sistemleri, Programlama, Ge\u00e7i\u015f Kontrol Sistemleri, Kablolama, Turnike, Ara\u00e7 G\u00fcvenlik Sistemleri, Kartl\u0131 Ge\u00e7i\u015f Sistemi, Plaka Tan\u0131ma Sistemleri, G\u00fcvenlik Sistemleri Dan\u0131\u015fmanl\u0131\u011f\u0131, Otomasyon, \u00dccretsiz Ke\u015fif, Projelendirme, Kurulum, Bak\u0131m ve Onar\u0131m Konular\u0131nda Berat Teknoloji olarak alanlar\u0131nda profesyonel ekibimiz ile Hizmetler Sunuyoruz. 20 y\u0131ldan fazla s\u00fcredir Berat Teknoloji markam\u0131zla h\u0131zla de\u011fi\u015fen ve geli\u015fen teknolojilere hemen adapte oluyor, son teknoloji sistemlerimizle m\u00fc\u015fterilerimize en do\u011fru ve kaliteli hizmeti veriyoruz.<\/p><div style=\"outline: 0px; margin: 0px; padding: 0px; vertical-align: bottom; color: #2e2e2e; font-family: montserrat, sans-serif; font-size: 14px; text-align: -webkit-center;\"><div style=\"outline: 0px; margin: 0px; padding: 0px; vertical-align: bottom;\"><div style=\"outline: 0px; margin: 0px; padding: 0px; vertical-align: bottom;\"><div style=\"outline: 0px; margin: 0px; padding: 0px; vertical-align: bottom;\"><div style=\"outline: 0px; margin: 0px; padding: 0px; vertical-align: bottom;\"><div style=\"outline: 0px; margin: 0px; padding: 0px; vertical-align: bottom;\"><p style=\"margin-bottom: 0px; vertical-align: bottom;\">G\u00fcvenli\u011finiz i\u00e7in t\u00fcm i\u00e7 ve d\u0131\u015f ortamlarda kullan\u0131lmak \u00fczere geli\u015ftirilmi\u015f\u00a0<a style=\"outline: 0px; margin: 0px; padding: 0px; vertical-align: bottom; color: #0200b2;\" href=\"https:\/\/globaluniview.com\"><strong style=\"outline: 0px; margin: 0px; padding: 0px; vertical-align: bottom;\">\u015eanl\u0131urfa G\u00fcvenlik Kamera sistemleri\u00a0<\/strong><\/a>kuruldu\u011fu alanda<\/p><p style=\"margin-bottom: 0px; vertical-align: bottom;\">sahip oldu\u011fu a\u00e7\u0131ya g\u00f6re etraf\u0131 izler ve otomatik kaydetme \u00f6zelli\u011fi ile gece ve g\u00fcnd\u00fcz fark etmeksizin<\/p><p style=\"margin-bottom: 0px; vertical-align: bottom;\">7\/24 kaydedilen g\u00f6r\u00fcnt\u00fcn\u00fcn her saniyesinin tekrar izlenmesini sa\u011flar.<\/p><p style=\"margin-bottom: 0px; vertical-align: bottom;\">Hareket alg\u0131lama \u00f6zelli\u011fi ile sadece hareket alg\u0131lad\u0131\u011f\u0131nda kay\u0131t yap\u0131lmas\u0131 sa\u011flanarak mevcut haf\u0131zadan tasarruf edilir.<\/p><p style=\"margin-bottom: 0px; vertical-align: bottom;\">\u00a0<\/p><\/div><\/div><\/div><\/div><\/div><\/div><div style=\"outline: 0px; margin: 0px; padding: 0px; vertical-align: bottom; color: #2e2e2e; font-family: montserrat, sans-serif; font-size: 14px; text-align: -webkit-center;\"><div style=\"outline: 0px; margin: 0px; padding: 0px; vertical-align: bottom;\"><div style=\"outline: 0px; margin: 0px; padding: 0px; vertical-align: bottom;\"><div style=\"outline: 0px; margin: 0px; padding: 0px; vertical-align: bottom;\"><div style=\"outline: 0px; margin: 0px; padding: 0px; vertical-align: bottom;\"><div style=\"outline: 0px; margin: 0px; padding: 0px; vertical-align: bottom;\"><p style=\"margin-bottom: 0px; vertical-align: bottom;\">Tercihinize g\u00f6re evinizde veya i\u015f yerinizde kullanabilece\u011finiz\u00a0<a style=\"outline: 0px; margin: 0px; padding: 0px; vertical-align: bottom; color: #0200b2;\" href=\"https:\/\/globaluniview.com\"><strong style=\"outline: 0px; margin: 0px; padding: 0px; vertical-align: bottom;\">kamera sisteminizin<\/strong><\/a>\u00a0montaj\u0131n\u0131n yap\u0131laca\u011f\u0131 lokasyonda,<\/p><p style=\"margin-bottom: 0px; vertical-align: bottom;\">internet hatt\u0131 sa\u011flayan bir modem bulunmas\u0131 halinde kameran\u0131z\u0131, cep telefonunuz \u00fczerinden uzaktan da izleyebilirsiniz.<\/p><p style=\"margin-bottom: 0px; vertical-align: bottom;\">Kullan\u0131c\u0131 ad\u0131 ve \u015fifreniz ile sisteme istedi\u011finiz kadar farkl\u0131 telefondan ba\u011flanarak izleme yapabilirsiniz.<\/p><p style=\"margin-bottom: 0px; vertical-align: bottom;\">G\u00fcvenli\u011fi sa\u011flad\u0131\u011f\u0131n\u0131z i\u00e7 ve d\u0131\u015f ortamlarda ya\u015fanabilecek herhangi bir olumsuzluk durumunda 7\/24 kay\u0131t alt\u0131na al\u0131nan<\/p><p style=\"margin-bottom: 0px; vertical-align: bottom;\">her g\u00f6r\u00fcnt\u00fc tekrar izlenebilir \u015fekilde kolluk kuvvetleri ile payla\u015f\u0131labilir.<\/p><p style=\"margin-bottom: 0px; vertical-align: bottom;\">\u00a0<\/p><\/div><\/div><\/div><\/div><\/div><\/div><p style=\"margin-bottom: 0px; vertical-align: bottom; color: #2e2e2e; font-family: montserrat, sans-serif; font-size: 14px; font-style: normal; font-weight: 400; text-align: -webkit-center;\">Apartman, bina, site, ba\u011f, bah\u00e7e veya tesislerin \u00e7evresinin giri\u015f ve \u00e7\u0131k\u0131\u015f noktalar\u0131n\u0131n izlenmesi, b\u00fcro, fabrika,<\/p><p style=\"margin-bottom: 0px; vertical-align: bottom; color: #2e2e2e; font-family: montserrat, sans-serif; font-size: 14px; font-style: normal; font-weight: 400; text-align: -webkit-center;\">tesis \u00e7evresi, depo, y\u00fckleme b\u00f6lgeleri, otopark ve garajlar, ma\u011faza, i\u015f yeri giri\u015fi gibi<\/p><p style=\"margin-bottom: 0px; vertical-align: bottom; color: #2e2e2e; font-family: montserrat, sans-serif; font-size: 14px; font-style: normal; font-weight: 400; text-align: -webkit-center;\">akl\u0131n\u0131za gelebilecek bir\u00e7ok alan\u0131n izlenmesi ve kaydedilmesi i\u00e7in kullan\u0131ma uygundur.<img decoding=\"async\" src=\"https:\/\/www.notaelektronik.com\/wp-content\/uploads\/2021\/06\/kamera-montaji.jpg\" alt=\"G\u00fcvenlik Kamera Sistemleri - Nota Elektronik Ses ve G\u00f6r\u00fcnt\u00fc Sistemleri\" \/><\/p><\/div><\/div>\t\t\t\t\t\t\t\t<\/div>\n\t\t\t\t<\/div>\n\t\t\t\t\t<\/div>\n\t\t<\/div>\n\t\t\t\t\t<\/div>\n\t\t<\/section>\n\t\t\t\t<\/div>\n\t\t","protected":false},"excerpt":{"rendered":"<p>\u015eanl\u0131urfa G\u00fcvenlik Kameras\u0131 ve Alarm Sistemleri G\u00fcvenlik ama\u00e7l\u0131 Kapal\u0131 sistem kamera devreleriyle (CCTV) geni\u015f bir \u00e7\u00f6z\u00fcm hizmet alan\u0131na sahibiz. Her firman\u0131n ve m\u00fc\u015fterimizin \u00a0riskli alanlar\u0131n\u0131n \u00a0analizini titizlikle analiz edip, o kurumun ve m\u00fc\u015fterimizin ger\u00e7ek ihtiya\u00e7lar\u0131na ve \u00a0taleplerine en uygun\u00a0\u201cSa\u011flam ve Y\u00fcksek Korumal\u0131 G\u00fcvenlik Teknolojileri\u201d\u00a0 ile\u00a0\u00e7\u00f6z\u00fcmler \u00a0sunuyoruz. Kamera sistemlerinde \u00a0kurulumdan sonrada \u00a0bak\u0131m anla\u015fmas\u0131 yaparak , G\u00fcvenlik [&hellip;]<\/p>\n","protected":false},"author":1,"featured_media":0,"parent":0,"menu_order":0,"comment_status":"closed","ping_status":"closed","template":"elementor_header_footer","meta":{"site-sidebar-layout":"default","site-content-layout":"","ast-site-content-layout":"default","site-content-style":"default","site-sidebar-style":"default","ast-global-header-display":"","ast-banner-title-visibility":"","ast-main-header-display":"","ast-hfb-above-header-display":"","ast-hfb-below-header-display":"","ast-hfb-mobile-header-display":"","site-post-title":"","ast-breadcrumbs-content":"","ast-featured-img":"","footer-sml-layout":"","ast-disable-related-posts":"","theme-transparent-header-meta":"","adv-header-id-meta":"","stick-header-meta":"","header-above-stick-meta":"","header-main-stick-meta":"","header-below-stick-meta":"","astra-migrate-meta-layouts":"set","ast-page-background-enabled":"default","ast-page-background-meta":{"desktop":{"background-color":"var(--ast-global-color-4)","background-image":"","background-repeat":"repeat","background-position":"center center","background-size":"auto","background-attachment":"scroll","background-type":"","background-media":"","overlay-type":"","overlay-color":"","overlay-opacity":"","overlay-gradient":""},"tablet":{"background-color":"","background-image":"","background-repeat":"repeat","background-position":"center center","background-size":"auto","background-attachment":"scroll","background-type":"","background-media":"","overlay-type":"","overlay-color":"","overlay-opacity":"","overlay-gradient":""},"mobile":{"background-color":"","background-image":"","background-repeat":"repeat","background-position":"center center","background-size":"auto","background-attachment":"scroll","background-type":"","background-media":"","overlay-type":"","overlay-color":"","overlay-opacity":"","overlay-gradient":""}},"ast-content-background-meta":{"desktop":{"background-color":"var(--ast-global-color-5)","background-image":"","background-repeat":"repeat","background-position":"center center","background-size":"auto","background-attachment":"scroll","background-type":"","background-media":"","overlay-type":"","overlay-color":"","overlay-opacity":"","overlay-gradient":""},"tablet":{"background-color":"var(--ast-global-color-5)","background-image":"","background-repeat":"repeat","background-position":"center center","background-size":"auto","background-attachment":"scroll","background-type":"","background-media":"","overlay-type":"","overlay-color":"","overlay-opacity":"","overlay-gradient":""},"mobile":{"background-color":"var(--ast-global-color-5)","background-image":"","background-repeat":"repeat","background-position":"center center","background-size":"auto","background-attachment":"scroll","background-type":"","background-media":"","overlay-type":"","overlay-color":"","overlay-opacity":"","overlay-gradient":""}},"_joinchat":[],"footnotes":""},"class_list":["post-1262","page","type-page","status-publish","hentry"],"_links":{"self":[{"href":"https:\/\/globaluniview.com\/index.php\/wp-json\/wp\/v2\/pages\/1262","targetHints":{"allow":["GET"]}}],"collection":[{"href":"https:\/\/globaluniview.com\/index.php\/wp-json\/wp\/v2\/pages"}],"about":[{"href":"https:\/\/globaluniview.com\/index.php\/wp-json\/wp\/v2\/types\/page"}],"author":[{"embeddable":true,"href":"https:\/\/globaluniview.com\/index.php\/wp-json\/wp\/v2\/users\/1"}],"replies":[{"embeddable":true,"href":"https:\/\/globaluniview.com\/index.php\/wp-json\/wp\/v2\/comments?post=1262"}],"version-history":[{"count":16,"href":"https:\/\/globaluniview.com\/index.php\/wp-json\/wp\/v2\/pages\/1262\/revisions"}],"predecessor-version":[{"id":2228,"href":"https:\/\/globaluniview.com\/index.php\/wp-json\/wp\/v2\/pages\/1262\/revisions\/2228"}],"wp:attachment":[{"href":"https:\/\/globaluniview.com\/index.php\/wp-json\/wp\/v2\/media?parent=1262"}],"curies":[{"name":"wp","href":"https:\/\/api.w.org\/{rel}","templated":true}]}}