{"id":1312,"date":"2023-11-06T13:58:57","date_gmt":"2023-11-06T13:58:57","guid":{"rendered":"https:\/\/globaluniview.com\/?page_id=1312"},"modified":"2023-11-06T13:59:52","modified_gmt":"2023-11-06T13:59:52","slug":"sistem-network-hizmetleri","status":"publish","type":"page","link":"https:\/\/globaluniview.com\/index.php\/sistem-network-hizmetleri\/","title":{"rendered":"Sistem &amp; Network Hizmetleri"},"content":{"rendered":"\t\t<div data-elementor-type=\"wp-page\" data-elementor-id=\"1312\" class=\"elementor elementor-1312\">\n\t\t\t\t\t\t<section class=\"elementor-section elementor-top-section elementor-element elementor-element-68bc670 elementor-section-boxed elementor-section-height-default elementor-section-height-default\" data-id=\"68bc670\" data-element_type=\"section\" data-e-type=\"section\">\n\t\t\t\t\t\t<div class=\"elementor-container elementor-column-gap-default\">\n\t\t\t\t\t<div class=\"elementor-column elementor-col-100 elementor-top-column elementor-element elementor-element-5b6a73a\" data-id=\"5b6a73a\" data-element_type=\"column\" data-e-type=\"column\">\n\t\t\t<div class=\"elementor-widget-wrap elementor-element-populated\">\n\t\t\t\t\t\t\t<\/div>\n\t\t<\/div>\n\t\t\t\t\t<\/div>\n\t\t<\/section>\n\t\t\t\t<section class=\"elementor-section elementor-top-section elementor-element elementor-element-7a24450 elementor-section-boxed elementor-section-height-default elementor-section-height-default\" data-id=\"7a24450\" data-element_type=\"section\" data-e-type=\"section\">\n\t\t\t\t\t\t<div class=\"elementor-container elementor-column-gap-default\">\n\t\t\t\t\t<div class=\"elementor-column elementor-col-100 elementor-top-column elementor-element elementor-element-36154aca\" data-id=\"36154aca\" data-element_type=\"column\" data-e-type=\"column\">\n\t\t\t<div class=\"elementor-widget-wrap elementor-element-populated\">\n\t\t\t\t\t\t<div class=\"elementor-element elementor-element-3a32add1 elementor-widget elementor-widget-text-editor\" data-id=\"3a32add1\" data-element_type=\"widget\" data-e-type=\"widget\" data-widget_type=\"text-editor.default\">\n\t\t\t\t<div class=\"elementor-widget-container\">\n\t\t\t\t\t\t\t\t\t<div class=\"page-title fullbox\"><h1>Sistem &amp; Network Hizmetleri<\/h1><\/div><div class=\"fullbox homepage-box\"><div class=\"page-content leftbox\"><div class=\"code-block code-block-2\"><ins class=\"adsbygoogle\" data-ad-layout=\"in-article\" data-ad-format=\"fluid\" data-ad-client=\"ca-pub-2736618112650399\" data-ad-slot=\"9454897975\" data-adsbygoogle-status=\"done\" data-ad-status=\"filled\"><div id=\"aswift_1_host\" tabindex=\"0\" title=\"Advertisement\" aria-label=\"Advertisement\">\u00a0<\/div><\/ins><\/div><p>Bilgisayar ve A\u011e\u00a0sistemindeki; sorunlar\u0131n \u00e7\u00f6z\u00fclmesi, g\u00fcndelik, pratik veya profesyonel ihtiya\u00e7lar\u0131n kolayla\u015ft\u0131r\u0131lmas\u0131 do\u011frultusunda \u00e7\u00f6z\u00fcm \u00f6nerilerimiz bulunmaktad\u0131r. A\u011e\u00a0sistemleri sayesinde ofisinizde, evinizde kulland\u0131\u011f\u0131n\u0131z yaz\u0131c\u0131, taray\u0131c\u0131 gibi \u00e7evre \u00fcr\u00fcnlerini, dosyalar\u0131n\u0131z\u0131 di\u011fer ortak\u00a0kullan\u0131c\u0131lar\u0131yla birlikte kullanabilirsiniz.<\/p><p class=\"text15\" align=\"justify\"><strong>Network \u00c7\u00f6z\u00fcmlerimiz<\/strong><\/p><ul><li><div class=\"text8\" align=\"justify\">Local Area Network (LAN) Sistemleri Kurulu\u015fu<\/div><\/li>\u00a0<li><div class=\"text8\" align=\"justify\">Wide Area Network (WAN) Sistemleri Kurulu\u015fu<\/div><\/li>\u00a0<li><div class=\"text8\" align=\"justify\">Yap\u0131sal Kablolama<\/div><\/li>\u00a0<li><div class=\"text8\" align=\"justify\">Internet G\u00fcvenlik Sistemleri<\/div><\/li>\u00a0<li><div class=\"text8\" align=\"justify\">Microsoft \u00dcr\u00fcnleri ve \u00c7\u00f6z\u00fcmleri<\/div><\/li>\u00a0<li><div class=\"text8\" align=\"justify\">MS NT\/WINDOWS 2003 ve ISA2004 Network Planlanmas\u0131 ,Kurulu\u015fu ,E\u011fitimi<\/div><\/li>\u00a0<li><div class=\"text8\" align=\"justify\">MS Exchange ve Proxy Server Kurulu\u015fu ve E\u011fitimi<\/div><\/li>\u00a0<li><div class=\"text8\" align=\"justify\">TCP\/IP Network Tasar\u0131m\u0131<\/div><\/li>\u00a0<li><div class=\"text8\" align=\"justify\">Platformlar Aras\u0131 Entegrasyon (Unix \u2013 Linux- Mainframe \u2013 PC Network)<\/div><\/li>\u00a0<li><div class=\"text8\" align=\"justify\">Destek Anla\u015fmalar\u0131 ve Out Source Hizmeti<\/div><\/li>\u00a0<li><div class=\"text8\" align=\"justify\">Veriler (Data\u2019lar)<\/div><\/li>\u00a0<li><div class=\"text8\" align=\"justify\">G\u00fcvenlik Donan\u0131m ve Yaz\u0131l\u0131mlar\u0131<\/div><\/li>\u00a0<li><div class=\"text8\" align=\"justify\">Anahtar Teslimi Projeler (Server, PC ve Di\u011fer Donan\u0131m Sat\u0131\u015f\u0131 ve Kurulu\u015fu )<\/div><\/li>\u00a0<li><div class=\"text8\" align=\"justify\">Kablolu, kablosuz a\u011f yaz\u0131c\u0131s\u0131 kurulumu ve konfig\u00fcrasyonu<\/div><\/li><\/ul><p>\u00a0<\/p><p class=\"text8\" align=\"justify\"><span class=\"text15\"><strong>A\u011f Baglant\u0131s\u0131\u00a0dan\u0131\u015fmanl\u0131k hizmetlerimiz<\/strong><\/span><\/p><p>\u0130\u015fletmeler, uygulamalar\u0131nda teknolojiden yararlanmak istemektedirler. Bu sebeple bili\u015fim konusunda uzman ki\u015fi ve firmalara talep her ge\u00e7en g\u00fcn daha fazla olmaktad\u0131r.<\/p><p class=\"text8\" align=\"justify\">Berat Teknoloji uzman kadrosuyla g\u00fcvenilir, h\u0131zl\u0131, kaliteli \u00fcr\u00fcn ve hizmet anlay\u0131\u015f\u0131n\u0131 ilke edinmi\u015ftir. \u00a0B\u00fct\u00fcn sekt\u00f6rler i\u00e7in en uygun \u00e7\u00f6z\u00fcmleri \u00fcreten firmam\u0131z\u0131n hizmet verdi\u011fi m\u00fc\u015fterilerinin geli\u015fmeleri, bizim i\u00e7in gurur kayna\u011f\u0131 olmu\u015f, \u00e7al\u0131\u015fma \u015fevkimizi daha da g\u00fc\u00e7lendirmi\u015ftir. Bir firman\u0131n ihtiya\u00e7 duyabilece\u011fi t\u00fcm konularla ilgili dan\u0131\u015fmanl\u0131k hizmetlerimiz en \u00fcst seviyede devam etmektedir.<\/p><p><strong>Sistem A\u011eI\u00a0Neden \u00d6nemlidir?<\/strong><\/p><ol><li class=\"text8\"><div align=\"justify\">Network altyap\u0131lar\u0131n\u0131n dizayn\u0131, olu\u015fturulmas\u0131, uygulamaya ge\u00e7irilmesi, g\u00fcvenli\u011finin sa\u011flanmas\u0131, bak\u0131m\u0131n\u0131n yap\u0131lmas\u0131, performans\u0131n\u0131n optimize edilmesi ve sorunlar\u0131n giderilmesi gibi i\u015flerin tamam\u0131 network uzmanlar\u0131 taraf\u0131ndan yap\u0131l\u0131r.<\/div><\/li><li class=\"text8\"><div align=\"justify\">T\u00fcm d\u00fcnyada ge\u00e7erli bir meslek oldu\u011fu gibi yine t\u00fcm d\u00fcnyada ge\u00e7erli sertifikalar\u0131 mevcuttur.<\/div><\/li><li class=\"text8\"><div align=\"justify\">\u00c7e\u015fitli uzmanl\u0131k alanlar\u0131 ile sunulan kariyer se\u00e7enekleri, kendi alanlar\u0131nda bilgili ve tecr\u00fcbeli network uzmanlar\u0131 yeti\u015ftirilmesini sa\u011flar.<\/div><\/li><li class=\"text8\"><div align=\"justify\">Sertifikalar, IT sekt\u00f6r\u00fcn\u00fcn kalite g\u00f6stergesi olarak kabul edilmektedir.<\/div><\/li><\/ol><\/div><\/div>\t\t\t\t\t\t\t\t<\/div>\n\t\t\t\t<\/div>\n\t\t\t\t\t<\/div>\n\t\t<\/div>\n\t\t\t\t\t<\/div>\n\t\t<\/section>\n\t\t\t\t<\/div>\n\t\t","protected":false},"excerpt":{"rendered":"<p>Sistem &amp; Network Hizmetleri \u00a0 Bilgisayar ve A\u011e\u00a0sistemindeki; sorunlar\u0131n \u00e7\u00f6z\u00fclmesi, g\u00fcndelik, pratik veya profesyonel ihtiya\u00e7lar\u0131n kolayla\u015ft\u0131r\u0131lmas\u0131 do\u011frultusunda \u00e7\u00f6z\u00fcm \u00f6nerilerimiz bulunmaktad\u0131r. A\u011e\u00a0sistemleri sayesinde ofisinizde, evinizde kulland\u0131\u011f\u0131n\u0131z yaz\u0131c\u0131, taray\u0131c\u0131 gibi \u00e7evre \u00fcr\u00fcnlerini, dosyalar\u0131n\u0131z\u0131 di\u011fer ortak\u00a0kullan\u0131c\u0131lar\u0131yla birlikte kullanabilirsiniz. Network \u00c7\u00f6z\u00fcmlerimiz Local Area Network (LAN) Sistemleri Kurulu\u015fu \u00a0 Wide Area Network (WAN) Sistemleri Kurulu\u015fu \u00a0 Yap\u0131sal Kablolama \u00a0 Internet [&hellip;]<\/p>\n","protected":false},"author":1,"featured_media":0,"parent":0,"menu_order":0,"comment_status":"closed","ping_status":"closed","template":"elementor_header_footer","meta":{"site-sidebar-layout":"default","site-content-layout":"","ast-site-content-layout":"default","site-content-style":"default","site-sidebar-style":"default","ast-global-header-display":"","ast-banner-title-visibility":"","ast-main-header-display":"","ast-hfb-above-header-display":"","ast-hfb-below-header-display":"","ast-hfb-mobile-header-display":"","site-post-title":"","ast-breadcrumbs-content":"","ast-featured-img":"","footer-sml-layout":"","ast-disable-related-posts":"","theme-transparent-header-meta":"","adv-header-id-meta":"","stick-header-meta":"","header-above-stick-meta":"","header-main-stick-meta":"","header-below-stick-meta":"","astra-migrate-meta-layouts":"set","ast-page-background-enabled":"default","ast-page-background-meta":{"desktop":{"background-color":"var(--ast-global-color-4)","background-image":"","background-repeat":"repeat","background-position":"center center","background-size":"auto","background-attachment":"scroll","background-type":"","background-media":"","overlay-type":"","overlay-color":"","overlay-opacity":"","overlay-gradient":""},"tablet":{"background-color":"","background-image":"","background-repeat":"repeat","background-position":"center center","background-size":"auto","background-attachment":"scroll","background-type":"","background-media":"","overlay-type":"","overlay-color":"","overlay-opacity":"","overlay-gradient":""},"mobile":{"background-color":"","background-image":"","background-repeat":"repeat","background-position":"center center","background-size":"auto","background-attachment":"scroll","background-type":"","background-media":"","overlay-type":"","overlay-color":"","overlay-opacity":"","overlay-gradient":""}},"ast-content-background-meta":{"desktop":{"background-color":"var(--ast-global-color-5)","background-image":"","background-repeat":"repeat","background-position":"center center","background-size":"auto","background-attachment":"scroll","background-type":"","background-media":"","overlay-type":"","overlay-color":"","overlay-opacity":"","overlay-gradient":""},"tablet":{"background-color":"var(--ast-global-color-5)","background-image":"","background-repeat":"repeat","background-position":"center center","background-size":"auto","background-attachment":"scroll","background-type":"","background-media":"","overlay-type":"","overlay-color":"","overlay-opacity":"","overlay-gradient":""},"mobile":{"background-color":"var(--ast-global-color-5)","background-image":"","background-repeat":"repeat","background-position":"center center","background-size":"auto","background-attachment":"scroll","background-type":"","background-media":"","overlay-type":"","overlay-color":"","overlay-opacity":"","overlay-gradient":""}},"_joinchat":[],"footnotes":""},"class_list":["post-1312","page","type-page","status-publish","hentry"],"_links":{"self":[{"href":"https:\/\/globaluniview.com\/index.php\/wp-json\/wp\/v2\/pages\/1312","targetHints":{"allow":["GET"]}}],"collection":[{"href":"https:\/\/globaluniview.com\/index.php\/wp-json\/wp\/v2\/pages"}],"about":[{"href":"https:\/\/globaluniview.com\/index.php\/wp-json\/wp\/v2\/types\/page"}],"author":[{"embeddable":true,"href":"https:\/\/globaluniview.com\/index.php\/wp-json\/wp\/v2\/users\/1"}],"replies":[{"embeddable":true,"href":"https:\/\/globaluniview.com\/index.php\/wp-json\/wp\/v2\/comments?post=1312"}],"version-history":[{"count":4,"href":"https:\/\/globaluniview.com\/index.php\/wp-json\/wp\/v2\/pages\/1312\/revisions"}],"predecessor-version":[{"id":1316,"href":"https:\/\/globaluniview.com\/index.php\/wp-json\/wp\/v2\/pages\/1312\/revisions\/1316"}],"wp:attachment":[{"href":"https:\/\/globaluniview.com\/index.php\/wp-json\/wp\/v2\/media?parent=1312"}],"curies":[{"name":"wp","href":"https:\/\/api.w.org\/{rel}","templated":true}]}}