{"id":1350,"date":"2023-11-06T15:07:04","date_gmt":"2023-11-06T15:07:04","guid":{"rendered":"https:\/\/globaluniview.com\/?page_id=1350"},"modified":"2023-11-06T15:08:14","modified_gmt":"2023-11-06T15:08:14","slug":"sanliurfa-guvenlik-kamera-sistemleri","status":"publish","type":"page","link":"https:\/\/globaluniview.com\/index.php\/sanliurfa-guvenlik-kamera-sistemleri\/","title":{"rendered":"\u015eanl\u0131urfa G\u00fcvenlik Kamera Sistemleri"},"content":{"rendered":"\t\t<div data-elementor-type=\"wp-page\" data-elementor-id=\"1350\" class=\"elementor elementor-1350\">\n\t\t\t\t\t\t<section class=\"elementor-section elementor-top-section elementor-element elementor-element-68bc670 elementor-section-boxed elementor-section-height-default elementor-section-height-default\" data-id=\"68bc670\" data-element_type=\"section\" data-e-type=\"section\">\n\t\t\t\t\t\t<div class=\"elementor-container elementor-column-gap-default\">\n\t\t\t\t\t<div class=\"elementor-column elementor-col-100 elementor-top-column elementor-element elementor-element-5b6a73a\" data-id=\"5b6a73a\" data-element_type=\"column\" data-e-type=\"column\">\n\t\t\t<div class=\"elementor-widget-wrap elementor-element-populated\">\n\t\t\t\t\t\t\t<\/div>\n\t\t<\/div>\n\t\t\t\t\t<\/div>\n\t\t<\/section>\n\t\t\t\t<section class=\"elementor-section elementor-top-section elementor-element elementor-element-7a24450 elementor-section-boxed elementor-section-height-default elementor-section-height-default\" data-id=\"7a24450\" data-element_type=\"section\" data-e-type=\"section\">\n\t\t\t\t\t\t<div class=\"elementor-container elementor-column-gap-default\">\n\t\t\t\t\t<div class=\"elementor-column elementor-col-100 elementor-top-column elementor-element elementor-element-36154aca\" data-id=\"36154aca\" data-element_type=\"column\" data-e-type=\"column\">\n\t\t\t<div class=\"elementor-widget-wrap elementor-element-populated\">\n\t\t\t\t\t\t<div class=\"elementor-element elementor-element-3a32add1 elementor-widget elementor-widget-text-editor\" data-id=\"3a32add1\" data-element_type=\"widget\" data-e-type=\"widget\" data-widget_type=\"text-editor.default\">\n\t\t\t\t<div class=\"elementor-widget-container\">\n\t\t\t\t\t\t\t\t\t<h2 class=\"wp-block-heading alignwide has-text-align-center has-ubuntu-font-family has-custom-font\"><strong>\u015eanl\u0131urfa G\u00fcvenlik Kamera Sistemleri<\/strong><\/h2><div class=\"wp-block-coblocks-row alignwide coblocks-row-312203433305 mb-0 mt-0\" data-columns=\"2\" data-layout=\"33-66\"><div class=\"wp-block-coblocks-row__inner has-padding has-medium-padding has-margin has-medium-margin is-stacked-on-mobile has-medium-gutter\"><div class=\"wp-block-coblocks-column coblocks-column-312203444499\"><div class=\"wp-block-coblocks-column__inner has-no-padding has-no-margin\"><figure class=\"wp-block-image size-large\"><img fetchpriority=\"high\" decoding=\"async\" class=\"wp-image-1053\" src=\"https:\/\/bz02b1.n3cdn1.secureserver.net\/wp-content\/uploads\/2021\/04\/justus-menke-EGRUT40HNlQ-unsplash.jpg\" sizes=\"(max-width: 640px) 100vw, 640px\" srcset=\"https:\/\/bz02b1.n3cdn1.secureserver.net\/wp-content\/uploads\/2021\/04\/justus-menke-EGRUT40HNlQ-unsplash.jpg 640w, https:\/\/bz02b1.n3cdn1.secureserver.net\/wp-content\/uploads\/2021\/04\/justus-menke-EGRUT40HNlQ-unsplash-240x300.jpg 240w\" alt=\"G\u00fcvenlik Kamera sistemleri\" width=\"640\" height=\"800\" \/><p>\u00a0<\/p><figcaption class=\"wp-element-caption\">G\u00fcvenlik kamera sistemleri<\/figcaption><\/figure><\/div><\/div><div class=\"wp-block-coblocks-column coblocks-column-312203444511\"><div class=\"wp-block-coblocks-column__inner has-padding has-margin has-small-padding has-small-margin\"><p class=\"has-text-align-justify\"><strong>\u015eanl\u0131urfa G\u00fcvenlik Kamera Sistemleri<\/strong>\u00a0en \u00e7ok tercih edilen marka ve m\u00fc\u015fteriler taraf\u0131ndan\u00a0<strong>en sevilen marka<\/strong>\u00a0olduk. \u00c7\u00fcnk\u00fc Fabrika, d\u00fckkan, i\u015f yeri ve apartmanlar i\u00e7in\u00a0<strong>gece g\u00f6r\u00fc\u015fl\u00fc<\/strong>\u00a0IP ve HD \u00e7\u00f6z\u00fcn\u00fcrl\u00fckl\u00fc kamera sistemleri takabiliyoruz. Siteniz, apartman\u0131n\u0131z i\u00e7in G\u00fcvenlik kameras\u0131n\u0131n yan\u0131nda\u00a0<strong>Alarm Sistemleri<\/strong>\u00a0ile g\u00fcvenli\u011finizi en \u00fcst noktaya ta\u015f\u0131yoruz.<\/p><p class=\"has-ubuntu-font-family has-custom-font\">\u015eanl\u0131urfa\u2019n\u0131n her yerine servis hizmeti verebilmekteyiz. G\u00fcvenlik kamera sistemleri hakk\u0131nda bilgi i\u00e7in l\u00fctfen:<\/p><h2 class=\"wp-block-heading has-ubuntu-font-family has-custom-font mb-0 pb-0 mt-0 pt-0\"><a class=\"ek-link\" href=\"tel:+905446271985\"><mark class=\"has-inline-color has-primary-color\">Hemen Ara:<\/mark><\/a><\/h2><h2 class=\"wp-block-heading has-ubuntu-font-family has-custom-font mb-0 pb-0 mt-0 pt-0\"><strong>+90 542 570 85 94<\/strong><\/h2><p><strong>\u015eANLIURFA<\/strong><\/p><p>\u00a0<\/p><p>Ba\u015fl\u0131ca yapt\u0131\u011f\u0131m\u0131z i\u015fler:<\/p><figure class=\"wp-block-table\"><table><tbody><tr><td>g\u00fcvenlik kameras\u0131, alarm sistemleri, sahte kamera, gece g\u00f6r\u00fc\u015fl\u00fc kamera, dome kamera, kamera fiyatlar\u0131, ev alarm sistemleri, cayd\u0131r\u0131c\u0131 kamera, en iyi g\u00fcvenlik kameras\u0131, kablosuz alarm sistemi, g\u00fcne\u015f enerjili kamera.<\/td><\/tr><\/tbody><\/table><\/figure><\/div><\/div><\/div><\/div><p class=\"wp-block-coblocks-highlight has-custom-font\"><mark class=\"wp-block-coblocks-highlight__content\">Uygun Fiyat, Fakat En iyi kalite, 100% m\u00fc\u015fteri memnuniyeti, \u00c7\u00fcnk\u00fc 7\/24 Servis Hizmeti<\/mark><\/p><h2 class=\"alignfull has-text-align-center has-custom-font wp-block-heading\">Mesaj B\u0131rak\u0131n, Biz Sizi Arayal\u0131m<\/h2>\t\t\t\t\t\t\t\t<\/div>\n\t\t\t\t<\/div>\n\t\t\t\t\t<\/div>\n\t\t<\/div>\n\t\t\t\t\t<\/div>\n\t\t<\/section>\n\t\t\t\t<\/div>\n\t\t","protected":false},"excerpt":{"rendered":"<p>\u015eanl\u0131urfa G\u00fcvenlik Kamera Sistemleri \u00a0G\u00fcvenlik kamera sistemleri \u015eanl\u0131urfa G\u00fcvenlik Kamera Sistemleri\u00a0en \u00e7ok tercih edilen marka ve m\u00fc\u015fteriler taraf\u0131ndan\u00a0en sevilen marka\u00a0olduk. \u00c7\u00fcnk\u00fc Fabrika, d\u00fckkan, i\u015f yeri ve apartmanlar i\u00e7in\u00a0gece g\u00f6r\u00fc\u015fl\u00fc\u00a0IP ve HD \u00e7\u00f6z\u00fcn\u00fcrl\u00fckl\u00fc kamera sistemleri takabiliyoruz. Siteniz, apartman\u0131n\u0131z i\u00e7in G\u00fcvenlik kameras\u0131n\u0131n yan\u0131nda\u00a0Alarm Sistemleri\u00a0ile g\u00fcvenli\u011finizi en \u00fcst noktaya ta\u015f\u0131yoruz. \u015eanl\u0131urfa\u2019n\u0131n her yerine servis hizmeti verebilmekteyiz. G\u00fcvenlik kamera [&hellip;]<\/p>\n","protected":false},"author":1,"featured_media":0,"parent":0,"menu_order":0,"comment_status":"closed","ping_status":"closed","template":"elementor_header_footer","meta":{"site-sidebar-layout":"default","site-content-layout":"","ast-site-content-layout":"default","site-content-style":"default","site-sidebar-style":"default","ast-global-header-display":"","ast-banner-title-visibility":"","ast-main-header-display":"","ast-hfb-above-header-display":"","ast-hfb-below-header-display":"","ast-hfb-mobile-header-display":"","site-post-title":"","ast-breadcrumbs-content":"","ast-featured-img":"","footer-sml-layout":"","ast-disable-related-posts":"","theme-transparent-header-meta":"","adv-header-id-meta":"","stick-header-meta":"","header-above-stick-meta":"","header-main-stick-meta":"","header-below-stick-meta":"","astra-migrate-meta-layouts":"set","ast-page-background-enabled":"default","ast-page-background-meta":{"desktop":{"background-color":"var(--ast-global-color-4)","background-image":"","background-repeat":"repeat","background-position":"center center","background-size":"auto","background-attachment":"scroll","background-type":"","background-media":"","overlay-type":"","overlay-color":"","overlay-opacity":"","overlay-gradient":""},"tablet":{"background-color":"","background-image":"","background-repeat":"repeat","background-position":"center center","background-size":"auto","background-attachment":"scroll","background-type":"","background-media":"","overlay-type":"","overlay-color":"","overlay-opacity":"","overlay-gradient":""},"mobile":{"background-color":"","background-image":"","background-repeat":"repeat","background-position":"center center","background-size":"auto","background-attachment":"scroll","background-type":"","background-media":"","overlay-type":"","overlay-color":"","overlay-opacity":"","overlay-gradient":""}},"ast-content-background-meta":{"desktop":{"background-color":"var(--ast-global-color-5)","background-image":"","background-repeat":"repeat","background-position":"center center","background-size":"auto","background-attachment":"scroll","background-type":"","background-media":"","overlay-type":"","overlay-color":"","overlay-opacity":"","overlay-gradient":""},"tablet":{"background-color":"var(--ast-global-color-5)","background-image":"","background-repeat":"repeat","background-position":"center center","background-size":"auto","background-attachment":"scroll","background-type":"","background-media":"","overlay-type":"","overlay-color":"","overlay-opacity":"","overlay-gradient":""},"mobile":{"background-color":"var(--ast-global-color-5)","background-image":"","background-repeat":"repeat","background-position":"center center","background-size":"auto","background-attachment":"scroll","background-type":"","background-media":"","overlay-type":"","overlay-color":"","overlay-opacity":"","overlay-gradient":""}},"_joinchat":[],"footnotes":""},"class_list":["post-1350","page","type-page","status-publish","hentry"],"_links":{"self":[{"href":"https:\/\/globaluniview.com\/index.php\/wp-json\/wp\/v2\/pages\/1350","targetHints":{"allow":["GET"]}}],"collection":[{"href":"https:\/\/globaluniview.com\/index.php\/wp-json\/wp\/v2\/pages"}],"about":[{"href":"https:\/\/globaluniview.com\/index.php\/wp-json\/wp\/v2\/types\/page"}],"author":[{"embeddable":true,"href":"https:\/\/globaluniview.com\/index.php\/wp-json\/wp\/v2\/users\/1"}],"replies":[{"embeddable":true,"href":"https:\/\/globaluniview.com\/index.php\/wp-json\/wp\/v2\/comments?post=1350"}],"version-history":[{"count":4,"href":"https:\/\/globaluniview.com\/index.php\/wp-json\/wp\/v2\/pages\/1350\/revisions"}],"predecessor-version":[{"id":1354,"href":"https:\/\/globaluniview.com\/index.php\/wp-json\/wp\/v2\/pages\/1350\/revisions\/1354"}],"wp:attachment":[{"href":"https:\/\/globaluniview.com\/index.php\/wp-json\/wp\/v2\/media?parent=1350"}],"curies":[{"name":"wp","href":"https:\/\/api.w.org\/{rel}","templated":true}]}}