{"id":2143,"date":"2024-11-09T14:00:01","date_gmt":"2024-11-09T11:00:01","guid":{"rendered":"https:\/\/globaluniview.com\/?page_id=2143"},"modified":"2024-11-09T14:04:28","modified_gmt":"2024-11-09T11:04:28","slug":"sanliurfa-kamera-sistemi","status":"publish","type":"page","link":"https:\/\/globaluniview.com\/index.php\/sanliurfa-kamera-sistemi\/","title":{"rendered":"\u015eanl\u0131urfa H\u0131rs\u0131z Alarm sistemleri"},"content":{"rendered":"\t\t<div data-elementor-type=\"wp-page\" data-elementor-id=\"2143\" class=\"elementor elementor-2143\">\n\t\t\t\t\t\t<section class=\"elementor-section elementor-top-section elementor-element elementor-element-68bc670 elementor-section-boxed elementor-section-height-default elementor-section-height-default\" data-id=\"68bc670\" data-element_type=\"section\" data-e-type=\"section\">\n\t\t\t\t\t\t<div class=\"elementor-container elementor-column-gap-default\">\n\t\t\t\t\t<div class=\"elementor-column elementor-col-100 elementor-top-column elementor-element elementor-element-5b6a73a\" data-id=\"5b6a73a\" data-element_type=\"column\" data-e-type=\"column\">\n\t\t\t<div class=\"elementor-widget-wrap elementor-element-populated\">\n\t\t\t\t\t\t\t<\/div>\n\t\t<\/div>\n\t\t\t\t\t<\/div>\n\t\t<\/section>\n\t\t\t\t<section class=\"elementor-section elementor-top-section elementor-element elementor-element-7a24450 elementor-section-boxed elementor-section-height-default elementor-section-height-default\" data-id=\"7a24450\" data-element_type=\"section\" data-e-type=\"section\">\n\t\t\t\t\t\t<div class=\"elementor-container elementor-column-gap-default\">\n\t\t\t\t\t<div class=\"elementor-column elementor-col-100 elementor-top-column elementor-element elementor-element-36154aca\" data-id=\"36154aca\" data-element_type=\"column\" data-e-type=\"column\">\n\t\t\t<div class=\"elementor-widget-wrap elementor-element-populated\">\n\t\t\t\t\t\t<div class=\"elementor-element elementor-element-3a32add1 elementor-widget elementor-widget-text-editor\" data-id=\"3a32add1\" data-element_type=\"widget\" data-e-type=\"widget\" data-widget_type=\"text-editor.default\">\n\t\t\t\t<div class=\"elementor-widget-container\">\n\t\t\t\t\t\t\t\t\t<div class=\"post-image ml-0 mb-3\"><img decoding=\"async\" src=\"https:\/\/www.ajaxshop.com.tr\/class\/INNOVAEditor\/assets\/Blog-guncel\/villa-hirsiz-alarm-sistemi.jpg\" alt=\"Villalar \u0130\u00e7in G\u00fc\u00e7l\u00fc ve Kablosuz H\u0131rs\u0131z Alarm Sistemleri | Ajax Shop\" \/><\/div><div class=\"row pt-4\"><div class=\"col\"><div class=\"overflow-hidden mb-3\"><h2 class=\"font-weight-bold text-8 mb-0 appear-animation animated maskUp appear-animation-visible\" data-appear-animation=\"maskUp\">\u015eanl\u0131urfa H\u0131rs\u0131z Alarm Sistemleri<\/h2><\/div><\/div><\/div><div class=\"row\"><div class=\"col-lg-12\"><div class=\"overflow-hidden hizmetler-p\"><p>Kurum ve kurulu\u015flara sunulan g\u00fcvenlik tedbirleri aras\u0131nda bulunan\u00a0alarm sistemleri, olas\u0131 h\u0131rs\u0131zl\u0131k vakalar\u0131n\u0131 \u00f6nleyici \u00f6nemli bir tedbir unsurudur.<\/p><p>H\u0131rs\u0131z alarm sistemleri, i\u015f yerine y\u00f6nelik h\u0131rs\u0131zl\u0131k giri\u015fimlerini cayd\u0131r\u0131c\u0131 \u00f6zelliklere sahiptir. Y\u00fcksek desibel ses teknolojisi, kolluk kuvvetleri ile etkile\u015fim, SMS yoluyla haberdar etme gibi geli\u015fmi\u015f \u00f6zelliklere sahiptir. Berat Teknoloji \u00a0Sistemleri, kurum ve kurulu\u015flara y\u00f6nelik i\u015flevsel alarm sistemleri sunmaktad\u0131r. Zengin \u00fcr\u00fcn gam\u0131na sahip firmam\u0131z, g\u00fcvenlik alan\u0131ndaki tecr\u00fcbe ve deneyimlerine dayanarak kurumunuz i\u00e7in ideal alarm sistemi tavsiyesinde bulunur.<\/p><p>Kablosuz alarm sistemi\u00a0teknolojileri, kurumunuz i\u00e7in herhangi bir tesisat d\u00f6\u015femeye gerek kalmaks\u0131z\u0131n k\u0131sa s\u00fcrede aktif edilirken, kapsay\u0131c\u0131 bir g\u00fcvenlik sa\u011flamaktad\u0131r.<\/p><p>H\u0131rs\u0131zl\u0131k vakas\u0131n\u0131n ba\u015far\u0131yla neticelenmesi halinde ya\u015fanacak maddi kay\u0131plar\u0131n \u00f6n\u00fcne ge\u00e7mek i\u00e7in\u00a0kablosuz alarm sistemleri\u00a0i\u015fyerlerine sunulan \u00f6nemli \u00e7\u00f6z\u00fcmlerden birisidir.<\/p><p>Berat Teknoloji Sistemleri, kurumsal ve bireysel m\u00fc\u015fterilerine y\u00f6nelik sundu\u011fu \u00e7\u00f6z\u00fcmlerle geni\u015f m\u00fc\u015fteri kitlesine hizmet etmektedir. Binlerce \u00a0m\u00fc\u015fteri i\u00e7in y\u00fczlerce \u00e7\u00f6z\u00fcm \u00fcreterek, deneyim ve tecr\u00fcbelerini artt\u0131rm\u0131\u015f, g\u00fcvenlik sekt\u00f6r\u00fcne y\u00f6nelik yenilik\u00e7i yakla\u015f\u0131mlar\u0131yla yeni g\u00fcvenlik tehditlerine etkili \u00e7\u00f6z\u00fcmler \u00fcretmi\u015ftir.<\/p><p>Bu bak\u0131mdan zengin \u00fcr\u00fcn yelpazesi, y\u00fcksek teknolojik ekipmanlardan olu\u015fmaktad\u0131r. G\u00fcvenlik risklerini \u00f6nleyici \u00fcr\u00fcnleriyle kurum ve kurulu\u015flar\u0131n maddi ve manevi zararlardan korunmas\u0131n\u0131 ilke ve hedef olarak belirlemi\u015ftir. Bu do\u011frultuda s\u00fcrekli kendisini geli\u015ftirmekte, kadrosunu e\u011fitmekte ve sekt\u00f6r\u00fcn aranan markas\u0131 olma yolunda gitmektedir.<\/p><p><img decoding=\"async\" src=\"https:\/\/www.easguvenlik.com.tr\/upload\/2023\/05\/ajax-kablosuz-alarm-sistemleri_750_400_2.webp\" alt=\"Ajax Kablosuz Alarm Sistemleri - EAS G\u00fcvenlik\" \/><\/p><\/div><\/div><\/div>\t\t\t\t\t\t\t\t<\/div>\n\t\t\t\t<\/div>\n\t\t\t\t\t<\/div>\n\t\t<\/div>\n\t\t\t\t\t<\/div>\n\t\t<\/section>\n\t\t\t\t<\/div>\n\t\t","protected":false},"excerpt":{"rendered":"<p>\u015eanl\u0131urfa H\u0131rs\u0131z Alarm Sistemleri Kurum ve kurulu\u015flara sunulan g\u00fcvenlik tedbirleri aras\u0131nda bulunan\u00a0alarm sistemleri, olas\u0131 h\u0131rs\u0131zl\u0131k vakalar\u0131n\u0131 \u00f6nleyici \u00f6nemli bir tedbir unsurudur. H\u0131rs\u0131z alarm sistemleri, i\u015f yerine y\u00f6nelik h\u0131rs\u0131zl\u0131k giri\u015fimlerini cayd\u0131r\u0131c\u0131 \u00f6zelliklere sahiptir. Y\u00fcksek desibel ses teknolojisi, kolluk kuvvetleri ile etkile\u015fim, SMS yoluyla haberdar etme gibi geli\u015fmi\u015f \u00f6zelliklere sahiptir. Berat Teknoloji \u00a0Sistemleri, kurum ve kurulu\u015flara y\u00f6nelik [&hellip;]<\/p>\n","protected":false},"author":1,"featured_media":0,"parent":0,"menu_order":0,"comment_status":"closed","ping_status":"closed","template":"elementor_header_footer","meta":{"site-sidebar-layout":"default","site-content-layout":"","ast-site-content-layout":"default","site-content-style":"default","site-sidebar-style":"default","ast-global-header-display":"","ast-banner-title-visibility":"","ast-main-header-display":"","ast-hfb-above-header-display":"","ast-hfb-below-header-display":"","ast-hfb-mobile-header-display":"","site-post-title":"","ast-breadcrumbs-content":"","ast-featured-img":"","footer-sml-layout":"","ast-disable-related-posts":"","theme-transparent-header-meta":"","adv-header-id-meta":"","stick-header-meta":"","header-above-stick-meta":"","header-main-stick-meta":"","header-below-stick-meta":"","astra-migrate-meta-layouts":"set","ast-page-background-enabled":"default","ast-page-background-meta":{"desktop":{"background-color":"var(--ast-global-color-4)","background-image":"","background-repeat":"repeat","background-position":"center center","background-size":"auto","background-attachment":"scroll","background-type":"","background-media":"","overlay-type":"","overlay-color":"","overlay-opacity":"","overlay-gradient":""},"tablet":{"background-color":"","background-image":"","background-repeat":"repeat","background-position":"center center","background-size":"auto","background-attachment":"scroll","background-type":"","background-media":"","overlay-type":"","overlay-color":"","overlay-opacity":"","overlay-gradient":""},"mobile":{"background-color":"","background-image":"","background-repeat":"repeat","background-position":"center center","background-size":"auto","background-attachment":"scroll","background-type":"","background-media":"","overlay-type":"","overlay-color":"","overlay-opacity":"","overlay-gradient":""}},"ast-content-background-meta":{"desktop":{"background-color":"var(--ast-global-color-5)","background-image":"","background-repeat":"repeat","background-position":"center center","background-size":"auto","background-attachment":"scroll","background-type":"","background-media":"","overlay-type":"","overlay-color":"","overlay-opacity":"","overlay-gradient":""},"tablet":{"background-color":"var(--ast-global-color-5)","background-image":"","background-repeat":"repeat","background-position":"center center","background-size":"auto","background-attachment":"scroll","background-type":"","background-media":"","overlay-type":"","overlay-color":"","overlay-opacity":"","overlay-gradient":""},"mobile":{"background-color":"var(--ast-global-color-5)","background-image":"","background-repeat":"repeat","background-position":"center center","background-size":"auto","background-attachment":"scroll","background-type":"","background-media":"","overlay-type":"","overlay-color":"","overlay-opacity":"","overlay-gradient":""}},"_joinchat":[],"footnotes":""},"class_list":["post-2143","page","type-page","status-publish","hentry"],"_links":{"self":[{"href":"https:\/\/globaluniview.com\/index.php\/wp-json\/wp\/v2\/pages\/2143","targetHints":{"allow":["GET"]}}],"collection":[{"href":"https:\/\/globaluniview.com\/index.php\/wp-json\/wp\/v2\/pages"}],"about":[{"href":"https:\/\/globaluniview.com\/index.php\/wp-json\/wp\/v2\/types\/page"}],"author":[{"embeddable":true,"href":"https:\/\/globaluniview.com\/index.php\/wp-json\/wp\/v2\/users\/1"}],"replies":[{"embeddable":true,"href":"https:\/\/globaluniview.com\/index.php\/wp-json\/wp\/v2\/comments?post=2143"}],"version-history":[{"count":7,"href":"https:\/\/globaluniview.com\/index.php\/wp-json\/wp\/v2\/pages\/2143\/revisions"}],"predecessor-version":[{"id":2150,"href":"https:\/\/globaluniview.com\/index.php\/wp-json\/wp\/v2\/pages\/2143\/revisions\/2150"}],"wp:attachment":[{"href":"https:\/\/globaluniview.com\/index.php\/wp-json\/wp\/v2\/media?parent=2143"}],"curies":[{"name":"wp","href":"https:\/\/api.w.org\/{rel}","templated":true}]}}