{"id":2157,"date":"2024-11-09T14:11:26","date_gmt":"2024-11-09T11:11:26","guid":{"rendered":"https:\/\/globaluniview.com\/?page_id=2157"},"modified":"2024-11-09T14:19:02","modified_gmt":"2024-11-09T11:19:02","slug":"sanliurfa-kamera-sistemi-2","status":"publish","type":"page","link":"https:\/\/globaluniview.com\/index.php\/sanliurfa-kamera-sistemi-2\/","title":{"rendered":"\u015eanl\u0131urfa Yang\u0131n sistemleri"},"content":{"rendered":"\t\t<div data-elementor-type=\"wp-page\" data-elementor-id=\"2157\" class=\"elementor elementor-2157\">\n\t\t\t\t\t\t<section class=\"elementor-section elementor-top-section elementor-element elementor-element-68bc670 elementor-section-boxed elementor-section-height-default elementor-section-height-default\" data-id=\"68bc670\" data-element_type=\"section\" data-e-type=\"section\">\n\t\t\t\t\t\t<div class=\"elementor-container elementor-column-gap-default\">\n\t\t\t\t\t<div class=\"elementor-column elementor-col-100 elementor-top-column elementor-element elementor-element-5b6a73a\" data-id=\"5b6a73a\" data-element_type=\"column\" data-e-type=\"column\">\n\t\t\t<div class=\"elementor-widget-wrap elementor-element-populated\">\n\t\t\t\t\t\t\t<\/div>\n\t\t<\/div>\n\t\t\t\t\t<\/div>\n\t\t<\/section>\n\t\t\t\t<section class=\"elementor-section elementor-top-section elementor-element elementor-element-7a24450 elementor-section-boxed elementor-section-height-default elementor-section-height-default\" data-id=\"7a24450\" data-element_type=\"section\" data-e-type=\"section\">\n\t\t\t\t\t\t<div class=\"elementor-container elementor-column-gap-default\">\n\t\t\t\t\t<div class=\"elementor-column elementor-col-100 elementor-top-column elementor-element elementor-element-36154aca\" data-id=\"36154aca\" data-element_type=\"column\" data-e-type=\"column\">\n\t\t\t<div class=\"elementor-widget-wrap elementor-element-populated\">\n\t\t\t\t\t\t<div class=\"elementor-element elementor-element-3a32add1 elementor-widget elementor-widget-text-editor\" data-id=\"3a32add1\" data-element_type=\"widget\" data-e-type=\"widget\" data-widget_type=\"text-editor.default\">\n\t\t\t\t<div class=\"elementor-widget-container\">\n\t\t\t\t\t\t\t\t\t<div class=\"post-image ml-0 mb-3\"><img decoding=\"async\" src=\"https:\/\/www.citynet.com.tr\/wp-content\/uploads\/2023\/11\/duman-ajax.png-1024x541.webp\" alt=\"Ajax Kablosuz Alarm Sistemi Fiyatlar\u0131 - Citynet G\u00fcvenlik\" \/><\/div><div class=\"row pt-4\"><div class=\"col\"><div class=\"overflow-hidden mb-3\"><h2 class=\"font-weight-bold text-8 mb-0 appear-animation animated maskUp appear-animation-visible\" data-appear-animation=\"maskUp\">Yang\u0131n \u0130hbar Sistemleri<\/h2><\/div><\/div><\/div><div class=\"row\"><div class=\"col-lg-12\"><div class=\"overflow-hidden hizmetler-p\"><div><div>Yang\u0131n alarm ve alg\u0131lama sistemleri, can ve mal kayb\u0131n\u0131 \u00f6nlemek i\u00e7in hemen m\u00fcdahaleye imkan tan\u0131mas\u0131 gibi bir\u00e7ok avantaj\u0131 olan bir g\u00fcvenlik sistemidir.\u00a0 2002 y\u0131l\u0131nda yang\u0131n y\u00f6netmeli\u011fi taraf\u0131ndan yap\u0131lan d\u00fczenlemelere g\u00f6re i\u015f yerleri veya kurumlara yang\u0131n sistemin kurulmas\u0131 zorunlu hale getirilmi\u015f olup, her i\u015fletmenin kendine has tehlike grubuna g\u00f6re sistemler tasarlanmal\u0131d\u0131r.<\/div><div>\u00a0<\/div><div>Mekanlara y\u00f6nelik riskler i\u00e7erisinde h\u0131rs\u0131zl\u0131k veya daha farkl\u0131 su\u00e7 vakalar\u0131 olsa da, daha farkl\u0131 riskler de mevcuttur. Bu risklerin ba\u015f\u0131nda, olas\u0131 b\u00fcy\u00fck felaket yang\u0131n gelmektedir. Kurum veya kurulu\u015flar\u0131n yang\u0131ndan kaynaklanacak bir afetten do\u011facak zararlar\u0131 iyi hesap ederek, olas\u0131 yang\u0131nlar\u0131 zaman\u0131nda haber edecek sistemlere olan ihtiyac\u0131 anlamlar\u0131 gerekmektedir.<\/div><div>\u00a0<\/div><div>Yang\u0131n alarm sistemleri, kurulu\u015flar\u0131n olas\u0131 yang\u0131n\u0131 erkenden tespit ve m\u00fcdahale kabiliyetini artt\u0131rmaktad\u0131r. Kurumunuzda meydana gelebilecek b\u00fcy\u00fck yang\u0131nlar\u0131n ortaya \u00e7\u0131karaca\u011f\u0131 maddi, manevi, can ve mal kay\u0131plar\u0131na telafisi m\u00fcmk\u00fcn olmayan zararlar\u0131n uzun s\u00fcre etkisini s\u00fcrd\u00fcrmesine neden olabilir. B\u00f6yle bir vakan\u0131n psikolojik ve sosyolojik eziyetine muhatap olmamak ad\u0131na geli\u015fmi\u015f yang\u0131n alarm\u0131 ihbar sistemleri kullanmal\u0131d\u0131r.<\/div><div>Berat Teknoloji Sistemleri, deneyim ve tecr\u00fcbesiyle kurumunuz i\u00e7in ihtiya\u00e7 duyulacak yang\u0131n sistemleri se\u00e7imi ve entegre i\u015flemlerini yerine getirmektedir. Yang\u0131n riskinin \u00e7ok fazla oldu\u011fu odalara \u00f6zel yang\u0131n alarm ihbar\u0131 \u00e7\u00f6z\u00fcmleri sunmaktad\u0131r. Yang\u0131n\u0131n \u00e7\u0131kmas\u0131 halinde \u00e7abuk yay\u0131lacak veya kurum i\u00e7in \u00e7ok fazla maddi kayba sebebiyet verebilecek noktalara, geli\u015fmi\u015f yang\u0131n alarm\u0131 sistemleri ve s\u00f6nd\u00fcrmeye y\u00f6nelik \u00e7\u00f6z\u00fcmler sa\u011flanmaktad\u0131r.<\/div><div><img decoding=\"async\" src=\"https:\/\/zrelektronik.b-cdn.net\/wp-content\/uploads\/2019\/05\/Global-Yang%C4%B1n-Alarm-Sistemleri-300x218.jpg\" alt=\"Global Yang\u0131n Alarm Sistemleri - ZR Elektronik\" \/><img decoding=\"async\" src=\"https:\/\/www.3tkbilisim.com\/album\/3tkbilisim\/sayfalar\/yangin-alarm-sistemleri-1-png-4gK.png\" alt=\"Yang\u0131n Sistemleri ve H\u0131rs\u0131z Sistemleri | 3TK Bili\u015fim ve G\u00fcvenlik Sistemleri  A.\u015e\" \/><\/div><\/div><\/div><\/div><\/div>\t\t\t\t\t\t\t\t<\/div>\n\t\t\t\t<\/div>\n\t\t\t\t\t<\/div>\n\t\t<\/div>\n\t\t\t\t\t<\/div>\n\t\t<\/section>\n\t\t\t\t<\/div>\n\t\t","protected":false},"excerpt":{"rendered":"<p>Yang\u0131n \u0130hbar Sistemleri Yang\u0131n alarm ve alg\u0131lama sistemleri, can ve mal kayb\u0131n\u0131 \u00f6nlemek i\u00e7in hemen m\u00fcdahaleye imkan tan\u0131mas\u0131 gibi bir\u00e7ok avantaj\u0131 olan bir g\u00fcvenlik sistemidir.\u00a0 2002 y\u0131l\u0131nda yang\u0131n y\u00f6netmeli\u011fi taraf\u0131ndan yap\u0131lan d\u00fczenlemelere g\u00f6re i\u015f yerleri veya kurumlara yang\u0131n sistemin kurulmas\u0131 zorunlu hale getirilmi\u015f olup, her i\u015fletmenin kendine has tehlike grubuna g\u00f6re sistemler tasarlanmal\u0131d\u0131r.\u00a0Mekanlara y\u00f6nelik riskler [&hellip;]<\/p>\n","protected":false},"author":1,"featured_media":0,"parent":0,"menu_order":0,"comment_status":"closed","ping_status":"closed","template":"elementor_header_footer","meta":{"site-sidebar-layout":"default","site-content-layout":"","ast-site-content-layout":"default","site-content-style":"default","site-sidebar-style":"default","ast-global-header-display":"","ast-banner-title-visibility":"","ast-main-header-display":"","ast-hfb-above-header-display":"","ast-hfb-below-header-display":"","ast-hfb-mobile-header-display":"","site-post-title":"","ast-breadcrumbs-content":"","ast-featured-img":"","footer-sml-layout":"","ast-disable-related-posts":"","theme-transparent-header-meta":"","adv-header-id-meta":"","stick-header-meta":"","header-above-stick-meta":"","header-main-stick-meta":"","header-below-stick-meta":"","astra-migrate-meta-layouts":"set","ast-page-background-enabled":"default","ast-page-background-meta":{"desktop":{"background-color":"var(--ast-global-color-4)","background-image":"","background-repeat":"repeat","background-position":"center center","background-size":"auto","background-attachment":"scroll","background-type":"","background-media":"","overlay-type":"","overlay-color":"","overlay-opacity":"","overlay-gradient":""},"tablet":{"background-color":"","background-image":"","background-repeat":"repeat","background-position":"center center","background-size":"auto","background-attachment":"scroll","background-type":"","background-media":"","overlay-type":"","overlay-color":"","overlay-opacity":"","overlay-gradient":""},"mobile":{"background-color":"","background-image":"","background-repeat":"repeat","background-position":"center center","background-size":"auto","background-attachment":"scroll","background-type":"","background-media":"","overlay-type":"","overlay-color":"","overlay-opacity":"","overlay-gradient":""}},"ast-content-background-meta":{"desktop":{"background-color":"var(--ast-global-color-5)","background-image":"","background-repeat":"repeat","background-position":"center center","background-size":"auto","background-attachment":"scroll","background-type":"","background-media":"","overlay-type":"","overlay-color":"","overlay-opacity":"","overlay-gradient":""},"tablet":{"background-color":"var(--ast-global-color-5)","background-image":"","background-repeat":"repeat","background-position":"center center","background-size":"auto","background-attachment":"scroll","background-type":"","background-media":"","overlay-type":"","overlay-color":"","overlay-opacity":"","overlay-gradient":""},"mobile":{"background-color":"var(--ast-global-color-5)","background-image":"","background-repeat":"repeat","background-position":"center center","background-size":"auto","background-attachment":"scroll","background-type":"","background-media":"","overlay-type":"","overlay-color":"","overlay-opacity":"","overlay-gradient":""}},"_joinchat":[],"footnotes":""},"class_list":["post-2157","page","type-page","status-publish","hentry"],"_links":{"self":[{"href":"https:\/\/globaluniview.com\/index.php\/wp-json\/wp\/v2\/pages\/2157","targetHints":{"allow":["GET"]}}],"collection":[{"href":"https:\/\/globaluniview.com\/index.php\/wp-json\/wp\/v2\/pages"}],"about":[{"href":"https:\/\/globaluniview.com\/index.php\/wp-json\/wp\/v2\/types\/page"}],"author":[{"embeddable":true,"href":"https:\/\/globaluniview.com\/index.php\/wp-json\/wp\/v2\/users\/1"}],"replies":[{"embeddable":true,"href":"https:\/\/globaluniview.com\/index.php\/wp-json\/wp\/v2\/comments?post=2157"}],"version-history":[{"count":7,"href":"https:\/\/globaluniview.com\/index.php\/wp-json\/wp\/v2\/pages\/2157\/revisions"}],"predecessor-version":[{"id":2164,"href":"https:\/\/globaluniview.com\/index.php\/wp-json\/wp\/v2\/pages\/2157\/revisions\/2164"}],"wp:attachment":[{"href":"https:\/\/globaluniview.com\/index.php\/wp-json\/wp\/v2\/media?parent=2157"}],"curies":[{"name":"wp","href":"https:\/\/api.w.org\/{rel}","templated":true}]}}