{"id":2171,"date":"2024-11-09T14:28:55","date_gmt":"2024-11-09T11:28:55","guid":{"rendered":"https:\/\/globaluniview.com\/?page_id=2171"},"modified":"2024-11-09T14:35:00","modified_gmt":"2024-11-09T11:35:00","slug":"otomatik-kapi-sistemleri","status":"publish","type":"page","link":"https:\/\/globaluniview.com\/index.php\/otomatik-kapi-sistemleri\/","title":{"rendered":"Otomatik Kap\u0131 Sistemleri"},"content":{"rendered":"\t\t<div data-elementor-type=\"wp-page\" data-elementor-id=\"2171\" class=\"elementor elementor-2171\">\n\t\t\t\t\t\t<section class=\"elementor-section elementor-top-section elementor-element elementor-element-68bc670 elementor-section-boxed elementor-section-height-default elementor-section-height-default\" data-id=\"68bc670\" data-element_type=\"section\" data-e-type=\"section\">\n\t\t\t\t\t\t<div class=\"elementor-container elementor-column-gap-default\">\n\t\t\t\t\t<div class=\"elementor-column elementor-col-100 elementor-top-column elementor-element elementor-element-5b6a73a\" data-id=\"5b6a73a\" data-element_type=\"column\" data-e-type=\"column\">\n\t\t\t<div class=\"elementor-widget-wrap elementor-element-populated\">\n\t\t\t\t\t\t\t<\/div>\n\t\t<\/div>\n\t\t\t\t\t<\/div>\n\t\t<\/section>\n\t\t\t\t<section class=\"elementor-section elementor-top-section elementor-element elementor-element-7a24450 elementor-section-boxed elementor-section-height-default elementor-section-height-default\" data-id=\"7a24450\" data-element_type=\"section\" data-e-type=\"section\">\n\t\t\t\t\t\t<div class=\"elementor-container elementor-column-gap-default\">\n\t\t\t\t\t<div class=\"elementor-column elementor-col-100 elementor-top-column elementor-element elementor-element-36154aca\" data-id=\"36154aca\" data-element_type=\"column\" data-e-type=\"column\">\n\t\t\t<div class=\"elementor-widget-wrap elementor-element-populated\">\n\t\t\t\t\t\t<div class=\"elementor-element elementor-element-3a32add1 elementor-widget elementor-widget-text-editor\" data-id=\"3a32add1\" data-element_type=\"widget\" data-e-type=\"widget\" data-widget_type=\"text-editor.default\">\n\t\t\t\t<div class=\"elementor-widget-container\">\n\t\t\t\t\t\t\t\t\t<div class=\"post-image ml-0 mb-3\">\u00a0<\/div><div class=\"row pt-4\"><div class=\"col\"><div class=\"overflow-hidden mb-3\"><h2 class=\"font-weight-bold text-8 mb-0 appear-animation animated maskUp appear-animation-visible\" data-appear-animation=\"maskUp\">Otomatik Kap\u0131 Sistemleri<\/h2><\/div><\/div><\/div><div class=\"row\"><div class=\"col-lg-12\"><div class=\"overflow-hidden hizmetler-p\"><div><strong>BAR\u0130YER S\u0130STEM\u0130:<\/strong><\/div><div>\u00a0<\/div><div>Ak\u0131ll\u0131 kollu bariyer ara\u00e7 ve insan trafi\u011fini kontrol\u00fcn\u00fc ve g\u00fcvenli\u011fini sa\u011flamak amac\u0131 ile kullan\u0131lan d\u00fc\u015f\u00fck mukavemette bariyer sistemidir. Genelde di\u011fer bariyer sistemleri ile entegre edilerek kullan\u0131lmakta ve adeta trafi\u011fi d\u00fczenleme vazifesi yapmaktad\u0131r.<\/div><div>\u00a0<\/div><div>Ak\u0131ll\u0131 kollu bariyer site giri\u015flerinde, ya\u015fam alanlar\u0131nda, al\u0131\u015fveri\u015f merkezlerinde, kamu kurumlar\u0131nda, otopark giri\u015flerinde ve otoyol \u00f6deme noktalar\u0131, askeri b\u00f6lgelerde, kamu kurumlar\u0131nda, rafineri ve fabrika giri\u015fleri gibi, vb. bir\u00e7ok alanda kar\u015f\u0131m\u0131za \u00e7\u0131kmaktad\u0131r.<\/div><div>\u00a0<\/div><div>Y\u00fcksek g\u00fcvenli\u011fin gerektirdi\u011fi yerlerde Ak\u0131ll\u0131 kollu bariyer sistemi tek ba\u015flar\u0131na kullan\u0131lmalar\u0131 g\u00fcvenlik zafiyeti g\u00f6sterece\u011fi i\u00e7in, road blocker, mantar bariyer, kayar kap\u0131 sistemleri, ara\u00e7 alt\u0131 tarama sistemleri, kartl\u0131 ge\u00e7i\u015f sistemleri ile beraber entegre edilerek sistemin en \u00f6nemli bile\u015fenlerinden biri olarak g\u00f6revini olan trafik ak\u0131\u015f\u0131n\u0131 d\u00fczenlemeyi ve b\u00f6ylece y\u00fcksek hasar meydana getirecek istenmeyen kazalar\u0131n \u00f6n\u00fcne ge\u00e7mekte \u00f6nemli rol oynar.<\/div><div>\u00a0<\/div><div>Berat Teknoloji Sistemleri tecr\u00fcbe ve bilgi birikimi ile yapm\u0131\u015f \u00fcretmi\u015f oldu\u011fu kollu bariyer sistemlerinde ak\u0131ll\u0131 teknolojiyi kullanarak, kalk\u0131\u015f ve ini\u015f g\u00f6revini 1 saniye gibi k\u0131sa zamanda yapabilmekte olup istenilen h\u0131z ve \u015fiddette ayarlanabilmektedir<\/div><div>Sistemi kontrol eden PLS \u00fcnitesi ve yaz\u0131l\u0131m\u0131 sayesinde sistem kilitleme, \u015fifreleme, h\u0131z, sertlik, kayma, trafik \u0131\u015f\u0131\u011f\u0131, led \u0131\u015f\u0131k kontrol\u00fc ve daha bir\u00e7ok \u00f6zelli\u011fi i\u00e7inde bulundurmakta ve olas\u0131 bir aksakl\u0131kta kullan\u0131c\u0131ya ar\u0131za kodlar\u0131 ile bilgi vermektedir.<\/div><div>Ak\u0131ll\u0131 bariyer sistemleri 2 metreden 6 metreye kadar m\u00fc\u015fteri iste\u011fine g\u00f6re kesinlikle hava ko\u015fullar\u0131ndan etkilenmeyecek malzemelerden \u00fcretilmektedir.<\/div><div>\u00a0<\/div><div><strong>KAYAR KAPI S\u0130STEM\u0130<\/strong><\/div><div>\u00a0<\/div><div>Otomatik end\u00fcstriyel kayar kap\u0131lar giri\u015f ve \u00e7\u0131k\u0131\u015f\u0131n oldu\u011fu Emniyetli ge\u00e7i\u015f ve kontroll\u00fc b\u00f6lge olu\u015fturmay\u0131 sa\u011flayan en \u00f6nemli g\u00fcvenlik sistemidir. D\u0131\u015far\u0131dan bak\u0131ld\u0131\u011f\u0131nda basit bir sistemmi\u015f g\u00f6r\u00fcnse de g\u00fcvenlik noktas\u0131nda korunmas\u0131 gereken b\u00f6lgenin olmazsa olmaz emniyet tedbiridir.<\/div><div>\u00a0<\/div><div>End\u00fcstriyel kayar kap\u0131lar; askeri b\u00f6lgelerde, Kamu kurumlar\u0131nda, fabrikalarda, \u00f6zel tesislerde, Apartmanlarda vb. gibi hemen hemen her yerde kullan\u0131lmaktad\u0131r.<\/div><div>End\u00fcstriyel otomatik kap\u0131lara uzaktan kumanda, buton, kartl\u0131 ge\u00e7i\u015f sistemleri, OGS, HGS, y\u00fcz tan\u0131ma, ara\u00e7 al\u0131 tarama, plaka tan\u0131ma, loop dedekt\u00f6r, road blocker, mantar bariyer, kollu bariyer vb. entegre edilebilmektedir.<\/div><div>\u00a0<\/div><div>\u00a0<\/div><div><strong>FOTOSELL\u0130 KAPI S\u0130STEM\u0130<\/strong><\/div><div>\u00a0<\/div><div>Fotoselli kap\u0131 sistemleri \u00e7ok fazla ama\u00e7la kullan\u0131lmaktad\u0131r. \u00d6rnek olarak site, apartman, al\u0131\u015fveri\u015f merkezlerinde, park, bah\u00e7elerde, villalarda, sanayide, otellerde, hastanelerde, \u00fcniversiteler, fabrikalar, modern binalarda hemen hemen akl\u0131n\u0131z\u0131n alabilece\u011fi her yerde kullanmak m\u00fcmk\u00fcnd\u00fcr.<\/div><div>\u00a0<\/div><div>Fotoselli kayar kap\u0131 sistemleri i\u00e7 ortam uygulamas\u0131 ve d\u0131\u015f ortam uygulamas\u0131 olarak sistemde kullan\u0131lacak malzemeler farkl\u0131d\u0131r. Fotoselli kayar kap\u0131 sistemleri giri\u015f ve \u00e7\u0131k\u0131\u015flar i\u00e7in uygun \u00e7\u00f6z\u00fcmlerdir h\u0131zl\u0131 a\u00e7\u0131l\u0131\u015f \u00f6zelli\u011fi ile zaman kayb\u0131n\u0131 asgari d\u00fczeye indirmektedir.<\/div><div>Fotoselli sistemlerde kayar kap\u0131lar otomatik alg\u0131lay\u0131c\u0131ya sahiptir. Kullan\u0131m \u00f6zelli\u011fine g\u00f6re farkl\u0131 alternatiflerde m\u00fc\u015fterilerimize sunmaktay\u0131z.<img decoding=\"async\" src=\"https:\/\/konforotomasyon.com\/wp-content\/uploads\/2021\/06\/fotoselli-otomatik-kapi.jpg\" alt=\"Fotoselli Kap\u0131 | Sens\u00f6rl\u00fc Kap\u0131 | Otomatik A\u00e7\u0131l\u0131r Kap\u0131 Sistemleri\" \/><img decoding=\"async\" src=\"https:\/\/endkapi.com\/wp-content\/uploads\/2021\/07\/canakkale-biga-otomatik-bahce-kapi.jpg\" alt=\"Otomatik Kap\u0131 Sistemleri \u2013 End\u00fcstriyel Kap\u0131 Sistemleri- \u00c7anakkale Biga  G\u00f6nen End Kap\u0131\" \/><\/div><div>\u00a0<img decoding=\"async\" style=\"color: var( --e-global-color-text ); font-family: var( --e-global-typography-text-font-family ), Sans-serif; font-weight: var( --e-global-typography-text-font-weight ); background-color: var(--ast-global-color-5); font-size: 1rem;\" src=\"https:\/\/www.aktascelik.com.tr\/upload\/slide\/slide1983558608.jpg\" alt=\"Akta\u015f \u00c7elik | Otomatik Kap\u0131 Sistemleri Eski\u015fehir | Personel Takip\" \/><\/div><\/div><\/div><\/div>\t\t\t\t\t\t\t\t<\/div>\n\t\t\t\t<\/div>\n\t\t\t\t\t<\/div>\n\t\t<\/div>\n\t\t\t\t\t<\/div>\n\t\t<\/section>\n\t\t\t\t<\/div>\n\t\t","protected":false},"excerpt":{"rendered":"<p>\u00a0 Otomatik Kap\u0131 Sistemleri BAR\u0130YER S\u0130STEM\u0130:\u00a0Ak\u0131ll\u0131 kollu bariyer ara\u00e7 ve insan trafi\u011fini kontrol\u00fcn\u00fc ve g\u00fcvenli\u011fini sa\u011flamak amac\u0131 ile kullan\u0131lan d\u00fc\u015f\u00fck mukavemette bariyer sistemidir. Genelde di\u011fer bariyer sistemleri ile entegre edilerek kullan\u0131lmakta ve adeta trafi\u011fi d\u00fczenleme vazifesi yapmaktad\u0131r.\u00a0Ak\u0131ll\u0131 kollu bariyer site giri\u015flerinde, ya\u015fam alanlar\u0131nda, al\u0131\u015fveri\u015f merkezlerinde, kamu kurumlar\u0131nda, otopark giri\u015flerinde ve otoyol \u00f6deme noktalar\u0131, askeri b\u00f6lgelerde, [&hellip;]<\/p>\n","protected":false},"author":1,"featured_media":0,"parent":0,"menu_order":0,"comment_status":"closed","ping_status":"closed","template":"elementor_header_footer","meta":{"site-sidebar-layout":"default","site-content-layout":"","ast-site-content-layout":"default","site-content-style":"default","site-sidebar-style":"default","ast-global-header-display":"","ast-banner-title-visibility":"","ast-main-header-display":"","ast-hfb-above-header-display":"","ast-hfb-below-header-display":"","ast-hfb-mobile-header-display":"","site-post-title":"","ast-breadcrumbs-content":"","ast-featured-img":"","footer-sml-layout":"","ast-disable-related-posts":"","theme-transparent-header-meta":"","adv-header-id-meta":"","stick-header-meta":"","header-above-stick-meta":"","header-main-stick-meta":"","header-below-stick-meta":"","astra-migrate-meta-layouts":"set","ast-page-background-enabled":"default","ast-page-background-meta":{"desktop":{"background-color":"var(--ast-global-color-4)","background-image":"","background-repeat":"repeat","background-position":"center center","background-size":"auto","background-attachment":"scroll","background-type":"","background-media":"","overlay-type":"","overlay-color":"","overlay-opacity":"","overlay-gradient":""},"tablet":{"background-color":"","background-image":"","background-repeat":"repeat","background-position":"center center","background-size":"auto","background-attachment":"scroll","background-type":"","background-media":"","overlay-type":"","overlay-color":"","overlay-opacity":"","overlay-gradient":""},"mobile":{"background-color":"","background-image":"","background-repeat":"repeat","background-position":"center center","background-size":"auto","background-attachment":"scroll","background-type":"","background-media":"","overlay-type":"","overlay-color":"","overlay-opacity":"","overlay-gradient":""}},"ast-content-background-meta":{"desktop":{"background-color":"var(--ast-global-color-5)","background-image":"","background-repeat":"repeat","background-position":"center center","background-size":"auto","background-attachment":"scroll","background-type":"","background-media":"","overlay-type":"","overlay-color":"","overlay-opacity":"","overlay-gradient":""},"tablet":{"background-color":"var(--ast-global-color-5)","background-image":"","background-repeat":"repeat","background-position":"center center","background-size":"auto","background-attachment":"scroll","background-type":"","background-media":"","overlay-type":"","overlay-color":"","overlay-opacity":"","overlay-gradient":""},"mobile":{"background-color":"var(--ast-global-color-5)","background-image":"","background-repeat":"repeat","background-position":"center center","background-size":"auto","background-attachment":"scroll","background-type":"","background-media":"","overlay-type":"","overlay-color":"","overlay-opacity":"","overlay-gradient":""}},"_joinchat":[],"footnotes":""},"class_list":["post-2171","page","type-page","status-publish","hentry"],"_links":{"self":[{"href":"https:\/\/globaluniview.com\/index.php\/wp-json\/wp\/v2\/pages\/2171","targetHints":{"allow":["GET"]}}],"collection":[{"href":"https:\/\/globaluniview.com\/index.php\/wp-json\/wp\/v2\/pages"}],"about":[{"href":"https:\/\/globaluniview.com\/index.php\/wp-json\/wp\/v2\/types\/page"}],"author":[{"embeddable":true,"href":"https:\/\/globaluniview.com\/index.php\/wp-json\/wp\/v2\/users\/1"}],"replies":[{"embeddable":true,"href":"https:\/\/globaluniview.com\/index.php\/wp-json\/wp\/v2\/comments?post=2171"}],"version-history":[{"count":7,"href":"https:\/\/globaluniview.com\/index.php\/wp-json\/wp\/v2\/pages\/2171\/revisions"}],"predecessor-version":[{"id":2178,"href":"https:\/\/globaluniview.com\/index.php\/wp-json\/wp\/v2\/pages\/2171\/revisions\/2178"}],"wp:attachment":[{"href":"https:\/\/globaluniview.com\/index.php\/wp-json\/wp\/v2\/media?parent=2171"}],"curies":[{"name":"wp","href":"https:\/\/api.w.org\/{rel}","templated":true}]}}