{"id":2179,"date":"2024-11-09T14:36:54","date_gmt":"2024-11-09T11:36:54","guid":{"rendered":"https:\/\/globaluniview.com\/?page_id=2179"},"modified":"2024-11-09T14:38:52","modified_gmt":"2024-11-09T11:38:52","slug":"seslendirme-sistemleri","status":"publish","type":"page","link":"https:\/\/globaluniview.com\/index.php\/seslendirme-sistemleri\/","title":{"rendered":"Seslendirme Sistemleri"},"content":{"rendered":"\t\t<div data-elementor-type=\"wp-page\" data-elementor-id=\"2179\" class=\"elementor elementor-2179\">\n\t\t\t\t\t\t<section class=\"elementor-section elementor-top-section elementor-element elementor-element-68bc670 elementor-section-boxed elementor-section-height-default elementor-section-height-default\" data-id=\"68bc670\" data-element_type=\"section\" data-e-type=\"section\">\n\t\t\t\t\t\t<div class=\"elementor-container elementor-column-gap-default\">\n\t\t\t\t\t<div class=\"elementor-column elementor-col-100 elementor-top-column elementor-element elementor-element-5b6a73a\" data-id=\"5b6a73a\" data-element_type=\"column\" data-e-type=\"column\">\n\t\t\t<div class=\"elementor-widget-wrap elementor-element-populated\">\n\t\t\t\t\t\t\t<\/div>\n\t\t<\/div>\n\t\t\t\t\t<\/div>\n\t\t<\/section>\n\t\t\t\t<section class=\"elementor-section elementor-top-section elementor-element elementor-element-7a24450 elementor-section-boxed elementor-section-height-default elementor-section-height-default\" data-id=\"7a24450\" data-element_type=\"section\" data-e-type=\"section\">\n\t\t\t\t\t\t<div class=\"elementor-container elementor-column-gap-default\">\n\t\t\t\t\t<div class=\"elementor-column elementor-col-100 elementor-top-column elementor-element elementor-element-36154aca\" data-id=\"36154aca\" data-element_type=\"column\" data-e-type=\"column\">\n\t\t\t<div class=\"elementor-widget-wrap elementor-element-populated\">\n\t\t\t\t\t\t<div class=\"elementor-element elementor-element-3a32add1 elementor-widget elementor-widget-text-editor\" data-id=\"3a32add1\" data-element_type=\"widget\" data-e-type=\"widget\" data-widget_type=\"text-editor.default\">\n\t\t\t\t<div class=\"elementor-widget-container\">\n\t\t\t\t\t\t\t\t\t<div class=\"post-image ml-0 mb-3\"><img decoding=\"async\" src=\"https:\/\/www.hedefcozum.com.tr\/uploads\/indir_1_1.jpg\" alt=\"SESLENDIRME-VE-ACIL-ANONS-SISTEMLERI\" \/><\/div><div class=\"row pt-4\"><div class=\"col\"><div class=\"overflow-hidden mb-3\"><h2 class=\"font-weight-bold text-8 mb-0 appear-animation animated maskUp appear-animation-visible\" data-appear-animation=\"maskUp\">Seslendirme Sistemleri<\/h2><\/div><\/div><\/div><div class=\"row\"><div class=\"col-lg-12\"><div class=\"overflow-hidden hizmetler-p\"><div>Yang\u0131n veya herhangi bir acil durumda alarm mesajlar\u0131n\u0131n iletimi veya genel ama\u00e7l\u0131 anons iletimi ile s\u00fcrekli fon m\u00fczi\u011fi yay\u0131nlamas\u0131 amac\u0131yla ileri teknolojinin gereklerini yerine getiren sistemlerdir. Acil anonsta ama\u00e7 insanlar\u0131n g\u00fcvenli bir \u015fekilde ortamdan tahliye edilmesini sa\u011flamakt\u0131r. Sistemlerin kurulaca\u011f\u0131 yerlerin b\u00fcy\u00fckl\u00fc\u011f\u00fc ve zone say\u0131lar\u0131, sistemin yap\u0131s\u0131n\u0131 belirlemektedir.<\/div><div>\u00a0<\/div><div>Kurulan sistemler, yang\u0131n alarm gibi sistemlerle entegre olarak \u00e7al\u0131\u015fabilmektedir. Seslendirme sistemlerinde ama\u00e7 sadece m\u00fczik yay\u0131n\u0131 ve anons yap\u0131labilmesini sa\u011flamak de\u011fil, yay\u0131n\u0131n anla\u015f\u0131labilir, g\u00fcvenli ve s\u00fcrekli olmas\u0131n\u0131 da sa\u011flamakt\u0131r.<\/div><div>\u00a0<\/div><div>Genel seslendirme ve acil anons sistemleri, b\u00fcy\u00fck kitlelere acil durum anonslar\u0131n\u0131n yap\u0131lmas\u0131, \u00e7ok say\u0131da ki\u015fiye \u00f6nceden kaydedilmi\u015f mesajlar\u0131n iletilmesi ve \u00e7evre m\u00fczik yay\u0131n\u0131 gibi faydalar\u0131yla dikkat \u00e7ekmektedir. Geli\u015fmi\u015f sistemlerin \u00e7ok geni\u015f kullan\u0131m alanlar\u0131 vard\u0131r: Tren istasyonlar\u0131, ofis binalar\u0131, al\u0131\u015fveri\u015f merkezleri, tiyatro ve sinemalar, \u00fcniversite kamp\u00fcsleri, vs.<\/div><\/div><\/div><\/div>\t\t\t\t\t\t\t\t<\/div>\n\t\t\t\t<\/div>\n\t\t\t\t\t<\/div>\n\t\t<\/div>\n\t\t\t\t\t<\/div>\n\t\t<\/section>\n\t\t\t\t<\/div>\n\t\t","protected":false},"excerpt":{"rendered":"<p>Seslendirme Sistemleri Yang\u0131n veya herhangi bir acil durumda alarm mesajlar\u0131n\u0131n iletimi veya genel ama\u00e7l\u0131 anons iletimi ile s\u00fcrekli fon m\u00fczi\u011fi yay\u0131nlamas\u0131 amac\u0131yla ileri teknolojinin gereklerini yerine getiren sistemlerdir. Acil anonsta ama\u00e7 insanlar\u0131n g\u00fcvenli bir \u015fekilde ortamdan tahliye edilmesini sa\u011flamakt\u0131r. Sistemlerin kurulaca\u011f\u0131 yerlerin b\u00fcy\u00fckl\u00fc\u011f\u00fc ve zone say\u0131lar\u0131, sistemin yap\u0131s\u0131n\u0131 belirlemektedir.\u00a0Kurulan sistemler, yang\u0131n alarm gibi sistemlerle entegre [&hellip;]<\/p>\n","protected":false},"author":1,"featured_media":0,"parent":0,"menu_order":0,"comment_status":"closed","ping_status":"closed","template":"elementor_header_footer","meta":{"site-sidebar-layout":"default","site-content-layout":"","ast-site-content-layout":"default","site-content-style":"default","site-sidebar-style":"default","ast-global-header-display":"","ast-banner-title-visibility":"","ast-main-header-display":"","ast-hfb-above-header-display":"","ast-hfb-below-header-display":"","ast-hfb-mobile-header-display":"","site-post-title":"","ast-breadcrumbs-content":"","ast-featured-img":"","footer-sml-layout":"","ast-disable-related-posts":"","theme-transparent-header-meta":"","adv-header-id-meta":"","stick-header-meta":"","header-above-stick-meta":"","header-main-stick-meta":"","header-below-stick-meta":"","astra-migrate-meta-layouts":"set","ast-page-background-enabled":"default","ast-page-background-meta":{"desktop":{"background-color":"var(--ast-global-color-4)","background-image":"","background-repeat":"repeat","background-position":"center center","background-size":"auto","background-attachment":"scroll","background-type":"","background-media":"","overlay-type":"","overlay-color":"","overlay-opacity":"","overlay-gradient":""},"tablet":{"background-color":"","background-image":"","background-repeat":"repeat","background-position":"center center","background-size":"auto","background-attachment":"scroll","background-type":"","background-media":"","overlay-type":"","overlay-color":"","overlay-opacity":"","overlay-gradient":""},"mobile":{"background-color":"","background-image":"","background-repeat":"repeat","background-position":"center center","background-size":"auto","background-attachment":"scroll","background-type":"","background-media":"","overlay-type":"","overlay-color":"","overlay-opacity":"","overlay-gradient":""}},"ast-content-background-meta":{"desktop":{"background-color":"var(--ast-global-color-5)","background-image":"","background-repeat":"repeat","background-position":"center center","background-size":"auto","background-attachment":"scroll","background-type":"","background-media":"","overlay-type":"","overlay-color":"","overlay-opacity":"","overlay-gradient":""},"tablet":{"background-color":"var(--ast-global-color-5)","background-image":"","background-repeat":"repeat","background-position":"center center","background-size":"auto","background-attachment":"scroll","background-type":"","background-media":"","overlay-type":"","overlay-color":"","overlay-opacity":"","overlay-gradient":""},"mobile":{"background-color":"var(--ast-global-color-5)","background-image":"","background-repeat":"repeat","background-position":"center center","background-size":"auto","background-attachment":"scroll","background-type":"","background-media":"","overlay-type":"","overlay-color":"","overlay-opacity":"","overlay-gradient":""}},"_joinchat":[],"footnotes":""},"class_list":["post-2179","page","type-page","status-publish","hentry"],"_links":{"self":[{"href":"https:\/\/globaluniview.com\/index.php\/wp-json\/wp\/v2\/pages\/2179","targetHints":{"allow":["GET"]}}],"collection":[{"href":"https:\/\/globaluniview.com\/index.php\/wp-json\/wp\/v2\/pages"}],"about":[{"href":"https:\/\/globaluniview.com\/index.php\/wp-json\/wp\/v2\/types\/page"}],"author":[{"embeddable":true,"href":"https:\/\/globaluniview.com\/index.php\/wp-json\/wp\/v2\/users\/1"}],"replies":[{"embeddable":true,"href":"https:\/\/globaluniview.com\/index.php\/wp-json\/wp\/v2\/comments?post=2179"}],"version-history":[{"count":4,"href":"https:\/\/globaluniview.com\/index.php\/wp-json\/wp\/v2\/pages\/2179\/revisions"}],"predecessor-version":[{"id":2184,"href":"https:\/\/globaluniview.com\/index.php\/wp-json\/wp\/v2\/pages\/2179\/revisions\/2184"}],"wp:attachment":[{"href":"https:\/\/globaluniview.com\/index.php\/wp-json\/wp\/v2\/media?parent=2179"}],"curies":[{"name":"wp","href":"https:\/\/api.w.org\/{rel}","templated":true}]}}