{"id":2185,"date":"2024-11-09T14:42:59","date_gmt":"2024-11-09T11:42:59","guid":{"rendered":"https:\/\/globaluniview.com\/?page_id=2185"},"modified":"2024-11-09T14:44:10","modified_gmt":"2024-11-09T11:44:10","slug":"telefon-santral-sistemleri","status":"publish","type":"page","link":"https:\/\/globaluniview.com\/index.php\/telefon-santral-sistemleri\/","title":{"rendered":"Telefon Santral Sistemleri"},"content":{"rendered":"\t\t<div data-elementor-type=\"wp-page\" data-elementor-id=\"2185\" class=\"elementor elementor-2185\">\n\t\t\t\t\t\t<section class=\"elementor-section elementor-top-section elementor-element elementor-element-68bc670 elementor-section-boxed elementor-section-height-default elementor-section-height-default\" data-id=\"68bc670\" data-element_type=\"section\" data-e-type=\"section\">\n\t\t\t\t\t\t<div class=\"elementor-container elementor-column-gap-default\">\n\t\t\t\t\t<div class=\"elementor-column elementor-col-100 elementor-top-column elementor-element elementor-element-5b6a73a\" data-id=\"5b6a73a\" data-element_type=\"column\" data-e-type=\"column\">\n\t\t\t<div class=\"elementor-widget-wrap elementor-element-populated\">\n\t\t\t\t\t\t\t<\/div>\n\t\t<\/div>\n\t\t\t\t\t<\/div>\n\t\t<\/section>\n\t\t\t\t<section class=\"elementor-section elementor-top-section elementor-element elementor-element-7a24450 elementor-section-boxed elementor-section-height-default elementor-section-height-default\" data-id=\"7a24450\" data-element_type=\"section\" data-e-type=\"section\">\n\t\t\t\t\t\t<div class=\"elementor-container elementor-column-gap-default\">\n\t\t\t\t\t<div class=\"elementor-column elementor-col-100 elementor-top-column elementor-element elementor-element-36154aca\" data-id=\"36154aca\" data-element_type=\"column\" data-e-type=\"column\">\n\t\t\t<div class=\"elementor-widget-wrap elementor-element-populated\">\n\t\t\t\t\t\t<div class=\"elementor-element elementor-element-3a32add1 elementor-widget elementor-widget-text-editor\" data-id=\"3a32add1\" data-element_type=\"widget\" data-e-type=\"widget\" data-widget_type=\"text-editor.default\">\n\t\t\t\t<div class=\"elementor-widget-container\">\n\t\t\t\t\t\t\t\t\t<div class=\"post-image ml-0 mb-3\"><img decoding=\"async\" src=\"https:\/\/www.hisarbilgisayar.com.tr\/uploaded_files\/fileman\/ip_telefon_santrali.jpg\" alt=\"IP Santral Sistemleri\" \/><\/div><div class=\"row pt-4\"><div class=\"col\"><div class=\"overflow-hidden mb-3\"><h2 class=\"font-weight-bold text-8 mb-0 appear-animation animated maskUp appear-animation-visible\" data-appear-animation=\"maskUp\">Telefon Santral Sistemleri<\/h2><\/div><\/div><\/div><div class=\"row\"><div class=\"col-lg-12\"><div class=\"overflow-hidden hizmetler-p\"><div>Santral sistemi, telefon \u015febekelerinde aboneler ve kullan\u0131c\u0131lar aras\u0131nda ileti\u015fimi sa\u011flayan gelen ve giden aramalar\u0131 otomatik olarak y\u00f6nlendiren telekom\u00fcnikasyon sistemine verilen isimdir. Santral sistemlerinin ana i\u015flevi, gelen ve giden arama trafi\u011fini y\u00f6nlendirmek olmas\u0131n\u0131n yan\u0131nda Video Telefon, Sesli Mesaj (Voicemail) ve \u0130nteraktif Sesli Cevap (IVR) gibi ek i\u015flevlere de sahip olabilir.<\/div><div>\u00a0<\/div><div>Santral sistemi, mod\u00fcler bir yap\u0131ya sahip olan santral cihaz\u0131 ve buna farkl\u0131 noktalardan ba\u011fl\u0131 yaz\u0131l\u0131m tabanl\u0131 telefon, masa\u00fcst\u00fc IP telefon, videofon, VoIP destekli cep telefonu, IP DECT ve analog setlerden meydana gelebilmektedir. Bu harici bile\u015fenler, i\u015fletmenin ihtiyac\u0131na uygun olarak \u015fekillenebilmektedir. \u00d6rne\u011fin; birden fazla lokasyona sahip olan i\u015fletmeler, ek donan\u0131ma ihtiya\u00e7 duymadan internet \u00fczerinden merkezde bulunan santral sistemine; IP telefon, yaz\u0131l\u0131m tabanl\u0131 IP telefon, WiFi telefon, VoIP destekli ak\u0131ll\u0131 cep telefonu gibi IP \u00fczerinden haberle\u015febilen bile\u015fenler ile ba\u011flanarak ileti\u015fimi sa\u011flayabilirler. Bunun yan\u0131nda santral sistemine ba\u011fl\u0131 aboneler, kendi aralar\u0131nda ve d\u0131\u015f hatlar \u00fczerinden uygun donan\u0131m ya da yaz\u0131l\u0131m tabanl\u0131 telefonlar arac\u0131l\u0131\u011f\u0131yla g\u00f6r\u00fcnt\u00fcl\u00fc g\u00f6r\u00fc\u015fme yapabilmektedirler.<\/div><div>Santral sistemlerinin bu \u00f6zellikleri, i\u015fletmelere y\u00fcksek kapasiteli bir ileti\u015fim a\u011f\u0131 sa\u011flamas\u0131n\u0131n yan\u0131nda i\u015fletmenin ileti\u015fim maliyetlerini de d\u00fc\u015f\u00fcrmektedir. Bu nedenle santral sistemi kurulmadan \u00f6nce i\u015fletmenin temel ihtiya\u00e7lar\u0131 ile sonradan gereksinim duyabilece\u011fi ihtiya\u00e7lar g\u00f6z \u00f6n\u00fcnde bulundurulup ileriye d\u00f6n\u00fck tercih yapmak do\u011fru se\u00e7im olacakt\u0131r.<\/div><div>\u00a0<\/div><\/div><\/div><\/div>\t\t\t\t\t\t\t\t<\/div>\n\t\t\t\t<\/div>\n\t\t\t\t\t<\/div>\n\t\t<\/div>\n\t\t\t\t\t<\/div>\n\t\t<\/section>\n\t\t\t\t<\/div>\n\t\t","protected":false},"excerpt":{"rendered":"<p>Telefon Santral Sistemleri Santral sistemi, telefon \u015febekelerinde aboneler ve kullan\u0131c\u0131lar aras\u0131nda ileti\u015fimi sa\u011flayan gelen ve giden aramalar\u0131 otomatik olarak y\u00f6nlendiren telekom\u00fcnikasyon sistemine verilen isimdir. Santral sistemlerinin ana i\u015flevi, gelen ve giden arama trafi\u011fini y\u00f6nlendirmek olmas\u0131n\u0131n yan\u0131nda Video Telefon, Sesli Mesaj (Voicemail) ve \u0130nteraktif Sesli Cevap (IVR) gibi ek i\u015flevlere de sahip olabilir.\u00a0Santral sistemi, mod\u00fcler bir [&hellip;]<\/p>\n","protected":false},"author":1,"featured_media":0,"parent":0,"menu_order":0,"comment_status":"closed","ping_status":"closed","template":"elementor_header_footer","meta":{"site-sidebar-layout":"default","site-content-layout":"","ast-site-content-layout":"default","site-content-style":"default","site-sidebar-style":"default","ast-global-header-display":"","ast-banner-title-visibility":"","ast-main-header-display":"","ast-hfb-above-header-display":"","ast-hfb-below-header-display":"","ast-hfb-mobile-header-display":"","site-post-title":"","ast-breadcrumbs-content":"","ast-featured-img":"","footer-sml-layout":"","ast-disable-related-posts":"","theme-transparent-header-meta":"","adv-header-id-meta":"","stick-header-meta":"","header-above-stick-meta":"","header-main-stick-meta":"","header-below-stick-meta":"","astra-migrate-meta-layouts":"set","ast-page-background-enabled":"default","ast-page-background-meta":{"desktop":{"background-color":"var(--ast-global-color-4)","background-image":"","background-repeat":"repeat","background-position":"center center","background-size":"auto","background-attachment":"scroll","background-type":"","background-media":"","overlay-type":"","overlay-color":"","overlay-opacity":"","overlay-gradient":""},"tablet":{"background-color":"","background-image":"","background-repeat":"repeat","background-position":"center center","background-size":"auto","background-attachment":"scroll","background-type":"","background-media":"","overlay-type":"","overlay-color":"","overlay-opacity":"","overlay-gradient":""},"mobile":{"background-color":"","background-image":"","background-repeat":"repeat","background-position":"center center","background-size":"auto","background-attachment":"scroll","background-type":"","background-media":"","overlay-type":"","overlay-color":"","overlay-opacity":"","overlay-gradient":""}},"ast-content-background-meta":{"desktop":{"background-color":"var(--ast-global-color-5)","background-image":"","background-repeat":"repeat","background-position":"center center","background-size":"auto","background-attachment":"scroll","background-type":"","background-media":"","overlay-type":"","overlay-color":"","overlay-opacity":"","overlay-gradient":""},"tablet":{"background-color":"var(--ast-global-color-5)","background-image":"","background-repeat":"repeat","background-position":"center center","background-size":"auto","background-attachment":"scroll","background-type":"","background-media":"","overlay-type":"","overlay-color":"","overlay-opacity":"","overlay-gradient":""},"mobile":{"background-color":"var(--ast-global-color-5)","background-image":"","background-repeat":"repeat","background-position":"center center","background-size":"auto","background-attachment":"scroll","background-type":"","background-media":"","overlay-type":"","overlay-color":"","overlay-opacity":"","overlay-gradient":""}},"_joinchat":[],"footnotes":""},"class_list":["post-2185","page","type-page","status-publish","hentry"],"_links":{"self":[{"href":"https:\/\/globaluniview.com\/index.php\/wp-json\/wp\/v2\/pages\/2185","targetHints":{"allow":["GET"]}}],"collection":[{"href":"https:\/\/globaluniview.com\/index.php\/wp-json\/wp\/v2\/pages"}],"about":[{"href":"https:\/\/globaluniview.com\/index.php\/wp-json\/wp\/v2\/types\/page"}],"author":[{"embeddable":true,"href":"https:\/\/globaluniview.com\/index.php\/wp-json\/wp\/v2\/users\/1"}],"replies":[{"embeddable":true,"href":"https:\/\/globaluniview.com\/index.php\/wp-json\/wp\/v2\/comments?post=2185"}],"version-history":[{"count":4,"href":"https:\/\/globaluniview.com\/index.php\/wp-json\/wp\/v2\/pages\/2185\/revisions"}],"predecessor-version":[{"id":2189,"href":"https:\/\/globaluniview.com\/index.php\/wp-json\/wp\/v2\/pages\/2185\/revisions\/2189"}],"wp:attachment":[{"href":"https:\/\/globaluniview.com\/index.php\/wp-json\/wp\/v2\/media?parent=2185"}],"curies":[{"name":"wp","href":"https:\/\/api.w.org\/{rel}","templated":true}]}}