{"id":2108,"date":"2024-11-02T15:37:04","date_gmt":"2024-11-02T12:37:04","guid":{"rendered":"https:\/\/globaluniview.com\/?post_type=product&#038;p=2108"},"modified":"2025-06-18T14:00:56","modified_gmt":"2025-06-18T11:00:56","slug":"hp-24-df1017nt-a1xs4ea-3-1115g4-8-gb-256-gb-ssd-uhd-graphics-23-8-full-hd-all-in-one-pc","status":"publish","type":"product","link":"https:\/\/globaluniview.com\/index.php\/urun\/hp-24-df1017nt-a1xs4ea-3-1115g4-8-gb-256-gb-ssd-uhd-graphics-23-8-full-hd-all-in-one-pc\/","title":{"rendered":"hp 24-df1017nt a1xs4ea 3-1115g4 8 gb 256 gb ssd uhd graphics 23.8&#8243; full hd all in one pc"},"content":{"rendered":"<table class=\"prop-tab\">\n<tbody>\n<tr>\n<td class=\"title\">Monit\u00f6r<\/td>\n<td>24 in\u00e7<\/td>\n<\/tr>\n<tr>\n<td class=\"title\">\u0130\u015flemci Ailesi<\/td>\n<td>Intel Core i3<\/td>\n<\/tr>\n<tr>\n<td class=\"title\">\u0130\u015flemci Tipi<\/td>\n<td>11. Nesil Intel Core i3<\/td>\n<\/tr>\n<tr>\n<td class=\"title\">i\u015flemci Kodu<\/td>\n<td>i3-1115G4<\/td>\n<\/tr>\n<tr>\n<td class=\"title\">\u0130\u015fletim Sistemi Ailesi<\/td>\n<td>MS Windows<\/td>\n<\/tr>\n<tr>\n<td class=\"title\">\u0130\u015fletim Sistemi<\/td>\n<td>Windows 11 Home<\/td>\n<\/tr>\n<tr>\n<td class=\"title\">Anabellek<\/td>\n<td>8 GB<\/td>\n<\/tr>\n<tr>\n<td class=\"title\">Sabit Disk &#8211; HDD<\/td>\n<td>Yok<\/td>\n<\/tr>\n<tr>\n<td class=\"title\">Sabit Disk &#8211; SSD<\/td>\n<td>256 GB<\/td>\n<\/tr>\n<\/tbody>\n<\/table>\n","protected":false},"excerpt":{"rendered":"<p>Monit\u00f6r 24 in\u00e7 \u0130\u015flemci Ailesi Intel Core i3 \u0130\u015flemci Tipi 11. Nesil Intel Core i3 i\u015flemci Kodu i3-1115G4 \u0130\u015fletim Sistemi Ailesi MS Windows \u0130\u015fletim Sistemi Windows 11 Home Anabellek 8 GB Sabit Disk &#8211; HDD Yok Sabit Disk &#8211; SSD 256 GB<\/p>\n","protected":false},"featured_media":2109,"comment_status":"open","ping_status":"closed","template":"","meta":{"site-sidebar-layout":"default","site-content-layout":"","ast-site-content-layout":"default","site-content-style":"default","site-sidebar-style":"default","ast-global-header-display":"","ast-banner-title-visibility":"","ast-main-header-display":"","ast-hfb-above-header-display":"","ast-hfb-below-header-display":"","ast-hfb-mobile-header-display":"","site-post-title":"","ast-breadcrumbs-content":"","ast-featured-img":"","footer-sml-layout":"","ast-disable-related-posts":"","theme-transparent-header-meta":"default","adv-header-id-meta":"","stick-header-meta":"","header-above-stick-meta":"","header-main-stick-meta":"","header-below-stick-meta":"","astra-migrate-meta-layouts":"set","ast-page-background-enabled":"default","ast-page-background-meta":{"desktop":{"background-color":"var(--ast-global-color-4)","background-image":"","background-repeat":"repeat","background-position":"center center","background-size":"auto","background-attachment":"scroll","background-type":"","background-media":"","overlay-type":"","overlay-color":"","overlay-opacity":"","overlay-gradient":""},"tablet":{"background-color":"","background-image":"","background-repeat":"repeat","background-position":"center center","background-size":"auto","background-attachment":"scroll","background-type":"","background-media":"","overlay-type":"","overlay-color":"","overlay-opacity":"","overlay-gradient":""},"mobile":{"background-color":"","background-image":"","background-repeat":"repeat","background-position":"center center","background-size":"auto","background-attachment":"scroll","background-type":"","background-media":"","overlay-type":"","overlay-color":"","overlay-opacity":"","overlay-gradient":""}},"ast-content-background-meta":{"desktop":{"background-color":"var(--ast-global-color-5)","background-image":"","background-repeat":"repeat","background-position":"center center","background-size":"auto","background-attachment":"scroll","background-type":"","background-media":"","overlay-type":"","overlay-color":"","overlay-opacity":"","overlay-gradient":""},"tablet":{"background-color":"var(--ast-global-color-5)","background-image":"","background-repeat":"repeat","background-position":"center center","background-size":"auto","background-attachment":"scroll","background-type":"","background-media":"","overlay-type":"","overlay-color":"","overlay-opacity":"","overlay-gradient":""},"mobile":{"background-color":"var(--ast-global-color-5)","background-image":"","background-repeat":"repeat","background-position":"center center","background-size":"auto","background-attachment":"scroll","background-type":"","background-media":"","overlay-type":"","overlay-color":"","overlay-opacity":"","overlay-gradient":""}},"_joinchat":{"telephone":"+905425708594"}},"product_brand":[],"product_cat":[15,26],"product_tag":[],"class_list":{"0":"post-2108","1":"product","2":"type-product","3":"status-publish","4":"has-post-thumbnail","6":"product_cat-genel","7":"product_cat-hp","8":"desktop-align-left","9":"tablet-align-left","10":"mobile-align-left","12":"first","13":"instock","14":"taxable","15":"shipping-taxable","16":"product-type-simple"},"_links":{"self":[{"href":"https:\/\/globaluniview.com\/index.php\/wp-json\/wp\/v2\/product\/2108","targetHints":{"allow":["GET"]}}],"collection":[{"href":"https:\/\/globaluniview.com\/index.php\/wp-json\/wp\/v2\/product"}],"about":[{"href":"https:\/\/globaluniview.com\/index.php\/wp-json\/wp\/v2\/types\/product"}],"replies":[{"embeddable":true,"href":"https:\/\/globaluniview.com\/index.php\/wp-json\/wp\/v2\/comments?post=2108"}],"wp:featuredmedia":[{"embeddable":true,"href":"https:\/\/globaluniview.com\/index.php\/wp-json\/wp\/v2\/media\/2109"}],"wp:attachment":[{"href":"https:\/\/globaluniview.com\/index.php\/wp-json\/wp\/v2\/media?parent=2108"}],"wp:term":[{"taxonomy":"product_brand","embeddable":true,"href":"https:\/\/globaluniview.com\/index.php\/wp-json\/wp\/v2\/product_brand?post=2108"},{"taxonomy":"product_cat","embeddable":true,"href":"https:\/\/globaluniview.com\/index.php\/wp-json\/wp\/v2\/product_cat?post=2108"},{"taxonomy":"product_tag","embeddable":true,"href":"https:\/\/globaluniview.com\/index.php\/wp-json\/wp\/v2\/product_tag?post=2108"}],"curies":[{"name":"wp","href":"https:\/\/api.w.org\/{rel}","templated":true}]}}