{"id":2114,"date":"2024-11-03T22:00:16","date_gmt":"2024-11-03T19:00:16","guid":{"rendered":"https:\/\/globaluniview.com\/?post_type=product&#038;p=2114"},"modified":"2025-09-20T10:53:23","modified_gmt":"2025-09-20T07:53:23","slug":"hp-proone-245-g10-8t2w6es-ryzen-5-7520u-16-gb-512-gb-ssd-radeon-610m-23-8-full-hd-all-in-one-pc","status":"publish","type":"product","link":"https:\/\/globaluniview.com\/index.php\/urun\/hp-proone-245-g10-8t2w6es-ryzen-5-7520u-16-gb-512-gb-ssd-radeon-610m-23-8-full-hd-all-in-one-pc\/","title":{"rendered":"hp proone 245 g10 8t2w6es ryzen 5 7520u 16 gb 512 gb ssd radeon 610m 23.8&#8243; full hd all in one pc"},"content":{"rendered":"<table class=\"prop-tab\">\n<tbody>\n<tr>\n<td class=\"title\">Monit\u00f6r<\/td>\n<td>24 in\u00e7<\/td>\n<\/tr>\n<tr>\n<td class=\"title\">\u0130\u015flemci Ailesi<\/td>\n<td>AMD<\/td>\n<\/tr>\n<tr>\n<td class=\"title\">i\u015flemci Kodu<\/td>\n<td>R5-7520U<\/td>\n<\/tr>\n<tr>\n<td class=\"title\">\u0130\u015fletim Sistemi Ailesi<\/td>\n<td>MS Windows<\/td>\n<\/tr>\n<tr>\n<td class=\"title\">\u0130\u015fletim Sistemi<\/td>\n<td>FreeDOS<\/td>\n<\/tr>\n<tr>\n<td class=\"title\">Anabellek<\/td>\n<td>16 GB<\/td>\n<\/tr>\n<tr>\n<td class=\"title\">Sabit Disk &#8211; HDD<\/td>\n<td>Yok<\/td>\n<\/tr>\n<tr>\n<td class=\"title\">Sabit Disk &#8211; SSD<\/td>\n<td>512 GB<\/td>\n<\/tr>\n<\/tbody>\n<\/table>\n","protected":false},"excerpt":{"rendered":"<table class=\"product-detail-vertical-table\">\n<thead>\n<tr>\n<th>EAN<\/th>\n<th>Birim<\/th>\n<th>\u0130\u00e7erik<\/th>\n<th>Hacim<\/th>\n<th>Br\u00fct A\u011f\u0131rl\u0131k<\/th>\n<th>Net A\u011f\u0131rl\u0131k<\/th>\n<th>Boyutlar<\/th>\n<\/tr>\n<\/thead>\n<tbody>\n<tr>\n<td>0197961423488<\/td>\n<td>Adet<\/td>\n<td>1 Adet<\/td>\n<td>18,473 DES<\/td>\n<td>7,000 KG<\/td>\n<td>7,000 KG<\/td>\n<td>49,000 x 39,000 x 29,000 CM<\/td>\n<\/tr>\n<tr>\n<td><\/td>\n<td>Palet<\/td>\n<td>40 Adet<\/td>\n<td>863,914 DES<\/td>\n<td>0,000<\/td>\n<td>7,000<\/td>\n<td>120,000 x 100,000 x 216,000 CM<\/td>\n<\/tr>\n<\/tbody>\n<\/table>\n","protected":false},"featured_media":2112,"comment_status":"open","ping_status":"closed","template":"","meta":{"site-sidebar-layout":"default","site-content-layout":"","ast-site-content-layout":"default","site-content-style":"default","site-sidebar-style":"default","ast-global-header-display":"","ast-banner-title-visibility":"","ast-main-header-display":"","ast-hfb-above-header-display":"","ast-hfb-below-header-display":"","ast-hfb-mobile-header-display":"","site-post-title":"","ast-breadcrumbs-content":"","ast-featured-img":"","footer-sml-layout":"","ast-disable-related-posts":"","theme-transparent-header-meta":"default","adv-header-id-meta":"","stick-header-meta":"","header-above-stick-meta":"","header-main-stick-meta":"","header-below-stick-meta":"","astra-migrate-meta-layouts":"set","ast-page-background-enabled":"default","ast-page-background-meta":{"desktop":{"background-color":"var(--ast-global-color-4)","background-image":"","background-repeat":"repeat","background-position":"center center","background-size":"auto","background-attachment":"scroll","background-type":"","background-media":"","overlay-type":"","overlay-color":"","overlay-opacity":"","overlay-gradient":""},"tablet":{"background-color":"","background-image":"","background-repeat":"repeat","background-position":"center center","background-size":"auto","background-attachment":"scroll","background-type":"","background-media":"","overlay-type":"","overlay-color":"","overlay-opacity":"","overlay-gradient":""},"mobile":{"background-color":"","background-image":"","background-repeat":"repeat","background-position":"center center","background-size":"auto","background-attachment":"scroll","background-type":"","background-media":"","overlay-type":"","overlay-color":"","overlay-opacity":"","overlay-gradient":""}},"ast-content-background-meta":{"desktop":{"background-color":"var(--ast-global-color-5)","background-image":"","background-repeat":"repeat","background-position":"center center","background-size":"auto","background-attachment":"scroll","background-type":"","background-media":"","overlay-type":"","overlay-color":"","overlay-opacity":"","overlay-gradient":""},"tablet":{"background-color":"var(--ast-global-color-5)","background-image":"","background-repeat":"repeat","background-position":"center center","background-size":"auto","background-attachment":"scroll","background-type":"","background-media":"","overlay-type":"","overlay-color":"","overlay-opacity":"","overlay-gradient":""},"mobile":{"background-color":"var(--ast-global-color-5)","background-image":"","background-repeat":"repeat","background-position":"center center","background-size":"auto","background-attachment":"scroll","background-type":"","background-media":"","overlay-type":"","overlay-color":"","overlay-opacity":"","overlay-gradient":""}},"_joinchat":{"telephone":"+905425708594"}},"product_brand":[],"product_cat":[15,26],"product_tag":[],"class_list":{"0":"post-2114","1":"product","2":"type-product","3":"status-publish","4":"has-post-thumbnail","6":"product_cat-genel","7":"product_cat-hp","8":"desktop-align-left","9":"tablet-align-left","10":"mobile-align-left","12":"first","13":"instock","14":"taxable","15":"shipping-taxable","16":"product-type-simple"},"_links":{"self":[{"href":"https:\/\/globaluniview.com\/index.php\/wp-json\/wp\/v2\/product\/2114","targetHints":{"allow":["GET"]}}],"collection":[{"href":"https:\/\/globaluniview.com\/index.php\/wp-json\/wp\/v2\/product"}],"about":[{"href":"https:\/\/globaluniview.com\/index.php\/wp-json\/wp\/v2\/types\/product"}],"replies":[{"embeddable":true,"href":"https:\/\/globaluniview.com\/index.php\/wp-json\/wp\/v2\/comments?post=2114"}],"wp:featuredmedia":[{"embeddable":true,"href":"https:\/\/globaluniview.com\/index.php\/wp-json\/wp\/v2\/media\/2112"}],"wp:attachment":[{"href":"https:\/\/globaluniview.com\/index.php\/wp-json\/wp\/v2\/media?parent=2114"}],"wp:term":[{"taxonomy":"product_brand","embeddable":true,"href":"https:\/\/globaluniview.com\/index.php\/wp-json\/wp\/v2\/product_brand?post=2114"},{"taxonomy":"product_cat","embeddable":true,"href":"https:\/\/globaluniview.com\/index.php\/wp-json\/wp\/v2\/product_cat?post=2114"},{"taxonomy":"product_tag","embeddable":true,"href":"https:\/\/globaluniview.com\/index.php\/wp-json\/wp\/v2\/product_tag?post=2114"}],"curies":[{"name":"wp","href":"https:\/\/api.w.org\/{rel}","templated":true}]}}