{"id":2124,"date":"2024-11-03T22:34:57","date_gmt":"2024-11-03T19:34:57","guid":{"rendered":"https:\/\/globaluniview.com\/?post_type=product&#038;p=2124"},"modified":"2025-06-18T14:02:14","modified_gmt":"2025-06-18T11:02:14","slug":"hp-aio-7b0y7ea-eo840-g9-i5-13500-16gb-512gb-ssd-24-0-win11-pro","status":"publish","type":"product","link":"https:\/\/globaluniview.com\/index.php\/urun\/hp-aio-7b0y7ea-eo840-g9-i5-13500-16gb-512gb-ssd-24-0-win11-pro\/","title":{"rendered":"Hp Aio 7b0y7ea Eo840 G9 I5-13500 16gb 512gb Ssd 24.0 Win11 Pro"},"content":{"rendered":"<div class=\"ccs-cc-inline-section ccs-cc-inline-features ccs-cc-inline-key-features ccs-cc-inline-catalogue\" data-elementid=\"inline-content-features[hp]\" data-context=\"{&quot;mobile&quot;:false}\" data-ccs-cc-inline-jumplink=\"\u00dcr\u00fcn \u00d6zellikleri\" data-display-mode=\"noheader\">\n<div class=\"ccs-cc-inline-features-block ccs-cc-inline-single-feature\">\n<div class=\"ccs-cc-inline-feature\" data-type=\"text media\" data-pos=\"right\">\n<div class=\"ccs-cc-inline-feature-content ccs-cc-inline-thumbnail\"><a class=\"ccs-cc-inline-thumbnail-image ccs-cc-inline-thumbnail-media ccs-cc-inline-clickable\" title=\"HP Auto Frame1 daha b\u00fcy\u00fck g\u00f6r\u00fcnt\u00fcy\u00fc g\u00f6ster\" href=\"https:\/\/cdn.cs.1worldsync.com\/syndication\/feeds\/hp\/inline-content\/7F\/1\/D\/2\/9\/8\/1D298B9A6E6BAF1414F5038010FAFB446FBCB891_w_400_hero.png\" data-media-type=\"image\" data-caption=\"HP Auto Frame1\"><img decoding=\"async\" src=\"https:\/\/cdn.cs.1worldsync.com\/syndication\/feeds\/hp\/inline-content\/7F\/1\/D\/2\/9\/8\/1D298B9A6E6BAF1414F5038010FAFB446FBCB891_w_400_hero.png\" alt=\"HP Auto Frame1\" data-large=\"\" data-alt-text=\"Please wait while content is loading...\" aria-label=\"HP Auto Frame1\" \/><\/a><\/div>\n<div class=\"ccs-cc-inline-feature-content ccs-cc-inline-feature-description\">\n<h3>HP Auto Frame<sup><a id=\"ccs-f1inline-f246aa\" href=\"https:\/\/www.bayinet.com.tr\/Product\/ProductDetail?ProductId=210258939#ccs-ft1inline-f246aa\">1<\/a><\/sup><\/h3>\n<p>Birinci s\u0131n\u0131f ses ve video \u00f6zellikleriyle toplant\u0131lar\u0131n\u0131za hayat verin.<sup><a id=\"ccs-f2inline-f246aa\" href=\"https:\/\/www.bayinet.com.tr\/Product\/ProductDetail?ProductId=210258939#ccs-ft2inline-f246aa\">2<\/a><\/sup><\/p>\n<\/div>\n<\/div>\n<\/div>\n<\/div>\n<div class=\"ccs-cc-inline-section ccs-cc-inline-features ccs-cc-inline-catalogue\" data-elementid=\"inline-content-features[hp]\" data-context=\"{&quot;mobile&quot;:false}\" data-ccs-cc-inline-jumplink=\"\u00dcr\u00fcn \u00d6zellikleri\" data-display-mode=\"noheader\">\n<div class=\"ccs-cc-inline-features-block ccs-cc-inline-single-feature\">\n<div class=\"ccs-cc-inline-feature\" data-type=\"text media\" data-pos=\"left\">\n<div class=\"ccs-cc-inline-feature-content ccs-cc-inline-thumbnail\"><a class=\"ccs-cc-inline-thumbnail-image ccs-cc-inline-thumbnail-media ccs-cc-inline-clickable\" title=\"HP EliteOne 840 G9 All-in-One Bilgisayar Wolf Pro Security Edition daha b\u00fcy\u00fck g\u00f6r\u00fcnt\u00fcy\u00fc g\u00f6ster\" href=\"https:\/\/cdn.cs.1worldsync.com\/syndication\/feeds\/hp\/inline-content\/7F\/E\/5\/8\/E\/5\/E58E5088BC495173192495D55D52081F7AABDC19_w_400_hero.jpg\" data-media-type=\"image\" data-caption=\"HP EliteOne 840 G9 All-in-One Bilgisayar Wolf Pro Security Edition\"><img decoding=\"async\" src=\"https:\/\/cdn.cs.1worldsync.com\/syndication\/feeds\/hp\/inline-content\/7F\/E\/5\/8\/E\/5\/E58E5088BC495173192495D55D52081F7AABDC19_w_400_hero.jpg\" alt=\"HP EliteOne 840 G9 All-in-One Bilgisayar Wolf Pro Security Edition\" data-large=\"\" data-alt-text=\"Please wait while content is loading...\" aria-label=\"HP EliteOne 840 G9 All-in-One Bilgisayar Wolf Pro Security Edition\" \/><\/a><\/div>\n<div class=\"ccs-cc-inline-feature-content ccs-cc-inline-feature-description\">\n<h3>Windows 11<\/h3>\n<p>HP&#8217;nin i\u015fbirli\u011fi ve ba\u011flant\u0131 teknolojileriyle desteklenen Windows 11 ile her yerde performans veya g\u00fcvenlikten taviz vermeden \u00e7al\u0131\u015f\u0131n.<\/p>\n<h3>G\u00fcvenlik en \u00f6nemli \u00f6nceli\u011finiz<\/h3>\n<p>HP Wolf Pro Security Edition, k\u00fc\u00e7\u00fck ve orta b\u00fcy\u00fckl\u00fckteki i\u015fletmeler i\u00e7in \u00f6nceden yap\u0131land\u0131r\u0131lm\u0131\u015f kurumsal d\u00fczeyde bilgisayar korumas\u0131 sa\u011flar.<sup><a id=\"ccs-f3inline-f246aa\" href=\"https:\/\/www.bayinet.com.tr\/Product\/ProductDetail?ProductId=210258939#ccs-ft3inline-f246aa\">3<\/a><\/sup><\/p>\n<h3>HP Sure Sense<\/h3>\n<p>K\u00f6t\u00fc ama\u00e7l\u0131 yaz\u0131l\u0131mlar h\u0131zla geli\u015fiyor ve geleneksel vir\u00fcs koruma programlar\u0131 yeni sald\u0131r\u0131lar\u0131 her zaman tan\u0131yam\u0131yor. Geli\u015fmi\u015f k\u00f6t\u00fc ama\u00e7l\u0131 yaz\u0131l\u0131mlara kar\u015f\u0131 s\u0131ra d\u0131\u015f\u0131 bir koruma d\u00fczeyi sunmak i\u00e7in derin \u00f6\u011frenme yapay zekas\u0131n\u0131 kullanan HP Sure Sense ile bilgisayar\u0131n\u0131z\u0131 daha \u00f6nce g\u00f6r\u00fclmemi\u015f sald\u0131r\u0131lara kar\u015f\u0131 koruyun.<\/p>\n<\/div>\n<\/div>\n<\/div>\n<div class=\"ccs-cc-inline-features-block ccs-cc-inline-single-feature\">\n<div class=\"ccs-cc-inline-feature\" data-type=\"text media\" data-pos=\"right\">\n<div class=\"ccs-cc-inline-feature-content ccs-cc-inline-thumbnail\"><a class=\"ccs-cc-inline-thumbnail-image ccs-cc-inline-thumbnail-media ccs-cc-inline-clickable\" title=\"HP EliteOne 840 G9 All-in-One Bilgisayar Wolf Pro Security Edition daha b\u00fcy\u00fck g\u00f6r\u00fcnt\u00fcy\u00fc g\u00f6ster\" href=\"https:\/\/cdn.cs.1worldsync.com\/syndication\/feeds\/hp\/inline-content\/7F\/7\/5\/5\/E\/9\/755E960646AB021E0E32250BB4B2E96BDA44D72E_w_400_hero.png\" data-media-type=\"image\" data-caption=\"HP EliteOne 840 G9 All-in-One Bilgisayar Wolf Pro Security Edition\"><img decoding=\"async\" src=\"https:\/\/cdn.cs.1worldsync.com\/syndication\/feeds\/hp\/inline-content\/7F\/7\/5\/5\/E\/9\/755E960646AB021E0E32250BB4B2E96BDA44D72E_w_400_hero.png\" alt=\"HP EliteOne 840 G9 All-in-One Bilgisayar Wolf Pro Security Edition\" data-large=\"\" data-alt-text=\"Please wait while content is loading...\" aria-label=\"HP EliteOne 840 G9 All-in-One Bilgisayar Wolf Pro Security Edition\" \/><\/a><\/div>\n<div class=\"ccs-cc-inline-feature-content ccs-cc-inline-feature-description\">\n<h3>H\u0131zl\u0131 ve verimli kablosuz LAN<\/h3>\n<p>Nerelerde \u00e7al\u0131\u015fabilece\u011finizi bilgisayar\u0131n\u0131z\u0131n ta\u015f\u0131nabilirli\u011fi ve h\u0131zl\u0131 bir ba\u011flant\u0131n\u0131n g\u00fcvenilirli\u011fi belirler. Gigabit h\u0131zl\u0131 Wi-Fi 6 ile yo\u011fun kablosuz ortamlarda h\u0131zl\u0131 ve g\u00fcvenilir bir ba\u011flant\u0131 elde edin.<sup><a id=\"ccs-f4inline-f246aa\" href=\"https:\/\/www.bayinet.com.tr\/Product\/ProductDetail?ProductId=210258939#ccs-ft4inline-f246aa\">4<\/a><\/sup><\/p>\n<h3>\u00d6nemli g\u00fcvenlik i\u015flemlerini koruyun<\/h3>\n<p>HP Sure Run&#8217;\u0131n kendi kendine onaran korumas\u0131 sayesinde, k\u00f6t\u00fc ama\u00e7l\u0131 yaz\u0131l\u0131mlar taraf\u0131ndan kapat\u0131lmaya \u00e7al\u0131\u015f\u0131lsa bile \u00f6nemli uygulamalar\u0131 ve i\u015flemleri \u00e7al\u0131\u015f\u0131r durumda tutun.<\/p>\n<h3>G\u00fcvenle gezinin<\/h3>\n<p>HP Sure Click&#8217;in donan\u0131m destekli g\u00fcvenli\u011fi, bilgisayar\u0131n\u0131z\u0131 g\u00f6m\u00fcl\u00fc k\u00f6t\u00fc ama\u00e7l\u0131 yaz\u0131l\u0131mlar ve fidye yaz\u0131l\u0131mlar\u0131 i\u00e7eren web sitelerinden ve salt okunur Office ve PDF eklerinden veya vir\u00fcslerden koruman\u0131za yard\u0131mc\u0131 olur.<sup><a id=\"ccs-f5inline-f246aa\" href=\"https:\/\/www.bayinet.com.tr\/Product\/ProductDetail?ProductId=210258939#ccs-ft5inline-f246aa\">5<\/a><\/sup><\/p>\n<\/div>\n<\/div>\n<\/div>\n<\/div>\n<div class=\"ccs-cc-inline-section ccs-cc-inline-features ccs-cc-inline-key-specs\" data-elementid=\"inline-content-features[hp]\" data-context=\"{&quot;mobile&quot;:false}\" data-ccs-cc-inline-jumplink=\"Key Specifications\" data-display-mode=\"noheader\">\n<div class=\"ccs-cc-inline-features-block\">\n<div class=\"ccs-cc-inline-feature\" data-columns=\"3\">\n<div class=\"ccs-cc-inline-feature-column\">\n<div class=\"ccs-cc-inline-feature-content ccs-cc-inline-feature-description\">\n<h4>\u0130\u015flemci<\/h4>\n<p>Intel<sup>\u00ae<\/sup>\u00a0Core<sup>\u2122<\/sup>\u00a0i5 13500<\/p>\n<\/div>\n<div class=\"ccs-cc-inline-feature-content ccs-cc-inline-feature-description\">\n<h4>Graphics<\/h4>\n<p>Intel<sup>\u00ae<\/sup>\u00a0UHD Grafik Kart\u0131 770<\/p>\n<\/div>\n<\/div>\n<div class=\"ccs-cc-inline-feature-column\">\n<div class=\"ccs-cc-inline-feature-content ccs-cc-inline-feature-description\">\n<h4>Bellek<\/h4>\n<p>16 GB DDR5<\/p>\n<\/div>\n<div class=\"ccs-cc-inline-feature-content ccs-cc-inline-feature-description\">\n<h4>\u0130\u015fletim Sistemi<\/h4>\n<p>Windows 11 Pro<\/p>\n<\/div>\n<\/div>\n<div class=\"ccs-cc-inline-feature-column\">\n<div class=\"ccs-cc-inline-feature-content ccs-cc-inline-feature-description\">\n<h4>Hard drives<\/h4>\n<p>512 GB SSD<\/p>\n<\/div>\n<div class=\"ccs-cc-inline-feature-content ccs-cc-inline-feature-description\">\n<h4>Standart ba\u011flant\u0131<\/h4>\n<p>Intel<sup>\u00ae<\/sup>\u00a0Wi-Fi 6E AX211<\/p>\n<\/div>\n<\/div>\n<\/div>\n<\/div>\n<\/div>\n<div id=\"specification-f246aa\" class=\"ccs-cc-inline-section ccs-cc-inline-specifications ccs-cc-inline-full-specs\" data-elementid=\"inline-content-specifications[hp]\" data-context=\"{&quot;mobile&quot;:false}\" data-ccs-cc-inline-jumplink=\"Teknik \u00d6zellikler\" data-display-mode=\"noheader\"><\/div>\n","protected":false},"excerpt":{"rendered":"<table class=\"product-detail-vertical-table\">\n<thead>\n<tr>\n<th>EAN<\/th>\n<th>Birim<\/th>\n<th>\u0130\u00e7erik<\/th>\n<th>Hacim<\/th>\n<th>Br\u00fct A\u011f\u0131rl\u0131k<\/th>\n<th>Net A\u011f\u0131rl\u0131k<\/th>\n<th>Boyutlar<\/th>\n<\/tr>\n<\/thead>\n<tbody>\n<tr>\n<td>0197961733976<\/td>\n<td>Adet<\/td>\n<td>1 Adet<\/td>\n<td>25,720 DES<\/td>\n<td>12,000 KG<\/td>\n<td>12,000 KG<\/td>\n<td>62,000 x 19,000 x 65,500 CM<\/td>\n<\/tr>\n<\/tbody>\n<\/table>\n","protected":false},"featured_media":2125,"comment_status":"open","ping_status":"closed","template":"","meta":{"site-sidebar-layout":"default","site-content-layout":"","ast-site-content-layout":"default","site-content-style":"default","site-sidebar-style":"default","ast-global-header-display":"","ast-banner-title-visibility":"","ast-main-header-display":"","ast-hfb-above-header-display":"","ast-hfb-below-header-display":"","ast-hfb-mobile-header-display":"","site-post-title":"","ast-breadcrumbs-content":"","ast-featured-img":"","footer-sml-layout":"","ast-disable-related-posts":"","theme-transparent-header-meta":"default","adv-header-id-meta":"","stick-header-meta":"","header-above-stick-meta":"","header-main-stick-meta":"","header-below-stick-meta":"","astra-migrate-meta-layouts":"set","ast-page-background-enabled":"default","ast-page-background-meta":{"desktop":{"background-color":"var(--ast-global-color-4)","background-image":"","background-repeat":"repeat","background-position":"center center","background-size":"auto","background-attachment":"scroll","background-type":"","background-media":"","overlay-type":"","overlay-color":"","overlay-opacity":"","overlay-gradient":""},"tablet":{"background-color":"","background-image":"","background-repeat":"repeat","background-position":"center center","background-size":"auto","background-attachment":"scroll","background-type":"","background-media":"","overlay-type":"","overlay-color":"","overlay-opacity":"","overlay-gradient":""},"mobile":{"background-color":"","background-image":"","background-repeat":"repeat","background-position":"center center","background-size":"auto","background-attachment":"scroll","background-type":"","background-media":"","overlay-type":"","overlay-color":"","overlay-opacity":"","overlay-gradient":""}},"ast-content-background-meta":{"desktop":{"background-color":"var(--ast-global-color-5)","background-image":"","background-repeat":"repeat","background-position":"center center","background-size":"auto","background-attachment":"scroll","background-type":"","background-media":"","overlay-type":"","overlay-color":"","overlay-opacity":"","overlay-gradient":""},"tablet":{"background-color":"var(--ast-global-color-5)","background-image":"","background-repeat":"repeat","background-position":"center center","background-size":"auto","background-attachment":"scroll","background-type":"","background-media":"","overlay-type":"","overlay-color":"","overlay-opacity":"","overlay-gradient":""},"mobile":{"background-color":"var(--ast-global-color-5)","background-image":"","background-repeat":"repeat","background-position":"center center","background-size":"auto","background-attachment":"scroll","background-type":"","background-media":"","overlay-type":"","overlay-color":"","overlay-opacity":"","overlay-gradient":""}},"_joinchat":{"telephone":"+905425708594"}},"product_brand":[],"product_cat":[15,26],"product_tag":[],"class_list":{"0":"post-2124","1":"product","2":"type-product","3":"status-publish","4":"has-post-thumbnail","6":"product_cat-genel","7":"product_cat-hp","8":"desktop-align-left","9":"tablet-align-left","10":"mobile-align-left","12":"first","13":"instock","14":"taxable","15":"shipping-taxable","16":"product-type-simple"},"_links":{"self":[{"href":"https:\/\/globaluniview.com\/index.php\/wp-json\/wp\/v2\/product\/2124","targetHints":{"allow":["GET"]}}],"collection":[{"href":"https:\/\/globaluniview.com\/index.php\/wp-json\/wp\/v2\/product"}],"about":[{"href":"https:\/\/globaluniview.com\/index.php\/wp-json\/wp\/v2\/types\/product"}],"replies":[{"embeddable":true,"href":"https:\/\/globaluniview.com\/index.php\/wp-json\/wp\/v2\/comments?post=2124"}],"wp:featuredmedia":[{"embeddable":true,"href":"https:\/\/globaluniview.com\/index.php\/wp-json\/wp\/v2\/media\/2125"}],"wp:attachment":[{"href":"https:\/\/globaluniview.com\/index.php\/wp-json\/wp\/v2\/media?parent=2124"}],"wp:term":[{"taxonomy":"product_brand","embeddable":true,"href":"https:\/\/globaluniview.com\/index.php\/wp-json\/wp\/v2\/product_brand?post=2124"},{"taxonomy":"product_cat","embeddable":true,"href":"https:\/\/globaluniview.com\/index.php\/wp-json\/wp\/v2\/product_cat?post=2124"},{"taxonomy":"product_tag","embeddable":true,"href":"https:\/\/globaluniview.com\/index.php\/wp-json\/wp\/v2\/product_tag?post=2124"}],"curies":[{"name":"wp","href":"https:\/\/api.w.org\/{rel}","templated":true}]}}