{"id":2132,"date":"2024-11-03T22:40:44","date_gmt":"2024-11-03T19:40:44","guid":{"rendered":"https:\/\/globaluniview.com\/?post_type=product&#038;p=2132"},"modified":"2025-06-18T14:01:32","modified_gmt":"2025-06-18T11:01:32","slug":"hp-aio-7b092ea-eo870-g9-i7-13700-16gb-512gb-ssd-27-0-win11-pro","status":"publish","type":"product","link":"https:\/\/globaluniview.com\/index.php\/urun\/hp-aio-7b092ea-eo870-g9-i7-13700-16gb-512gb-ssd-27-0-win11-pro\/","title":{"rendered":"Hp aio 7b092ea eo870 g9 i7-13700 16gb 512gb ssd 27.0 win11 pro"},"content":{"rendered":"<table class=\"prop-tab\">\n<tbody>\n<tr>\n<td class=\"title\">Monit\u00f6r<\/td>\n<td>27 in\u00e7<\/td>\n<\/tr>\n<tr>\n<td class=\"title\">\u0130\u015flemci Ailesi<\/td>\n<td>Intel Core i7<\/td>\n<\/tr>\n<tr>\n<td class=\"title\">\u0130\u015flemci Tipi<\/td>\n<td>13. Nesil Intel Core i9<\/td>\n<\/tr>\n<tr>\n<td class=\"title\">i\u015flemci Kodu<\/td>\n<td>i7-13700<\/td>\n<\/tr>\n<tr>\n<td class=\"title\">\u0130\u015fletim Sistemi Ailesi<\/td>\n<td>MS Windows<\/td>\n<\/tr>\n<tr>\n<td class=\"title\">\u0130\u015fletim Sistemi<\/td>\n<td>Windows 11 Pro<\/td>\n<\/tr>\n<tr>\n<td class=\"title\">Anabellek<\/td>\n<td>16 GB<\/td>\n<\/tr>\n<tr>\n<td class=\"title\">Disk Tipi<\/td>\n<td>SSD<\/td>\n<\/tr>\n<tr>\n<td class=\"title\">Sabit Disk &#8211; HDD<\/td>\n<td>512 GB<\/td>\n<\/tr>\n<tr>\n<td class=\"title\">Monit\u00f6r \u00c7\u00f6z\u00fcn\u00fcrl\u00fck<\/td>\n<td>1920 X 1080<\/td>\n<\/tr>\n<\/tbody>\n<\/table>\n","protected":false},"excerpt":{"rendered":"<table class=\"product-detail-vertical-table\">\n<thead>\n<tr>\n<th>EAN<\/th>\n<th>Birim<\/th>\n<th>\u0130\u00e7erik<\/th>\n<th>Hacim<\/th>\n<th>Br\u00fct A\u011f\u0131rl\u0131k<\/th>\n<th>Net A\u011f\u0131rl\u0131k<\/th>\n<th>Boyutlar<\/th>\n<\/tr>\n<\/thead>\n<tbody>\n<tr>\n<td>0197961733174<\/td>\n<td>Adet<\/td>\n<td>1 Adet<\/td>\n<td>40,517 DES<\/td>\n<td>15,000 KG<\/td>\n<td>15,000 KG<\/td>\n<td>73,500 x 24,500 x 67,500 CM<\/td>\n<\/tr>\n<\/tbody>\n<\/table>\n","protected":false},"featured_media":2133,"comment_status":"open","ping_status":"closed","template":"","meta":{"site-sidebar-layout":"default","site-content-layout":"","ast-site-content-layout":"default","site-content-style":"default","site-sidebar-style":"default","ast-global-header-display":"","ast-banner-title-visibility":"","ast-main-header-display":"","ast-hfb-above-header-display":"","ast-hfb-below-header-display":"","ast-hfb-mobile-header-display":"","site-post-title":"","ast-breadcrumbs-content":"","ast-featured-img":"","footer-sml-layout":"","ast-disable-related-posts":"","theme-transparent-header-meta":"default","adv-header-id-meta":"","stick-header-meta":"","header-above-stick-meta":"","header-main-stick-meta":"","header-below-stick-meta":"","astra-migrate-meta-layouts":"set","ast-page-background-enabled":"default","ast-page-background-meta":{"desktop":{"background-color":"var(--ast-global-color-4)","background-image":"","background-repeat":"repeat","background-position":"center center","background-size":"auto","background-attachment":"scroll","background-type":"","background-media":"","overlay-type":"","overlay-color":"","overlay-opacity":"","overlay-gradient":""},"tablet":{"background-color":"","background-image":"","background-repeat":"repeat","background-position":"center center","background-size":"auto","background-attachment":"scroll","background-type":"","background-media":"","overlay-type":"","overlay-color":"","overlay-opacity":"","overlay-gradient":""},"mobile":{"background-color":"","background-image":"","background-repeat":"repeat","background-position":"center center","background-size":"auto","background-attachment":"scroll","background-type":"","background-media":"","overlay-type":"","overlay-color":"","overlay-opacity":"","overlay-gradient":""}},"ast-content-background-meta":{"desktop":{"background-color":"var(--ast-global-color-5)","background-image":"","background-repeat":"repeat","background-position":"center center","background-size":"auto","background-attachment":"scroll","background-type":"","background-media":"","overlay-type":"","overlay-color":"","overlay-opacity":"","overlay-gradient":""},"tablet":{"background-color":"var(--ast-global-color-5)","background-image":"","background-repeat":"repeat","background-position":"center center","background-size":"auto","background-attachment":"scroll","background-type":"","background-media":"","overlay-type":"","overlay-color":"","overlay-opacity":"","overlay-gradient":""},"mobile":{"background-color":"var(--ast-global-color-5)","background-image":"","background-repeat":"repeat","background-position":"center center","background-size":"auto","background-attachment":"scroll","background-type":"","background-media":"","overlay-type":"","overlay-color":"","overlay-opacity":"","overlay-gradient":""}},"_joinchat":{"telephone":"+905425708594"}},"product_brand":[],"product_cat":[15,26],"product_tag":[],"class_list":{"0":"post-2132","1":"product","2":"type-product","3":"status-publish","4":"has-post-thumbnail","6":"product_cat-genel","7":"product_cat-hp","8":"desktop-align-left","9":"tablet-align-left","10":"mobile-align-left","12":"first","13":"instock","14":"taxable","15":"shipping-taxable","16":"product-type-simple"},"_links":{"self":[{"href":"https:\/\/globaluniview.com\/index.php\/wp-json\/wp\/v2\/product\/2132","targetHints":{"allow":["GET"]}}],"collection":[{"href":"https:\/\/globaluniview.com\/index.php\/wp-json\/wp\/v2\/product"}],"about":[{"href":"https:\/\/globaluniview.com\/index.php\/wp-json\/wp\/v2\/types\/product"}],"replies":[{"embeddable":true,"href":"https:\/\/globaluniview.com\/index.php\/wp-json\/wp\/v2\/comments?post=2132"}],"wp:featuredmedia":[{"embeddable":true,"href":"https:\/\/globaluniview.com\/index.php\/wp-json\/wp\/v2\/media\/2133"}],"wp:attachment":[{"href":"https:\/\/globaluniview.com\/index.php\/wp-json\/wp\/v2\/media?parent=2132"}],"wp:term":[{"taxonomy":"product_brand","embeddable":true,"href":"https:\/\/globaluniview.com\/index.php\/wp-json\/wp\/v2\/product_brand?post=2132"},{"taxonomy":"product_cat","embeddable":true,"href":"https:\/\/globaluniview.com\/index.php\/wp-json\/wp\/v2\/product_cat?post=2132"},{"taxonomy":"product_tag","embeddable":true,"href":"https:\/\/globaluniview.com\/index.php\/wp-json\/wp\/v2\/product_tag?post=2132"}],"curies":[{"name":"wp","href":"https:\/\/api.w.org\/{rel}","templated":true}]}}