{"id":2319,"date":"2024-11-10T21:04:03","date_gmt":"2024-11-10T18:04:03","guid":{"rendered":"https:\/\/globaluniview.com\/?post_type=product&#038;p=2319"},"modified":"2025-09-20T11:52:12","modified_gmt":"2025-09-20T08:52:12","slug":"xvr301-08f-8-kanal-1u-xvr","status":"publish","type":"product","link":"https:\/\/globaluniview.com\/index.php\/urun\/xvr301-08f-8-kanal-1u-xvr\/","title":{"rendered":"XVR301-08F 8 KANAL 1U XVR"},"content":{"rendered":"<p>8 KANAL 1U XVR<br \/>\n&gt; TVI, AHD, CVI, CVBS, IP kamera deste\u011fi<br \/>\n&gt; Ultra 265\/H.265\/H.264<br \/>\n&gt; 40Mbps Giri\u015f &#8211; 64Mbps \u00c7\u0131k\u0131\u015f Band Geni\u015fli\u011fi<br \/>\n&gt; 8-ch, BNC, 2-ch IP (sadece IP kamera olursa 10 kanal)<br \/>\n&gt;1 x HDMI, 1 x VGA, 1 x HDD Deste\u011fi<br \/>\n&gt; Ses deste\u011fi (yaln\u0131zca TVI kameralar i\u00e7in)<\/p>\n","protected":false},"excerpt":{"rendered":"<p>8 KANAL 1U XVR &gt; TVI, AHD, CVI, CVBS, IP kamera deste\u011fi &gt; Ultra 265\/H.265\/H.264 &gt; 40Mbps Giri\u015f &#8211; 64Mbps \u00c7\u0131k\u0131\u015f Band Geni\u015fli\u011fi &gt; 8-ch, BNC, 2-ch IP (sadece IP kamera olursa 10 kanal) &gt;1 x HDMI, 1 x VGA, 1 x HDD Deste\u011fi &gt; Ses deste\u011fi (yaln\u0131zca TVI kameralar i\u00e7in)<\/p>\n","protected":false},"featured_media":2320,"comment_status":"open","ping_status":"closed","template":"","meta":{"site-sidebar-layout":"default","site-content-layout":"","ast-site-content-layout":"default","site-content-style":"default","site-sidebar-style":"default","ast-global-header-display":"","ast-banner-title-visibility":"","ast-main-header-display":"","ast-hfb-above-header-display":"","ast-hfb-below-header-display":"","ast-hfb-mobile-header-display":"","site-post-title":"","ast-breadcrumbs-content":"","ast-featured-img":"","footer-sml-layout":"","ast-disable-related-posts":"","theme-transparent-header-meta":"default","adv-header-id-meta":"","stick-header-meta":"","header-above-stick-meta":"","header-main-stick-meta":"","header-below-stick-meta":"","astra-migrate-meta-layouts":"set","ast-page-background-enabled":"default","ast-page-background-meta":{"desktop":{"background-color":"var(--ast-global-color-4)","background-image":"","background-repeat":"repeat","background-position":"center center","background-size":"auto","background-attachment":"scroll","background-type":"","background-media":"","overlay-type":"","overlay-color":"","overlay-opacity":"","overlay-gradient":""},"tablet":{"background-color":"","background-image":"","background-repeat":"repeat","background-position":"center center","background-size":"auto","background-attachment":"scroll","background-type":"","background-media":"","overlay-type":"","overlay-color":"","overlay-opacity":"","overlay-gradient":""},"mobile":{"background-color":"","background-image":"","background-repeat":"repeat","background-position":"center center","background-size":"auto","background-attachment":"scroll","background-type":"","background-media":"","overlay-type":"","overlay-color":"","overlay-opacity":"","overlay-gradient":""}},"ast-content-background-meta":{"desktop":{"background-color":"var(--ast-global-color-5)","background-image":"","background-repeat":"repeat","background-position":"center center","background-size":"auto","background-attachment":"scroll","background-type":"","background-media":"","overlay-type":"","overlay-color":"","overlay-opacity":"","overlay-gradient":""},"tablet":{"background-color":"var(--ast-global-color-5)","background-image":"","background-repeat":"repeat","background-position":"center center","background-size":"auto","background-attachment":"scroll","background-type":"","background-media":"","overlay-type":"","overlay-color":"","overlay-opacity":"","overlay-gradient":""},"mobile":{"background-color":"var(--ast-global-color-5)","background-image":"","background-repeat":"repeat","background-position":"center center","background-size":"auto","background-attachment":"scroll","background-type":"","background-media":"","overlay-type":"","overlay-color":"","overlay-opacity":"","overlay-gradient":""}},"_joinchat":[]},"product_brand":[],"product_cat":[22],"product_tag":[],"class_list":{"0":"post-2319","1":"product","2":"type-product","3":"status-publish","4":"has-post-thumbnail","6":"product_cat-unv","7":"desktop-align-left","8":"tablet-align-left","9":"mobile-align-left","11":"first","12":"instock","13":"taxable","14":"shipping-taxable","15":"product-type-simple"},"_links":{"self":[{"href":"https:\/\/globaluniview.com\/index.php\/wp-json\/wp\/v2\/product\/2319","targetHints":{"allow":["GET"]}}],"collection":[{"href":"https:\/\/globaluniview.com\/index.php\/wp-json\/wp\/v2\/product"}],"about":[{"href":"https:\/\/globaluniview.com\/index.php\/wp-json\/wp\/v2\/types\/product"}],"replies":[{"embeddable":true,"href":"https:\/\/globaluniview.com\/index.php\/wp-json\/wp\/v2\/comments?post=2319"}],"wp:featuredmedia":[{"embeddable":true,"href":"https:\/\/globaluniview.com\/index.php\/wp-json\/wp\/v2\/media\/2320"}],"wp:attachment":[{"href":"https:\/\/globaluniview.com\/index.php\/wp-json\/wp\/v2\/media?parent=2319"}],"wp:term":[{"taxonomy":"product_brand","embeddable":true,"href":"https:\/\/globaluniview.com\/index.php\/wp-json\/wp\/v2\/product_brand?post=2319"},{"taxonomy":"product_cat","embeddable":true,"href":"https:\/\/globaluniview.com\/index.php\/wp-json\/wp\/v2\/product_cat?post=2319"},{"taxonomy":"product_tag","embeddable":true,"href":"https:\/\/globaluniview.com\/index.php\/wp-json\/wp\/v2\/product_tag?post=2319"}],"curies":[{"name":"wp","href":"https:\/\/api.w.org\/{rel}","templated":true}]}}