{"id":2373,"date":"2024-11-10T21:44:33","date_gmt":"2024-11-10T18:44:33","guid":{"rendered":"https:\/\/globaluniview.com\/?post_type=product&#038;p=2373"},"modified":"2025-09-20T11:24:01","modified_gmt":"2025-09-20T08:24:01","slug":"unv-ipc3534lb-adezk-h-4-mp-ir-dome-motorize-ip-kamera-sesli","status":"publish","type":"product","link":"https:\/\/globaluniview.com\/index.php\/urun\/unv-ipc3534lb-adezk-h-4-mp-ir-dome-motorize-ip-kamera-sesli\/","title":{"rendered":"UNV IPC3534LB-ADEZK-H 4 MP IR DOME MOTOR\u0130ZE IP KAMERA, SESL\u0130"},"content":{"rendered":"<p>4 MP IR DOME MOTOR\u0130ZE IP KAMERA, SESL\u0130<br \/>\n&gt; 1\/3&#8243; CMOS, 2688&#215;1520: Max 25fps<br \/>\n&gt; Ultra 265\/ H.265\/ H.264\/ Mjpeg<br \/>\n&gt; 2.8~ 12mm Motorize Lens<br \/>\n&gt; 40mt IR Mesafesi, Dahili Mikrofon, Ses: 1\/1, Alarm:1\/1, Mikro SD (256 GB)<br \/>\n&gt; Ak\u0131ll\u0131 Video Analiz: \u0130nsan Alg\u0131lama, Hareket Alg\u0131lama, Kurcalama Alarm\u0131<br \/>\n&gt; Ek \u00d6zellikler: Koridor Modu, 3-Axis, HLC, BLC, OSD, Maskeleme, ROI, Hareket Alg\u0131lama, 120dB WDR, IP67,<br \/>\nIK10, Reset Buton<\/p>\n","protected":false},"excerpt":{"rendered":"<p>4 MP IR DOME MOTOR\u0130ZE IP KAMERA, SESL\u0130 &gt; 1\/3&#8243; CMOS, 2688&#215;1520: Max 25fps &gt; Ultra 265\/ H.265\/ H.264\/ Mjpeg &gt; 2.8~ 12mm Motorize Lens &gt; 40mt IR Mesafesi, Dahili Mikrofon, Ses: 1\/1, Alarm:1\/1, Mikro SD (256 GB) &gt; Ak\u0131ll\u0131 Video Analiz: \u0130nsan Alg\u0131lama, Hareket Alg\u0131lama, Kurcalama Alarm\u0131 &gt; Ek \u00d6zellikler: Koridor Modu, 3-Axis, HLC, [&hellip;]<\/p>\n","protected":false},"featured_media":2374,"comment_status":"open","ping_status":"closed","template":"","meta":{"site-sidebar-layout":"default","site-content-layout":"","ast-site-content-layout":"default","site-content-style":"default","site-sidebar-style":"default","ast-global-header-display":"","ast-banner-title-visibility":"","ast-main-header-display":"","ast-hfb-above-header-display":"","ast-hfb-below-header-display":"","ast-hfb-mobile-header-display":"","site-post-title":"","ast-breadcrumbs-content":"","ast-featured-img":"","footer-sml-layout":"","ast-disable-related-posts":"","theme-transparent-header-meta":"default","adv-header-id-meta":"","stick-header-meta":"","header-above-stick-meta":"","header-main-stick-meta":"","header-below-stick-meta":"","astra-migrate-meta-layouts":"set","ast-page-background-enabled":"default","ast-page-background-meta":{"desktop":{"background-color":"var(--ast-global-color-4)","background-image":"","background-repeat":"repeat","background-position":"center center","background-size":"auto","background-attachment":"scroll","background-type":"","background-media":"","overlay-type":"","overlay-color":"","overlay-opacity":"","overlay-gradient":""},"tablet":{"background-color":"","background-image":"","background-repeat":"repeat","background-position":"center center","background-size":"auto","background-attachment":"scroll","background-type":"","background-media":"","overlay-type":"","overlay-color":"","overlay-opacity":"","overlay-gradient":""},"mobile":{"background-color":"","background-image":"","background-repeat":"repeat","background-position":"center center","background-size":"auto","background-attachment":"scroll","background-type":"","background-media":"","overlay-type":"","overlay-color":"","overlay-opacity":"","overlay-gradient":""}},"ast-content-background-meta":{"desktop":{"background-color":"var(--ast-global-color-5)","background-image":"","background-repeat":"repeat","background-position":"center center","background-size":"auto","background-attachment":"scroll","background-type":"","background-media":"","overlay-type":"","overlay-color":"","overlay-opacity":"","overlay-gradient":""},"tablet":{"background-color":"var(--ast-global-color-5)","background-image":"","background-repeat":"repeat","background-position":"center center","background-size":"auto","background-attachment":"scroll","background-type":"","background-media":"","overlay-type":"","overlay-color":"","overlay-opacity":"","overlay-gradient":""},"mobile":{"background-color":"var(--ast-global-color-5)","background-image":"","background-repeat":"repeat","background-position":"center center","background-size":"auto","background-attachment":"scroll","background-type":"","background-media":"","overlay-type":"","overlay-color":"","overlay-opacity":"","overlay-gradient":""}},"_joinchat":[]},"product_brand":[],"product_cat":[22],"product_tag":[],"class_list":{"0":"post-2373","1":"product","2":"type-product","3":"status-publish","4":"has-post-thumbnail","6":"product_cat-unv","7":"desktop-align-left","8":"tablet-align-left","9":"mobile-align-left","11":"first","12":"instock","13":"taxable","14":"shipping-taxable","15":"product-type-simple"},"_links":{"self":[{"href":"https:\/\/globaluniview.com\/index.php\/wp-json\/wp\/v2\/product\/2373","targetHints":{"allow":["GET"]}}],"collection":[{"href":"https:\/\/globaluniview.com\/index.php\/wp-json\/wp\/v2\/product"}],"about":[{"href":"https:\/\/globaluniview.com\/index.php\/wp-json\/wp\/v2\/types\/product"}],"replies":[{"embeddable":true,"href":"https:\/\/globaluniview.com\/index.php\/wp-json\/wp\/v2\/comments?post=2373"}],"wp:featuredmedia":[{"embeddable":true,"href":"https:\/\/globaluniview.com\/index.php\/wp-json\/wp\/v2\/media\/2374"}],"wp:attachment":[{"href":"https:\/\/globaluniview.com\/index.php\/wp-json\/wp\/v2\/media?parent=2373"}],"wp:term":[{"taxonomy":"product_brand","embeddable":true,"href":"https:\/\/globaluniview.com\/index.php\/wp-json\/wp\/v2\/product_brand?post=2373"},{"taxonomy":"product_cat","embeddable":true,"href":"https:\/\/globaluniview.com\/index.php\/wp-json\/wp\/v2\/product_cat?post=2373"},{"taxonomy":"product_tag","embeddable":true,"href":"https:\/\/globaluniview.com\/index.php\/wp-json\/wp\/v2\/product_tag?post=2373"}],"curies":[{"name":"wp","href":"https:\/\/api.w.org\/{rel}","templated":true}]}}