{"id":2396,"date":"2024-11-10T21:54:08","date_gmt":"2024-11-10T18:54:08","guid":{"rendered":"https:\/\/globaluniview.com\/?post_type=product&#038;p=2396"},"modified":"2025-09-20T11:19:08","modified_gmt":"2025-09-20T08:19:08","slug":"unv-ipc2328sb-dzk-i0-8mp-lighterhunter-ir-vf-bullet-kamera","status":"publish","type":"product","link":"https:\/\/globaluniview.com\/index.php\/urun\/unv-ipc2328sb-dzk-i0-8mp-lighterhunter-ir-vf-bullet-kamera\/","title":{"rendered":"UNV IPC2328SB-DZK-I0 8MP LighterHunter IR VF Bullet Kamera"},"content":{"rendered":"<p>8MP LighterHunter IR VF Bullet Kamera<br \/>\n&gt; 1\/2.8&#8243; CMOS, 8Mp (3840\u00d72160): 20fps<br \/>\n&gt; Ultra 265\/ H.265\/ H.264\/ Mjpeg<br \/>\n&gt; 2.8-12mm Lens<br \/>\n&gt; 50mt IR Mesafesi, Ses:1\/1, Alarm:1\/1, Mikro SD (256 GB)<br \/>\n&gt; Ak\u0131ll\u0131 Video Analiz: Alan \u0130hlali, S\u0131n\u0131r \u0130hlali, Ki\u015fi sayma, Giri\u015f \u00c7\u0131k\u0131\u015f Alg\u0131lama<br \/>\n&gt; Ek \u00d6zellikler: Koridor Modu, HLC, BLC, OSD, Hareket Alg\u0131lama, ROI, Maskeleme, Defog, 120dB WDR<\/p>\n","protected":false},"excerpt":{"rendered":"<p>8MP LighterHunter IR VF Bullet Kamera &gt; 1\/2.8&#8243; CMOS, 8Mp (3840\u00d72160): 20fps &gt; Ultra 265\/ H.265\/ H.264\/ Mjpeg &gt; 2.8-12mm Lens &gt; 50mt IR Mesafesi, Ses:1\/1, Alarm:1\/1, Mikro SD (256 GB) &gt; Ak\u0131ll\u0131 Video Analiz: Alan \u0130hlali, S\u0131n\u0131r \u0130hlali, Ki\u015fi sayma, Giri\u015f \u00c7\u0131k\u0131\u015f Alg\u0131lama &gt; Ek \u00d6zellikler: Koridor Modu, HLC, BLC, OSD, Hareket Alg\u0131lama, ROI, [&hellip;]<\/p>\n","protected":false},"featured_media":2397,"comment_status":"open","ping_status":"closed","template":"","meta":{"site-sidebar-layout":"default","site-content-layout":"","ast-site-content-layout":"default","site-content-style":"default","site-sidebar-style":"default","ast-global-header-display":"","ast-banner-title-visibility":"","ast-main-header-display":"","ast-hfb-above-header-display":"","ast-hfb-below-header-display":"","ast-hfb-mobile-header-display":"","site-post-title":"","ast-breadcrumbs-content":"","ast-featured-img":"","footer-sml-layout":"","ast-disable-related-posts":"","theme-transparent-header-meta":"default","adv-header-id-meta":"","stick-header-meta":"","header-above-stick-meta":"","header-main-stick-meta":"","header-below-stick-meta":"","astra-migrate-meta-layouts":"set","ast-page-background-enabled":"default","ast-page-background-meta":{"desktop":{"background-color":"var(--ast-global-color-4)","background-image":"","background-repeat":"repeat","background-position":"center center","background-size":"auto","background-attachment":"scroll","background-type":"","background-media":"","overlay-type":"","overlay-color":"","overlay-opacity":"","overlay-gradient":""},"tablet":{"background-color":"","background-image":"","background-repeat":"repeat","background-position":"center center","background-size":"auto","background-attachment":"scroll","background-type":"","background-media":"","overlay-type":"","overlay-color":"","overlay-opacity":"","overlay-gradient":""},"mobile":{"background-color":"","background-image":"","background-repeat":"repeat","background-position":"center center","background-size":"auto","background-attachment":"scroll","background-type":"","background-media":"","overlay-type":"","overlay-color":"","overlay-opacity":"","overlay-gradient":""}},"ast-content-background-meta":{"desktop":{"background-color":"var(--ast-global-color-5)","background-image":"","background-repeat":"repeat","background-position":"center center","background-size":"auto","background-attachment":"scroll","background-type":"","background-media":"","overlay-type":"","overlay-color":"","overlay-opacity":"","overlay-gradient":""},"tablet":{"background-color":"var(--ast-global-color-5)","background-image":"","background-repeat":"repeat","background-position":"center center","background-size":"auto","background-attachment":"scroll","background-type":"","background-media":"","overlay-type":"","overlay-color":"","overlay-opacity":"","overlay-gradient":""},"mobile":{"background-color":"var(--ast-global-color-5)","background-image":"","background-repeat":"repeat","background-position":"center center","background-size":"auto","background-attachment":"scroll","background-type":"","background-media":"","overlay-type":"","overlay-color":"","overlay-opacity":"","overlay-gradient":""}},"_joinchat":[]},"product_brand":[],"product_cat":[15],"product_tag":[],"class_list":{"0":"post-2396","1":"product","2":"type-product","3":"status-publish","4":"has-post-thumbnail","6":"product_cat-genel","7":"desktop-align-left","8":"tablet-align-left","9":"mobile-align-left","11":"first","12":"instock","13":"taxable","14":"shipping-taxable","15":"product-type-simple"},"_links":{"self":[{"href":"https:\/\/globaluniview.com\/index.php\/wp-json\/wp\/v2\/product\/2396","targetHints":{"allow":["GET"]}}],"collection":[{"href":"https:\/\/globaluniview.com\/index.php\/wp-json\/wp\/v2\/product"}],"about":[{"href":"https:\/\/globaluniview.com\/index.php\/wp-json\/wp\/v2\/types\/product"}],"replies":[{"embeddable":true,"href":"https:\/\/globaluniview.com\/index.php\/wp-json\/wp\/v2\/comments?post=2396"}],"wp:featuredmedia":[{"embeddable":true,"href":"https:\/\/globaluniview.com\/index.php\/wp-json\/wp\/v2\/media\/2397"}],"wp:attachment":[{"href":"https:\/\/globaluniview.com\/index.php\/wp-json\/wp\/v2\/media?parent=2396"}],"wp:term":[{"taxonomy":"product_brand","embeddable":true,"href":"https:\/\/globaluniview.com\/index.php\/wp-json\/wp\/v2\/product_brand?post=2396"},{"taxonomy":"product_cat","embeddable":true,"href":"https:\/\/globaluniview.com\/index.php\/wp-json\/wp\/v2\/product_cat?post=2396"},{"taxonomy":"product_tag","embeddable":true,"href":"https:\/\/globaluniview.com\/index.php\/wp-json\/wp\/v2\/product_tag?post=2396"}],"curies":[{"name":"wp","href":"https:\/\/api.w.org\/{rel}","templated":true}]}}