{"id":2411,"date":"2024-11-10T22:00:05","date_gmt":"2024-11-10T19:00:05","guid":{"rendered":"https:\/\/globaluniview.com\/?post_type=product&#038;p=2411"},"modified":"2025-09-20T11:25:06","modified_gmt":"2025-09-20T08:25:06","slug":"unv-ipc3608sb-adf16km-i0-8mp-hd-wide-angle-ir-sabit-lensli-dome-eyeball-camera","status":"publish","type":"product","link":"https:\/\/globaluniview.com\/index.php\/urun\/unv-ipc3608sb-adf16km-i0-8mp-hd-wide-angle-ir-sabit-lensli-dome-eyeball-camera\/","title":{"rendered":"UNV IPC3608SB-ADF16KM-I0 8MP HD Wide Angle IR Sabit lensli Dome Eyeball Camera"},"content":{"rendered":"<p>8MP HD Wide Angle IR Sabit lensli Dome Eyeball Camera<br \/>\n&gt; 1\/2.7&#8243; CMOS, 3840*2160@30fps<br \/>\n&gt; Ultra 265\/ H.265\/ H.26\/ Mjpeg, Triple Streams<br \/>\n&gt; 1.68mm lens, 20mt. IR Mesafesi, Mikro SD (256 GB)<br \/>\n&gt; Ak\u0131ll\u0131 Video Analiz: Hareket Alg\u0131lama, Ultra Hareket Alg\u0131lama, Kurcalama Alarm\u0131, Ses Alg\u0131lama<br \/>\n&gt; Ek \u00d6zellikler: BLC, HLC, OSD, ROI, Digital Defog, Maskeleme, 120dB WDR, IP67, IK10<\/p>\n","protected":false},"excerpt":{"rendered":"<p>8MP HD Wide Angle IR Sabit lensli Dome Eyeball Camera &gt; 1\/2.7&#8243; CMOS, 3840*2160@30fps &gt; Ultra 265\/ H.265\/ H.26\/ Mjpeg, Triple Streams &gt; 1.68mm lens, 20mt. IR Mesafesi, Mikro SD (256 GB) &gt; Ak\u0131ll\u0131 Video Analiz: Hareket Alg\u0131lama, Ultra Hareket Alg\u0131lama, Kurcalama Alarm\u0131, Ses Alg\u0131lama &gt; Ek \u00d6zellikler: BLC, HLC, OSD, ROI, Digital Defog, Maskeleme, [&hellip;]<\/p>\n","protected":false},"featured_media":2412,"comment_status":"open","ping_status":"closed","template":"","meta":{"site-sidebar-layout":"default","site-content-layout":"","ast-site-content-layout":"default","site-content-style":"default","site-sidebar-style":"default","ast-global-header-display":"","ast-banner-title-visibility":"","ast-main-header-display":"","ast-hfb-above-header-display":"","ast-hfb-below-header-display":"","ast-hfb-mobile-header-display":"","site-post-title":"","ast-breadcrumbs-content":"","ast-featured-img":"","footer-sml-layout":"","ast-disable-related-posts":"","theme-transparent-header-meta":"default","adv-header-id-meta":"","stick-header-meta":"","header-above-stick-meta":"","header-main-stick-meta":"","header-below-stick-meta":"","astra-migrate-meta-layouts":"set","ast-page-background-enabled":"default","ast-page-background-meta":{"desktop":{"background-color":"var(--ast-global-color-4)","background-image":"","background-repeat":"repeat","background-position":"center center","background-size":"auto","background-attachment":"scroll","background-type":"","background-media":"","overlay-type":"","overlay-color":"","overlay-opacity":"","overlay-gradient":""},"tablet":{"background-color":"","background-image":"","background-repeat":"repeat","background-position":"center center","background-size":"auto","background-attachment":"scroll","background-type":"","background-media":"","overlay-type":"","overlay-color":"","overlay-opacity":"","overlay-gradient":""},"mobile":{"background-color":"","background-image":"","background-repeat":"repeat","background-position":"center center","background-size":"auto","background-attachment":"scroll","background-type":"","background-media":"","overlay-type":"","overlay-color":"","overlay-opacity":"","overlay-gradient":""}},"ast-content-background-meta":{"desktop":{"background-color":"var(--ast-global-color-5)","background-image":"","background-repeat":"repeat","background-position":"center center","background-size":"auto","background-attachment":"scroll","background-type":"","background-media":"","overlay-type":"","overlay-color":"","overlay-opacity":"","overlay-gradient":""},"tablet":{"background-color":"var(--ast-global-color-5)","background-image":"","background-repeat":"repeat","background-position":"center center","background-size":"auto","background-attachment":"scroll","background-type":"","background-media":"","overlay-type":"","overlay-color":"","overlay-opacity":"","overlay-gradient":""},"mobile":{"background-color":"var(--ast-global-color-5)","background-image":"","background-repeat":"repeat","background-position":"center center","background-size":"auto","background-attachment":"scroll","background-type":"","background-media":"","overlay-type":"","overlay-color":"","overlay-opacity":"","overlay-gradient":""}},"_joinchat":[]},"product_brand":[],"product_cat":[22],"product_tag":[],"class_list":{"0":"post-2411","1":"product","2":"type-product","3":"status-publish","4":"has-post-thumbnail","6":"product_cat-unv","7":"desktop-align-left","8":"tablet-align-left","9":"mobile-align-left","11":"first","12":"instock","13":"taxable","14":"shipping-taxable","15":"product-type-simple"},"_links":{"self":[{"href":"https:\/\/globaluniview.com\/index.php\/wp-json\/wp\/v2\/product\/2411","targetHints":{"allow":["GET"]}}],"collection":[{"href":"https:\/\/globaluniview.com\/index.php\/wp-json\/wp\/v2\/product"}],"about":[{"href":"https:\/\/globaluniview.com\/index.php\/wp-json\/wp\/v2\/types\/product"}],"replies":[{"embeddable":true,"href":"https:\/\/globaluniview.com\/index.php\/wp-json\/wp\/v2\/comments?post=2411"}],"wp:featuredmedia":[{"embeddable":true,"href":"https:\/\/globaluniview.com\/index.php\/wp-json\/wp\/v2\/media\/2412"}],"wp:attachment":[{"href":"https:\/\/globaluniview.com\/index.php\/wp-json\/wp\/v2\/media?parent=2411"}],"wp:term":[{"taxonomy":"product_brand","embeddable":true,"href":"https:\/\/globaluniview.com\/index.php\/wp-json\/wp\/v2\/product_brand?post=2411"},{"taxonomy":"product_cat","embeddable":true,"href":"https:\/\/globaluniview.com\/index.php\/wp-json\/wp\/v2\/product_cat?post=2411"},{"taxonomy":"product_tag","embeddable":true,"href":"https:\/\/globaluniview.com\/index.php\/wp-json\/wp\/v2\/product_tag?post=2411"}],"curies":[{"name":"wp","href":"https:\/\/api.w.org\/{rel}","templated":true}]}}