{"id":2420,"date":"2024-11-10T22:03:55","date_gmt":"2024-11-10T19:03:55","guid":{"rendered":"https:\/\/globaluniview.com\/?post_type=product&#038;p=2420"},"modified":"2025-09-20T11:29:10","modified_gmt":"2025-09-20T08:29:10","slug":"unv-ipc6312lfw-ax4c-vg-2-mp-4-optik-zoom-ir-ip-ptz-kamera-lighthunter","status":"publish","type":"product","link":"https:\/\/globaluniview.com\/index.php\/urun\/unv-ipc6312lfw-ax4c-vg-2-mp-4-optik-zoom-ir-ip-ptz-kamera-lighthunter\/","title":{"rendered":"UNV IPC6312LFW-AX4C-VG 2 MP 4 OPT\u0130K ZOOM IR IP PTZ KAMERA, LIGHTHUNTER"},"content":{"rendered":"<p>2 MP 4 OPT\u0130K ZOOM IR IP PTZ KAMERA, LIGHTHUNTER<br \/>\n&gt; 1\/2.7&#8221; CMOS, 1920&#215;1080: 30fps<br \/>\n&gt; Ultra 265\/ H.265\/ H.264\/ Mjpeg<br \/>\n&gt; 2.8-12mm Lens<br \/>\n&gt; 50mt. IR Mesafesi, Dahili Ses ve Hoparl\u00f6r, Dahili Alarm I\u015f\u0131\u011f\u0131 (10 mt), Mikro SD (256 GB)<br \/>\n&gt; Ak\u0131ll\u0131 Video Analiz: \u0130nsan Alg\u0131lama, Hareket Takibi(Auto Tracking), Kurcalama Alarm\u0131<br \/>\n&gt; Ek \u00d6zellikler: BLC, HLC, ROI, Hareket Alg\u0131lama, Maskeleme, 120dB WDR, IP66, Reset Buton<\/p>\n","protected":false},"excerpt":{"rendered":"<p>2 MP 4 OPT\u0130K ZOOM IR IP PTZ KAMERA, LIGHTHUNTER &gt; 1\/2.7&#8221; CMOS, 1920&#215;1080: 30fps &gt; Ultra 265\/ H.265\/ H.264\/ Mjpeg &gt; 2.8-12mm Lens &gt; 50mt. IR Mesafesi, Dahili Ses ve Hoparl\u00f6r, Dahili Alarm I\u015f\u0131\u011f\u0131 (10 mt), Mikro SD (256 GB) &gt; Ak\u0131ll\u0131 Video Analiz: \u0130nsan Alg\u0131lama, Hareket Takibi(Auto Tracking), Kurcalama Alarm\u0131 &gt; Ek \u00d6zellikler: [&hellip;]<\/p>\n","protected":false},"featured_media":2421,"comment_status":"open","ping_status":"closed","template":"","meta":{"site-sidebar-layout":"default","site-content-layout":"","ast-site-content-layout":"default","site-content-style":"default","site-sidebar-style":"default","ast-global-header-display":"","ast-banner-title-visibility":"","ast-main-header-display":"","ast-hfb-above-header-display":"","ast-hfb-below-header-display":"","ast-hfb-mobile-header-display":"","site-post-title":"","ast-breadcrumbs-content":"","ast-featured-img":"","footer-sml-layout":"","ast-disable-related-posts":"","theme-transparent-header-meta":"default","adv-header-id-meta":"","stick-header-meta":"","header-above-stick-meta":"","header-main-stick-meta":"","header-below-stick-meta":"","astra-migrate-meta-layouts":"set","ast-page-background-enabled":"default","ast-page-background-meta":{"desktop":{"background-color":"var(--ast-global-color-4)","background-image":"","background-repeat":"repeat","background-position":"center center","background-size":"auto","background-attachment":"scroll","background-type":"","background-media":"","overlay-type":"","overlay-color":"","overlay-opacity":"","overlay-gradient":""},"tablet":{"background-color":"","background-image":"","background-repeat":"repeat","background-position":"center center","background-size":"auto","background-attachment":"scroll","background-type":"","background-media":"","overlay-type":"","overlay-color":"","overlay-opacity":"","overlay-gradient":""},"mobile":{"background-color":"","background-image":"","background-repeat":"repeat","background-position":"center center","background-size":"auto","background-attachment":"scroll","background-type":"","background-media":"","overlay-type":"","overlay-color":"","overlay-opacity":"","overlay-gradient":""}},"ast-content-background-meta":{"desktop":{"background-color":"var(--ast-global-color-5)","background-image":"","background-repeat":"repeat","background-position":"center center","background-size":"auto","background-attachment":"scroll","background-type":"","background-media":"","overlay-type":"","overlay-color":"","overlay-opacity":"","overlay-gradient":""},"tablet":{"background-color":"var(--ast-global-color-5)","background-image":"","background-repeat":"repeat","background-position":"center center","background-size":"auto","background-attachment":"scroll","background-type":"","background-media":"","overlay-type":"","overlay-color":"","overlay-opacity":"","overlay-gradient":""},"mobile":{"background-color":"var(--ast-global-color-5)","background-image":"","background-repeat":"repeat","background-position":"center center","background-size":"auto","background-attachment":"scroll","background-type":"","background-media":"","overlay-type":"","overlay-color":"","overlay-opacity":"","overlay-gradient":""}},"_joinchat":[]},"product_brand":[],"product_cat":[22],"product_tag":[],"class_list":{"0":"post-2420","1":"product","2":"type-product","3":"status-publish","4":"has-post-thumbnail","6":"product_cat-unv","7":"desktop-align-left","8":"tablet-align-left","9":"mobile-align-left","11":"first","12":"instock","13":"taxable","14":"shipping-taxable","15":"product-type-simple"},"_links":{"self":[{"href":"https:\/\/globaluniview.com\/index.php\/wp-json\/wp\/v2\/product\/2420","targetHints":{"allow":["GET"]}}],"collection":[{"href":"https:\/\/globaluniview.com\/index.php\/wp-json\/wp\/v2\/product"}],"about":[{"href":"https:\/\/globaluniview.com\/index.php\/wp-json\/wp\/v2\/types\/product"}],"replies":[{"embeddable":true,"href":"https:\/\/globaluniview.com\/index.php\/wp-json\/wp\/v2\/comments?post=2420"}],"wp:featuredmedia":[{"embeddable":true,"href":"https:\/\/globaluniview.com\/index.php\/wp-json\/wp\/v2\/media\/2421"}],"wp:attachment":[{"href":"https:\/\/globaluniview.com\/index.php\/wp-json\/wp\/v2\/media?parent=2420"}],"wp:term":[{"taxonomy":"product_brand","embeddable":true,"href":"https:\/\/globaluniview.com\/index.php\/wp-json\/wp\/v2\/product_brand?post=2420"},{"taxonomy":"product_cat","embeddable":true,"href":"https:\/\/globaluniview.com\/index.php\/wp-json\/wp\/v2\/product_cat?post=2420"},{"taxonomy":"product_tag","embeddable":true,"href":"https:\/\/globaluniview.com\/index.php\/wp-json\/wp\/v2\/product_tag?post=2420"}],"curies":[{"name":"wp","href":"https:\/\/api.w.org\/{rel}","templated":true}]}}