{"id":2428,"date":"2024-11-10T22:07:08","date_gmt":"2024-11-10T19:07:08","guid":{"rendered":"https:\/\/globaluniview.com\/?post_type=product&#038;p=2428"},"modified":"2025-09-20T11:29:47","modified_gmt":"2025-09-20T08:29:47","slug":"unv-ipc6412lr-x16-vg-2mp-16-optik-zoom-ir-ip-ptz-kamera-lighthunter","status":"publish","type":"product","link":"https:\/\/globaluniview.com\/index.php\/urun\/unv-ipc6412lr-x16-vg-2mp-16-optik-zoom-ir-ip-ptz-kamera-lighthunter\/","title":{"rendered":"UNV IPC6412LR-X16-VG 2MP 16 OPT\u0130K ZOOM IR IP PTZ KAMERA, LIGHTHUNTER"},"content":{"rendered":"<p>2MP 16 OPT\u0130K ZOOM IR IP PTZ KAMERA, LIGHTHUNTER<br \/>\n&gt; 1\/2.8\u2019\u2019 CMOS, 1920*1080@30fps<br \/>\n&gt; Ultra 265\/H.265\/H.264\/MJPEG<br \/>\n&gt; 5-80mm Lens<br \/>\n&gt; 100mt. IR Mesafesi, Mikro SD (256 GB)<br \/>\n&gt; Ak\u0131ll\u0131 Video Analiz: Hareket Takibi(Auto Tracking), Kurcalama Alarm\u0131, \u0130zinsiz Giri\u015f \u00d6nleme, Yanl\u0131\u015f Alarm Filtrelemeyi<br \/>\nDestekleme<br \/>\n&gt; Ek \u00d6zellikler: BLC, HLC, ROI,Dijital Defog, Hareket Alg\u0131lama, Maskeleme, 120dB WDR, IP65, Reset Buton<\/p>\n","protected":false},"excerpt":{"rendered":"<p>2MP 16 OPT\u0130K ZOOM IR IP PTZ KAMERA, LIGHTHUNTER &gt; 1\/2.8\u2019\u2019 CMOS, 1920*1080@30fps &gt; Ultra 265\/H.265\/H.264\/MJPEG &gt; 5-80mm Lens &gt; 100mt. IR Mesafesi, Mikro SD (256 GB) &gt; Ak\u0131ll\u0131 Video Analiz: Hareket Takibi(Auto Tracking), Kurcalama Alarm\u0131, \u0130zinsiz Giri\u015f \u00d6nleme, Yanl\u0131\u015f Alarm Filtrelemeyi Destekleme &gt; Ek \u00d6zellikler: BLC, HLC, ROI,Dijital Defog, Hareket Alg\u0131lama, Maskeleme, 120dB WDR, [&hellip;]<\/p>\n","protected":false},"featured_media":2429,"comment_status":"open","ping_status":"closed","template":"","meta":{"site-sidebar-layout":"default","site-content-layout":"","ast-site-content-layout":"default","site-content-style":"default","site-sidebar-style":"default","ast-global-header-display":"","ast-banner-title-visibility":"","ast-main-header-display":"","ast-hfb-above-header-display":"","ast-hfb-below-header-display":"","ast-hfb-mobile-header-display":"","site-post-title":"","ast-breadcrumbs-content":"","ast-featured-img":"","footer-sml-layout":"","ast-disable-related-posts":"","theme-transparent-header-meta":"default","adv-header-id-meta":"","stick-header-meta":"","header-above-stick-meta":"","header-main-stick-meta":"","header-below-stick-meta":"","astra-migrate-meta-layouts":"set","ast-page-background-enabled":"default","ast-page-background-meta":{"desktop":{"background-color":"var(--ast-global-color-4)","background-image":"","background-repeat":"repeat","background-position":"center center","background-size":"auto","background-attachment":"scroll","background-type":"","background-media":"","overlay-type":"","overlay-color":"","overlay-opacity":"","overlay-gradient":""},"tablet":{"background-color":"","background-image":"","background-repeat":"repeat","background-position":"center center","background-size":"auto","background-attachment":"scroll","background-type":"","background-media":"","overlay-type":"","overlay-color":"","overlay-opacity":"","overlay-gradient":""},"mobile":{"background-color":"","background-image":"","background-repeat":"repeat","background-position":"center center","background-size":"auto","background-attachment":"scroll","background-type":"","background-media":"","overlay-type":"","overlay-color":"","overlay-opacity":"","overlay-gradient":""}},"ast-content-background-meta":{"desktop":{"background-color":"var(--ast-global-color-5)","background-image":"","background-repeat":"repeat","background-position":"center center","background-size":"auto","background-attachment":"scroll","background-type":"","background-media":"","overlay-type":"","overlay-color":"","overlay-opacity":"","overlay-gradient":""},"tablet":{"background-color":"var(--ast-global-color-5)","background-image":"","background-repeat":"repeat","background-position":"center center","background-size":"auto","background-attachment":"scroll","background-type":"","background-media":"","overlay-type":"","overlay-color":"","overlay-opacity":"","overlay-gradient":""},"mobile":{"background-color":"var(--ast-global-color-5)","background-image":"","background-repeat":"repeat","background-position":"center center","background-size":"auto","background-attachment":"scroll","background-type":"","background-media":"","overlay-type":"","overlay-color":"","overlay-opacity":"","overlay-gradient":""}},"_joinchat":[]},"product_brand":[],"product_cat":[22],"product_tag":[],"class_list":{"0":"post-2428","1":"product","2":"type-product","3":"status-publish","4":"has-post-thumbnail","6":"product_cat-unv","7":"desktop-align-left","8":"tablet-align-left","9":"mobile-align-left","11":"first","12":"instock","13":"taxable","14":"shipping-taxable","15":"product-type-simple"},"_links":{"self":[{"href":"https:\/\/globaluniview.com\/index.php\/wp-json\/wp\/v2\/product\/2428","targetHints":{"allow":["GET"]}}],"collection":[{"href":"https:\/\/globaluniview.com\/index.php\/wp-json\/wp\/v2\/product"}],"about":[{"href":"https:\/\/globaluniview.com\/index.php\/wp-json\/wp\/v2\/types\/product"}],"replies":[{"embeddable":true,"href":"https:\/\/globaluniview.com\/index.php\/wp-json\/wp\/v2\/comments?post=2428"}],"wp:featuredmedia":[{"embeddable":true,"href":"https:\/\/globaluniview.com\/index.php\/wp-json\/wp\/v2\/media\/2429"}],"wp:attachment":[{"href":"https:\/\/globaluniview.com\/index.php\/wp-json\/wp\/v2\/media?parent=2428"}],"wp:term":[{"taxonomy":"product_brand","embeddable":true,"href":"https:\/\/globaluniview.com\/index.php\/wp-json\/wp\/v2\/product_brand?post=2428"},{"taxonomy":"product_cat","embeddable":true,"href":"https:\/\/globaluniview.com\/index.php\/wp-json\/wp\/v2\/product_cat?post=2428"},{"taxonomy":"product_tag","embeddable":true,"href":"https:\/\/globaluniview.com\/index.php\/wp-json\/wp\/v2\/product_tag?post=2428"}],"curies":[{"name":"wp","href":"https:\/\/api.w.org\/{rel}","templated":true}]}}