{"id":2434,"date":"2024-11-10T22:09:49","date_gmt":"2024-11-10T19:09:49","guid":{"rendered":"https:\/\/globaluniview.com\/?post_type=product&#038;p=2434"},"modified":"2025-09-20T11:31:08","modified_gmt":"2025-09-20T08:31:08","slug":"unv-ipc6424sr-x25-vf-b-4-mp-25-optik-zoom-ir-ip-ptz-kamera-lighthunter","status":"publish","type":"product","link":"https:\/\/globaluniview.com\/index.php\/urun\/unv-ipc6424sr-x25-vf-b-4-mp-25-optik-zoom-ir-ip-ptz-kamera-lighthunter\/","title":{"rendered":"UNV IPC6424SR-X25-VF-B 4 MP 25 OPT\u0130K ZOOM IR IP PTZ KAMERA, LIGHTHUNTER"},"content":{"rendered":"<p>4 MP 25 OPT\u0130K ZOOM IR IP PTZ KAMERA, LIGHTHUNTER<br \/>\n&gt; 2.8\u2019\u2019 CMOS, ICR, 2688*1520 30fps<br \/>\n&gt; Ultra 265\/ H.265\/ H.264\/ Mjpeg<br \/>\n&gt; 120 mm Lens<br \/>\n&gt; 100mt IR Mesafesi M\u0130KRO SD (256GB)<br \/>\n&gt; Ak\u0131ll\u0131 Video Analiz:\u0130ziznsiz Giri\u015f \u00d6nleme Yanl\u0131\u015f Alarm Filtrelemeyi Destekleme, Ki\u015fi Sayma<br \/>\n&gt; Ek \u00d6zellikler:WDR, IP67, IK10, 25X optik yak\u0131nla\u015ft\u0131rma, RS485 BNC \u0130zinsiz Giri\u015fi \u00d6nleme, otomatik izleme Y\u00fcz yakalama<\/p>\n","protected":false},"excerpt":{"rendered":"<p>4 MP 25 OPT\u0130K ZOOM IR IP PTZ KAMERA, LIGHTHUNTER &gt; 2.8\u2019\u2019 CMOS, ICR, 2688*1520 30fps &gt; Ultra 265\/ H.265\/ H.264\/ Mjpeg &gt; 120 mm Lens &gt; 100mt IR Mesafesi M\u0130KRO SD (256GB) &gt; Ak\u0131ll\u0131 Video Analiz:\u0130ziznsiz Giri\u015f \u00d6nleme Yanl\u0131\u015f Alarm Filtrelemeyi Destekleme, Ki\u015fi Sayma &gt; Ek \u00d6zellikler:WDR, IP67, IK10, 25X optik yak\u0131nla\u015ft\u0131rma, RS485 BNC [&hellip;]<\/p>\n","protected":false},"featured_media":2435,"comment_status":"open","ping_status":"closed","template":"","meta":{"site-sidebar-layout":"default","site-content-layout":"","ast-site-content-layout":"default","site-content-style":"default","site-sidebar-style":"default","ast-global-header-display":"","ast-banner-title-visibility":"","ast-main-header-display":"","ast-hfb-above-header-display":"","ast-hfb-below-header-display":"","ast-hfb-mobile-header-display":"","site-post-title":"","ast-breadcrumbs-content":"","ast-featured-img":"","footer-sml-layout":"","ast-disable-related-posts":"","theme-transparent-header-meta":"default","adv-header-id-meta":"","stick-header-meta":"","header-above-stick-meta":"","header-main-stick-meta":"","header-below-stick-meta":"","astra-migrate-meta-layouts":"set","ast-page-background-enabled":"default","ast-page-background-meta":{"desktop":{"background-color":"var(--ast-global-color-4)","background-image":"","background-repeat":"repeat","background-position":"center center","background-size":"auto","background-attachment":"scroll","background-type":"","background-media":"","overlay-type":"","overlay-color":"","overlay-opacity":"","overlay-gradient":""},"tablet":{"background-color":"","background-image":"","background-repeat":"repeat","background-position":"center center","background-size":"auto","background-attachment":"scroll","background-type":"","background-media":"","overlay-type":"","overlay-color":"","overlay-opacity":"","overlay-gradient":""},"mobile":{"background-color":"","background-image":"","background-repeat":"repeat","background-position":"center center","background-size":"auto","background-attachment":"scroll","background-type":"","background-media":"","overlay-type":"","overlay-color":"","overlay-opacity":"","overlay-gradient":""}},"ast-content-background-meta":{"desktop":{"background-color":"var(--ast-global-color-5)","background-image":"","background-repeat":"repeat","background-position":"center center","background-size":"auto","background-attachment":"scroll","background-type":"","background-media":"","overlay-type":"","overlay-color":"","overlay-opacity":"","overlay-gradient":""},"tablet":{"background-color":"var(--ast-global-color-5)","background-image":"","background-repeat":"repeat","background-position":"center center","background-size":"auto","background-attachment":"scroll","background-type":"","background-media":"","overlay-type":"","overlay-color":"","overlay-opacity":"","overlay-gradient":""},"mobile":{"background-color":"var(--ast-global-color-5)","background-image":"","background-repeat":"repeat","background-position":"center center","background-size":"auto","background-attachment":"scroll","background-type":"","background-media":"","overlay-type":"","overlay-color":"","overlay-opacity":"","overlay-gradient":""}},"_joinchat":[]},"product_brand":[],"product_cat":[22],"product_tag":[],"class_list":{"0":"post-2434","1":"product","2":"type-product","3":"status-publish","4":"has-post-thumbnail","6":"product_cat-unv","7":"desktop-align-left","8":"tablet-align-left","9":"mobile-align-left","11":"first","12":"instock","13":"taxable","14":"shipping-taxable","15":"product-type-simple"},"_links":{"self":[{"href":"https:\/\/globaluniview.com\/index.php\/wp-json\/wp\/v2\/product\/2434","targetHints":{"allow":["GET"]}}],"collection":[{"href":"https:\/\/globaluniview.com\/index.php\/wp-json\/wp\/v2\/product"}],"about":[{"href":"https:\/\/globaluniview.com\/index.php\/wp-json\/wp\/v2\/types\/product"}],"replies":[{"embeddable":true,"href":"https:\/\/globaluniview.com\/index.php\/wp-json\/wp\/v2\/comments?post=2434"}],"wp:featuredmedia":[{"embeddable":true,"href":"https:\/\/globaluniview.com\/index.php\/wp-json\/wp\/v2\/media\/2435"}],"wp:attachment":[{"href":"https:\/\/globaluniview.com\/index.php\/wp-json\/wp\/v2\/media?parent=2434"}],"wp:term":[{"taxonomy":"product_brand","embeddable":true,"href":"https:\/\/globaluniview.com\/index.php\/wp-json\/wp\/v2\/product_brand?post=2434"},{"taxonomy":"product_cat","embeddable":true,"href":"https:\/\/globaluniview.com\/index.php\/wp-json\/wp\/v2\/product_cat?post=2434"},{"taxonomy":"product_tag","embeddable":true,"href":"https:\/\/globaluniview.com\/index.php\/wp-json\/wp\/v2\/product_tag?post=2434"}],"curies":[{"name":"wp","href":"https:\/\/api.w.org\/{rel}","templated":true}]}}