{"id":2436,"date":"2024-11-10T22:10:56","date_gmt":"2024-11-10T19:10:56","guid":{"rendered":"https:\/\/globaluniview.com\/?post_type=product&#038;p=2436"},"modified":"2025-09-20T11:34:06","modified_gmt":"2025-09-20T08:34:06","slug":"unv-ipc94144sfw-x25-f40c-4mp4mp-lighthunter-cift-lensli-ptz-kamera","status":"publish","type":"product","link":"https:\/\/globaluniview.com\/index.php\/urun\/unv-ipc94144sfw-x25-f40c-4mp4mp-lighthunter-cift-lensli-ptz-kamera\/","title":{"rendered":"UNV IPC94144SFW-X25-F40C 4MP+4MP Lighthunter \u00c7ift Lensli PTZ Kamera"},"content":{"rendered":"<p>4MP+4MP Lighthunter \u00c7ift Lensli PTZ Kamera<br \/>\n&gt;1\/ 1.8\u2019\u2019 ve 1\/2.7&#8243; CMOS \u00c7ift Lens, 2688*1520 30fps<br \/>\n&gt; Ultra 265\/ H.265\/ H.264\/ Mjpeg<br \/>\n&gt; 4 mm Lens ve 4.8~120mm motorize lens (25 optik yak\u0131nla\u015ft\u0131rma)<br \/>\n&gt; 100mt IR Mesafesi M\u0130KRO SD (256GB)<br \/>\n&gt; Ak\u0131ll\u0131 Video Analiz: Hareket alg\u0131lama, Ses Alg\u0131lama, Kurcalama Alarm\u0131, Auto Tracking (Hareket Takibi)<br \/>\n&gt; Ek \u00d6zellikler: BLC, HLC, ROI, WDR, Digital Defog, 24 Alana kadar Maskeleme<\/p>\n","protected":false},"excerpt":{"rendered":"<p>4MP+4MP Lighthunter \u00c7ift Lensli PTZ Kamera &gt;1\/ 1.8\u2019\u2019 ve 1\/2.7&#8243; CMOS \u00c7ift Lens, 2688*1520 30fps &gt; Ultra 265\/ H.265\/ H.264\/ Mjpeg &gt; 4 mm Lens ve 4.8~120mm motorize lens (25 optik yak\u0131nla\u015ft\u0131rma) &gt; 100mt IR Mesafesi M\u0130KRO SD (256GB) &gt; Ak\u0131ll\u0131 Video Analiz: Hareket alg\u0131lama, Ses Alg\u0131lama, Kurcalama Alarm\u0131, Auto Tracking (Hareket Takibi) &gt; Ek [&hellip;]<\/p>\n","protected":false},"featured_media":2437,"comment_status":"open","ping_status":"closed","template":"","meta":{"site-sidebar-layout":"default","site-content-layout":"","ast-site-content-layout":"default","site-content-style":"default","site-sidebar-style":"default","ast-global-header-display":"","ast-banner-title-visibility":"","ast-main-header-display":"","ast-hfb-above-header-display":"","ast-hfb-below-header-display":"","ast-hfb-mobile-header-display":"","site-post-title":"","ast-breadcrumbs-content":"","ast-featured-img":"","footer-sml-layout":"","ast-disable-related-posts":"","theme-transparent-header-meta":"default","adv-header-id-meta":"","stick-header-meta":"","header-above-stick-meta":"","header-main-stick-meta":"","header-below-stick-meta":"","astra-migrate-meta-layouts":"set","ast-page-background-enabled":"default","ast-page-background-meta":{"desktop":{"background-color":"var(--ast-global-color-4)","background-image":"","background-repeat":"repeat","background-position":"center center","background-size":"auto","background-attachment":"scroll","background-type":"","background-media":"","overlay-type":"","overlay-color":"","overlay-opacity":"","overlay-gradient":""},"tablet":{"background-color":"","background-image":"","background-repeat":"repeat","background-position":"center center","background-size":"auto","background-attachment":"scroll","background-type":"","background-media":"","overlay-type":"","overlay-color":"","overlay-opacity":"","overlay-gradient":""},"mobile":{"background-color":"","background-image":"","background-repeat":"repeat","background-position":"center center","background-size":"auto","background-attachment":"scroll","background-type":"","background-media":"","overlay-type":"","overlay-color":"","overlay-opacity":"","overlay-gradient":""}},"ast-content-background-meta":{"desktop":{"background-color":"var(--ast-global-color-5)","background-image":"","background-repeat":"repeat","background-position":"center center","background-size":"auto","background-attachment":"scroll","background-type":"","background-media":"","overlay-type":"","overlay-color":"","overlay-opacity":"","overlay-gradient":""},"tablet":{"background-color":"var(--ast-global-color-5)","background-image":"","background-repeat":"repeat","background-position":"center center","background-size":"auto","background-attachment":"scroll","background-type":"","background-media":"","overlay-type":"","overlay-color":"","overlay-opacity":"","overlay-gradient":""},"mobile":{"background-color":"var(--ast-global-color-5)","background-image":"","background-repeat":"repeat","background-position":"center center","background-size":"auto","background-attachment":"scroll","background-type":"","background-media":"","overlay-type":"","overlay-color":"","overlay-opacity":"","overlay-gradient":""}},"_joinchat":[]},"product_brand":[],"product_cat":[22],"product_tag":[],"class_list":{"0":"post-2436","1":"product","2":"type-product","3":"status-publish","4":"has-post-thumbnail","6":"product_cat-unv","7":"desktop-align-left","8":"tablet-align-left","9":"mobile-align-left","11":"first","12":"instock","13":"taxable","14":"shipping-taxable","15":"product-type-simple"},"_links":{"self":[{"href":"https:\/\/globaluniview.com\/index.php\/wp-json\/wp\/v2\/product\/2436","targetHints":{"allow":["GET"]}}],"collection":[{"href":"https:\/\/globaluniview.com\/index.php\/wp-json\/wp\/v2\/product"}],"about":[{"href":"https:\/\/globaluniview.com\/index.php\/wp-json\/wp\/v2\/types\/product"}],"replies":[{"embeddable":true,"href":"https:\/\/globaluniview.com\/index.php\/wp-json\/wp\/v2\/comments?post=2436"}],"wp:featuredmedia":[{"embeddable":true,"href":"https:\/\/globaluniview.com\/index.php\/wp-json\/wp\/v2\/media\/2437"}],"wp:attachment":[{"href":"https:\/\/globaluniview.com\/index.php\/wp-json\/wp\/v2\/media?parent=2436"}],"wp:term":[{"taxonomy":"product_brand","embeddable":true,"href":"https:\/\/globaluniview.com\/index.php\/wp-json\/wp\/v2\/product_brand?post=2436"},{"taxonomy":"product_cat","embeddable":true,"href":"https:\/\/globaluniview.com\/index.php\/wp-json\/wp\/v2\/product_cat?post=2436"},{"taxonomy":"product_tag","embeddable":true,"href":"https:\/\/globaluniview.com\/index.php\/wp-json\/wp\/v2\/product_tag?post=2436"}],"curies":[{"name":"wp","href":"https:\/\/api.w.org\/{rel}","templated":true}]}}