{"id":2441,"date":"2024-11-10T22:12:33","date_gmt":"2024-11-10T19:12:33","guid":{"rendered":"https:\/\/globaluniview.com\/?post_type=product&#038;p=2441"},"modified":"2025-09-20T11:32:19","modified_gmt":"2025-09-20T08:32:19","slug":"unv-ipc6852sr-x44u-2-mp-44-optik-zoom-ir-ip-ptz-kamera-starview","status":"publish","type":"product","link":"https:\/\/globaluniview.com\/index.php\/urun\/unv-ipc6852sr-x44u-2-mp-44-optik-zoom-ir-ip-ptz-kamera-starview\/","title":{"rendered":"UNV IPC6852SR-X44U 2 MP 44 OPT\u0130K ZOOM IR IP PTZ KAMERA, STARVIEW"},"content":{"rendered":"<p>2 MP 44 OPT\u0130K ZOOM IR IP PTZ KAMERA, STARVIEW<br \/>\n&gt; 1\/2,8&#8221; CMOS, 1920&#215;1080: 60fps<br \/>\n&gt; Ultra 265\/ H.265\/ H.264\/ Mjpeg<br \/>\n&gt; 5-220mm Lens<br \/>\n&gt; 250mt. IR Mesafesi, Ses:1\/1, Alarm:2\/1, BNC:1, Mikro SD (256 GB)<br \/>\n&gt; Ak\u0131ll\u0131 Video Analiz: Hareket Takibi(Auto Tracking), Y\u00fcz Alg\u0131lama, Ki\u015fi Sayma, Alan \u0130hlali, S\u0131n\u0131r \u0130hlali, Fokus Bozulmas\u0131,<br \/>\nSahne De\u011fi\u015fikli\u011fi, Ses Alg\u0131lama<br \/>\n&gt; Ek \u00d6zellikler: BLC, HLC, EIS, ROI, Optik&amp;Digital Defog, Hareket Alg\u0131lama, Maskeleme, 120dB WDR, IP66, IK10, Reset<\/p>\n","protected":false},"excerpt":{"rendered":"<p>2 MP 44 OPT\u0130K ZOOM IR IP PTZ KAMERA, STARVIEW &gt; 1\/2,8&#8221; CMOS, 1920&#215;1080: 60fps &gt; Ultra 265\/ H.265\/ H.264\/ Mjpeg &gt; 5-220mm Lens &gt; 250mt. IR Mesafesi, Ses:1\/1, Alarm:2\/1, BNC:1, Mikro SD (256 GB) &gt; Ak\u0131ll\u0131 Video Analiz: Hareket Takibi(Auto Tracking), Y\u00fcz Alg\u0131lama, Ki\u015fi Sayma, Alan \u0130hlali, S\u0131n\u0131r \u0130hlali, Fokus Bozulmas\u0131, Sahne De\u011fi\u015fikli\u011fi, Ses [&hellip;]<\/p>\n","protected":false},"featured_media":0,"comment_status":"open","ping_status":"closed","template":"","meta":{"site-sidebar-layout":"default","site-content-layout":"","ast-site-content-layout":"default","site-content-style":"default","site-sidebar-style":"default","ast-global-header-display":"","ast-banner-title-visibility":"","ast-main-header-display":"","ast-hfb-above-header-display":"","ast-hfb-below-header-display":"","ast-hfb-mobile-header-display":"","site-post-title":"","ast-breadcrumbs-content":"","ast-featured-img":"","footer-sml-layout":"","ast-disable-related-posts":"","theme-transparent-header-meta":"default","adv-header-id-meta":"","stick-header-meta":"","header-above-stick-meta":"","header-main-stick-meta":"","header-below-stick-meta":"","astra-migrate-meta-layouts":"set","ast-page-background-enabled":"default","ast-page-background-meta":{"desktop":{"background-color":"var(--ast-global-color-4)","background-image":"","background-repeat":"repeat","background-position":"center center","background-size":"auto","background-attachment":"scroll","background-type":"","background-media":"","overlay-type":"","overlay-color":"","overlay-opacity":"","overlay-gradient":""},"tablet":{"background-color":"","background-image":"","background-repeat":"repeat","background-position":"center center","background-size":"auto","background-attachment":"scroll","background-type":"","background-media":"","overlay-type":"","overlay-color":"","overlay-opacity":"","overlay-gradient":""},"mobile":{"background-color":"","background-image":"","background-repeat":"repeat","background-position":"center center","background-size":"auto","background-attachment":"scroll","background-type":"","background-media":"","overlay-type":"","overlay-color":"","overlay-opacity":"","overlay-gradient":""}},"ast-content-background-meta":{"desktop":{"background-color":"var(--ast-global-color-5)","background-image":"","background-repeat":"repeat","background-position":"center center","background-size":"auto","background-attachment":"scroll","background-type":"","background-media":"","overlay-type":"","overlay-color":"","overlay-opacity":"","overlay-gradient":""},"tablet":{"background-color":"var(--ast-global-color-5)","background-image":"","background-repeat":"repeat","background-position":"center center","background-size":"auto","background-attachment":"scroll","background-type":"","background-media":"","overlay-type":"","overlay-color":"","overlay-opacity":"","overlay-gradient":""},"mobile":{"background-color":"var(--ast-global-color-5)","background-image":"","background-repeat":"repeat","background-position":"center center","background-size":"auto","background-attachment":"scroll","background-type":"","background-media":"","overlay-type":"","overlay-color":"","overlay-opacity":"","overlay-gradient":""}},"_joinchat":[]},"product_brand":[],"product_cat":[22],"product_tag":[],"class_list":{"0":"post-2441","1":"product","2":"type-product","3":"status-publish","5":"product_cat-unv","6":"desktop-align-left","7":"tablet-align-left","8":"mobile-align-left","10":"first","11":"instock","12":"taxable","13":"shipping-taxable","14":"product-type-simple"},"_links":{"self":[{"href":"https:\/\/globaluniview.com\/index.php\/wp-json\/wp\/v2\/product\/2441","targetHints":{"allow":["GET"]}}],"collection":[{"href":"https:\/\/globaluniview.com\/index.php\/wp-json\/wp\/v2\/product"}],"about":[{"href":"https:\/\/globaluniview.com\/index.php\/wp-json\/wp\/v2\/types\/product"}],"replies":[{"embeddable":true,"href":"https:\/\/globaluniview.com\/index.php\/wp-json\/wp\/v2\/comments?post=2441"}],"wp:attachment":[{"href":"https:\/\/globaluniview.com\/index.php\/wp-json\/wp\/v2\/media?parent=2441"}],"wp:term":[{"taxonomy":"product_brand","embeddable":true,"href":"https:\/\/globaluniview.com\/index.php\/wp-json\/wp\/v2\/product_brand?post=2441"},{"taxonomy":"product_cat","embeddable":true,"href":"https:\/\/globaluniview.com\/index.php\/wp-json\/wp\/v2\/product_cat?post=2441"},{"taxonomy":"product_tag","embeddable":true,"href":"https:\/\/globaluniview.com\/index.php\/wp-json\/wp\/v2\/product_tag?post=2441"}],"curies":[{"name":"wp","href":"https:\/\/api.w.org\/{rel}","templated":true}]}}