{"id":2445,"date":"2024-11-10T22:14:11","date_gmt":"2024-11-10T19:14:11","guid":{"rendered":"https:\/\/globaluniview.com\/?post_type=product&#038;p=2445"},"modified":"2025-09-20T11:48:21","modified_gmt":"2025-09-20T08:48:21","slug":"unv-tic2621sr-f3-4f4ac-vd-4mp-dual-spectrum-thermal-bullet-ip-kamera","status":"publish","type":"product","link":"https:\/\/globaluniview.com\/index.php\/urun\/unv-tic2621sr-f3-4f4ac-vd-4mp-dual-spectrum-thermal-bullet-ip-kamera\/","title":{"rendered":"UNV TIC2621SR-F3-4F4AC-VD 4MP DUAL-SPECTRUM THERMAL Bullet IP KAMERA"},"content":{"rendered":"<p>4MP DUAL-SPECTRUM THERMAL Bullet IP KAMERA<br \/>\n&gt; Termal &amp; Optik dual-spectrum image, tek IP ile dual video<br \/>\n&gt; 1\/1.8\u201c Y\u00fcksek Hassasiyetli sens\u00f6r<br \/>\n&gt; Yang\u0131n ve Sigara Alg\u0131lama, Anormal \u0131s\u0131 alg\u0131lama, alarm olu\u015fturma, so\u011fuk ve s\u0131cak nokta izleme<br \/>\n&gt; Termal ve Optik \u00e7ift spektrumlu ak\u0131ll\u0131 izinsiz giri\u015f \u00f6nleme: Hat ihlali, Alan ihlali, Alandan ayr\u0131lma, \u0130zinsiz giri\u015f<br \/>\n&gt; Dahili k\u0131rm\u0131z\u0131 ve mavi uyar\u0131 \u0131\u015f\u0131klar\u0131 ile sesli ve \u0131\u015f\u0131kl\u0131 alarm \u00f6zelli\u011fi<br \/>\n&gt; Ultra 265, H.265, H.264, MJPEG<br \/>\n&gt; 2688*1520@30fps optik mod\u00fcl ve 720P@30fps termal modul<br \/>\n&gt; Alarm 2 in and 2 out, Audio 1 in and 1 out, Micro SD, up to 256 GB<\/p>\n","protected":false},"excerpt":{"rendered":"<p>4MP DUAL-SPECTRUM THERMAL Bullet IP KAMERA &gt; Termal &amp; Optik dual-spectrum image, tek IP ile dual video &gt; 1\/1.8\u201c Y\u00fcksek Hassasiyetli sens\u00f6r &gt; Yang\u0131n ve Sigara Alg\u0131lama, Anormal \u0131s\u0131 alg\u0131lama, alarm olu\u015fturma, so\u011fuk ve s\u0131cak nokta izleme &gt; Termal ve Optik \u00e7ift spektrumlu ak\u0131ll\u0131 izinsiz giri\u015f \u00f6nleme: Hat ihlali, Alan ihlali, Alandan ayr\u0131lma, \u0130zinsiz giri\u015f [&hellip;]<\/p>\n","protected":false},"featured_media":2446,"comment_status":"open","ping_status":"closed","template":"","meta":{"site-sidebar-layout":"default","site-content-layout":"","ast-site-content-layout":"default","site-content-style":"default","site-sidebar-style":"default","ast-global-header-display":"","ast-banner-title-visibility":"","ast-main-header-display":"","ast-hfb-above-header-display":"","ast-hfb-below-header-display":"","ast-hfb-mobile-header-display":"","site-post-title":"","ast-breadcrumbs-content":"","ast-featured-img":"","footer-sml-layout":"","ast-disable-related-posts":"","theme-transparent-header-meta":"default","adv-header-id-meta":"","stick-header-meta":"","header-above-stick-meta":"","header-main-stick-meta":"","header-below-stick-meta":"","astra-migrate-meta-layouts":"set","ast-page-background-enabled":"default","ast-page-background-meta":{"desktop":{"background-color":"var(--ast-global-color-4)","background-image":"","background-repeat":"repeat","background-position":"center center","background-size":"auto","background-attachment":"scroll","background-type":"","background-media":"","overlay-type":"","overlay-color":"","overlay-opacity":"","overlay-gradient":""},"tablet":{"background-color":"","background-image":"","background-repeat":"repeat","background-position":"center center","background-size":"auto","background-attachment":"scroll","background-type":"","background-media":"","overlay-type":"","overlay-color":"","overlay-opacity":"","overlay-gradient":""},"mobile":{"background-color":"","background-image":"","background-repeat":"repeat","background-position":"center center","background-size":"auto","background-attachment":"scroll","background-type":"","background-media":"","overlay-type":"","overlay-color":"","overlay-opacity":"","overlay-gradient":""}},"ast-content-background-meta":{"desktop":{"background-color":"var(--ast-global-color-5)","background-image":"","background-repeat":"repeat","background-position":"center center","background-size":"auto","background-attachment":"scroll","background-type":"","background-media":"","overlay-type":"","overlay-color":"","overlay-opacity":"","overlay-gradient":""},"tablet":{"background-color":"var(--ast-global-color-5)","background-image":"","background-repeat":"repeat","background-position":"center center","background-size":"auto","background-attachment":"scroll","background-type":"","background-media":"","overlay-type":"","overlay-color":"","overlay-opacity":"","overlay-gradient":""},"mobile":{"background-color":"var(--ast-global-color-5)","background-image":"","background-repeat":"repeat","background-position":"center center","background-size":"auto","background-attachment":"scroll","background-type":"","background-media":"","overlay-type":"","overlay-color":"","overlay-opacity":"","overlay-gradient":""}},"_joinchat":[]},"product_brand":[],"product_cat":[22],"product_tag":[],"class_list":{"0":"post-2445","1":"product","2":"type-product","3":"status-publish","4":"has-post-thumbnail","6":"product_cat-unv","7":"desktop-align-left","8":"tablet-align-left","9":"mobile-align-left","11":"first","12":"instock","13":"taxable","14":"shipping-taxable","15":"product-type-simple"},"_links":{"self":[{"href":"https:\/\/globaluniview.com\/index.php\/wp-json\/wp\/v2\/product\/2445","targetHints":{"allow":["GET"]}}],"collection":[{"href":"https:\/\/globaluniview.com\/index.php\/wp-json\/wp\/v2\/product"}],"about":[{"href":"https:\/\/globaluniview.com\/index.php\/wp-json\/wp\/v2\/types\/product"}],"replies":[{"embeddable":true,"href":"https:\/\/globaluniview.com\/index.php\/wp-json\/wp\/v2\/comments?post=2445"}],"wp:featuredmedia":[{"embeddable":true,"href":"https:\/\/globaluniview.com\/index.php\/wp-json\/wp\/v2\/media\/2446"}],"wp:attachment":[{"href":"https:\/\/globaluniview.com\/index.php\/wp-json\/wp\/v2\/media?parent=2445"}],"wp:term":[{"taxonomy":"product_brand","embeddable":true,"href":"https:\/\/globaluniview.com\/index.php\/wp-json\/wp\/v2\/product_brand?post=2445"},{"taxonomy":"product_cat","embeddable":true,"href":"https:\/\/globaluniview.com\/index.php\/wp-json\/wp\/v2\/product_cat?post=2445"},{"taxonomy":"product_tag","embeddable":true,"href":"https:\/\/globaluniview.com\/index.php\/wp-json\/wp\/v2\/product_tag?post=2445"}],"curies":[{"name":"wp","href":"https:\/\/api.w.org\/{rel}","templated":true}]}}