{"id":2496,"date":"2024-11-10T23:04:49","date_gmt":"2024-11-10T20:04:49","guid":{"rendered":"https:\/\/globaluniview.com\/?post_type=product&#038;p=2496"},"modified":"2025-09-20T10:54:49","modified_gmt":"2025-09-20T07:54:49","slug":"nvr516-64s-64-kanal-3u-hot-swap-nvr","status":"publish","type":"product","link":"https:\/\/globaluniview.com\/index.php\/urun\/nvr516-64s-64-kanal-3u-hot-swap-nvr\/","title":{"rendered":"NVR516-64S 64 KANAL 3U HOT SWAP NVR"},"content":{"rendered":"<p>64 KANAL 3U HOT SWAP NVR<br \/>\n&gt; 320Mbps Giri\u015f &#8211; 320Mbps \u00c7\u0131k\u0131\u015f Band Geni\u015fli\u011fi<br \/>\n&gt; Ultra 265\/H.265\/H.264<br \/>\n&gt; 12 Mp&#8217;e kadar Kay\u0131t \u00c7\u00f6z\u00fcn\u00fcrl\u00fc\u011f\u00fc<br \/>\n&gt; ONVIF Uyumlulu\u011fu Profile S, G, C, Q, A, T, Vca Video \u0130\u00e7erik Analizi Sorgulama \/ Ayarlama<br \/>\n&gt; 2 x HDMI (4K +1080P), 1 x VGA, Ses:1\/1, Alarm:24\/8, 16 x HDD Deste\u011fi<br \/>\n&gt; Raid 0\/1\/5\/6\/10\/50\/60 &#8211; Hot Swap<br \/>\n&gt; Yedekli g\u00fc\u00e7 \u00fcnitesi deste\u011fi (opsiyonel)<\/p>\n","protected":false},"excerpt":{"rendered":"<p>64 KANAL 3U HOT SWAP NVR &gt; 320Mbps Giri\u015f &#8211; 320Mbps \u00c7\u0131k\u0131\u015f Band Geni\u015fli\u011fi &gt; Ultra 265\/H.265\/H.264 &gt; 12 Mp&#8217;e kadar Kay\u0131t \u00c7\u00f6z\u00fcn\u00fcrl\u00fc\u011f\u00fc &gt; ONVIF Uyumlulu\u011fu Profile S, G, C, Q, A, T, Vca Video \u0130\u00e7erik Analizi Sorgulama \/ Ayarlama &gt; 2 x HDMI (4K +1080P), 1 x VGA, Ses:1\/1, Alarm:24\/8, 16 x HDD Deste\u011fi [&hellip;]<\/p>\n","protected":false},"featured_media":2541,"comment_status":"open","ping_status":"closed","template":"","meta":{"site-sidebar-layout":"default","site-content-layout":"","ast-site-content-layout":"default","site-content-style":"default","site-sidebar-style":"default","ast-global-header-display":"","ast-banner-title-visibility":"","ast-main-header-display":"","ast-hfb-above-header-display":"","ast-hfb-below-header-display":"","ast-hfb-mobile-header-display":"","site-post-title":"","ast-breadcrumbs-content":"","ast-featured-img":"","footer-sml-layout":"","ast-disable-related-posts":"","theme-transparent-header-meta":"default","adv-header-id-meta":"","stick-header-meta":"","header-above-stick-meta":"","header-main-stick-meta":"","header-below-stick-meta":"","astra-migrate-meta-layouts":"set","ast-page-background-enabled":"default","ast-page-background-meta":{"desktop":{"background-color":"var(--ast-global-color-4)","background-image":"","background-repeat":"repeat","background-position":"center center","background-size":"auto","background-attachment":"scroll","background-type":"","background-media":"","overlay-type":"","overlay-color":"","overlay-opacity":"","overlay-gradient":""},"tablet":{"background-color":"","background-image":"","background-repeat":"repeat","background-position":"center center","background-size":"auto","background-attachment":"scroll","background-type":"","background-media":"","overlay-type":"","overlay-color":"","overlay-opacity":"","overlay-gradient":""},"mobile":{"background-color":"","background-image":"","background-repeat":"repeat","background-position":"center center","background-size":"auto","background-attachment":"scroll","background-type":"","background-media":"","overlay-type":"","overlay-color":"","overlay-opacity":"","overlay-gradient":""}},"ast-content-background-meta":{"desktop":{"background-color":"var(--ast-global-color-5)","background-image":"","background-repeat":"repeat","background-position":"center center","background-size":"auto","background-attachment":"scroll","background-type":"","background-media":"","overlay-type":"","overlay-color":"","overlay-opacity":"","overlay-gradient":""},"tablet":{"background-color":"var(--ast-global-color-5)","background-image":"","background-repeat":"repeat","background-position":"center center","background-size":"auto","background-attachment":"scroll","background-type":"","background-media":"","overlay-type":"","overlay-color":"","overlay-opacity":"","overlay-gradient":""},"mobile":{"background-color":"var(--ast-global-color-5)","background-image":"","background-repeat":"repeat","background-position":"center center","background-size":"auto","background-attachment":"scroll","background-type":"","background-media":"","overlay-type":"","overlay-color":"","overlay-opacity":"","overlay-gradient":""}},"_joinchat":[]},"product_brand":[],"product_cat":[22],"product_tag":[],"class_list":{"0":"post-2496","1":"product","2":"type-product","3":"status-publish","4":"has-post-thumbnail","6":"product_cat-unv","7":"desktop-align-left","8":"tablet-align-left","9":"mobile-align-left","11":"first","12":"instock","13":"taxable","14":"shipping-taxable","15":"product-type-simple"},"_links":{"self":[{"href":"https:\/\/globaluniview.com\/index.php\/wp-json\/wp\/v2\/product\/2496","targetHints":{"allow":["GET"]}}],"collection":[{"href":"https:\/\/globaluniview.com\/index.php\/wp-json\/wp\/v2\/product"}],"about":[{"href":"https:\/\/globaluniview.com\/index.php\/wp-json\/wp\/v2\/types\/product"}],"replies":[{"embeddable":true,"href":"https:\/\/globaluniview.com\/index.php\/wp-json\/wp\/v2\/comments?post=2496"}],"wp:featuredmedia":[{"embeddable":true,"href":"https:\/\/globaluniview.com\/index.php\/wp-json\/wp\/v2\/media\/2541"}],"wp:attachment":[{"href":"https:\/\/globaluniview.com\/index.php\/wp-json\/wp\/v2\/media?parent=2496"}],"wp:term":[{"taxonomy":"product_brand","embeddable":true,"href":"https:\/\/globaluniview.com\/index.php\/wp-json\/wp\/v2\/product_brand?post=2496"},{"taxonomy":"product_cat","embeddable":true,"href":"https:\/\/globaluniview.com\/index.php\/wp-json\/wp\/v2\/product_cat?post=2496"},{"taxonomy":"product_tag","embeddable":true,"href":"https:\/\/globaluniview.com\/index.php\/wp-json\/wp\/v2\/product_tag?post=2496"}],"curies":[{"name":"wp","href":"https:\/\/api.w.org\/{rel}","templated":true}]}}