{"id":2502,"date":"2024-11-10T23:07:21","date_gmt":"2024-11-10T20:07:21","guid":{"rendered":"https:\/\/globaluniview.com\/?post_type=product&#038;p=2502"},"modified":"2025-09-20T11:46:17","modified_gmt":"2025-09-20T08:46:17","slug":"unv-nvr824-256r-256-kanal-4u-nvr","status":"publish","type":"product","link":"https:\/\/globaluniview.com\/index.php\/urun\/unv-nvr824-256r-256-kanal-4u-nvr\/","title":{"rendered":"UNV NVR824-256R 256 KANAL 4U NVR"},"content":{"rendered":"<p>256 KANAL 4U NVR<br \/>\n&gt; 768Mbps Giri\u015f &#8211; 768Mbps \u00c7\u0131k\u0131\u015f Band Geni\u015fli\u011fi<br \/>\n&gt; Ultra 265\/H.265\/H.264<br \/>\n&gt; \u00c7ift Stream Kay\u0131t Deste\u011fi, Vca Video \u0130\u00e7erik Analizi Sorgulama \/ Ayarlama<br \/>\n&gt; 2 x HDMI, 1 x VGA, 24 x HDD Deste\u011fi<br \/>\n&gt; Ses : 1\/1, Alarm : 24\/8<br \/>\n&gt; Raid 0\/1\/5\/6\/10\/50\/60 &#8211; Hot Swap, N+1 Hot spare<br \/>\n&gt; Yedekli g\u00fc\u00e7 \u00fcnitesi deste\u011fi (opsiyonel)<\/p>\n","protected":false},"excerpt":{"rendered":"<p>256 KANAL 4U NVR &gt; 768Mbps Giri\u015f &#8211; 768Mbps \u00c7\u0131k\u0131\u015f Band Geni\u015fli\u011fi &gt; Ultra 265\/H.265\/H.264 &gt; \u00c7ift Stream Kay\u0131t Deste\u011fi, Vca Video \u0130\u00e7erik Analizi Sorgulama \/ Ayarlama &gt; 2 x HDMI, 1 x VGA, 24 x HDD Deste\u011fi &gt; Ses : 1\/1, Alarm : 24\/8 &gt; Raid 0\/1\/5\/6\/10\/50\/60 &#8211; Hot Swap, N+1 Hot spare &gt; [&hellip;]<\/p>\n","protected":false},"featured_media":2503,"comment_status":"open","ping_status":"closed","template":"","meta":{"site-sidebar-layout":"default","site-content-layout":"","ast-site-content-layout":"default","site-content-style":"default","site-sidebar-style":"default","ast-global-header-display":"","ast-banner-title-visibility":"","ast-main-header-display":"","ast-hfb-above-header-display":"","ast-hfb-below-header-display":"","ast-hfb-mobile-header-display":"","site-post-title":"","ast-breadcrumbs-content":"","ast-featured-img":"","footer-sml-layout":"","ast-disable-related-posts":"","theme-transparent-header-meta":"default","adv-header-id-meta":"","stick-header-meta":"","header-above-stick-meta":"","header-main-stick-meta":"","header-below-stick-meta":"","astra-migrate-meta-layouts":"set","ast-page-background-enabled":"default","ast-page-background-meta":{"desktop":{"background-color":"var(--ast-global-color-4)","background-image":"","background-repeat":"repeat","background-position":"center center","background-size":"auto","background-attachment":"scroll","background-type":"","background-media":"","overlay-type":"","overlay-color":"","overlay-opacity":"","overlay-gradient":""},"tablet":{"background-color":"","background-image":"","background-repeat":"repeat","background-position":"center center","background-size":"auto","background-attachment":"scroll","background-type":"","background-media":"","overlay-type":"","overlay-color":"","overlay-opacity":"","overlay-gradient":""},"mobile":{"background-color":"","background-image":"","background-repeat":"repeat","background-position":"center center","background-size":"auto","background-attachment":"scroll","background-type":"","background-media":"","overlay-type":"","overlay-color":"","overlay-opacity":"","overlay-gradient":""}},"ast-content-background-meta":{"desktop":{"background-color":"var(--ast-global-color-5)","background-image":"","background-repeat":"repeat","background-position":"center center","background-size":"auto","background-attachment":"scroll","background-type":"","background-media":"","overlay-type":"","overlay-color":"","overlay-opacity":"","overlay-gradient":""},"tablet":{"background-color":"var(--ast-global-color-5)","background-image":"","background-repeat":"repeat","background-position":"center center","background-size":"auto","background-attachment":"scroll","background-type":"","background-media":"","overlay-type":"","overlay-color":"","overlay-opacity":"","overlay-gradient":""},"mobile":{"background-color":"var(--ast-global-color-5)","background-image":"","background-repeat":"repeat","background-position":"center center","background-size":"auto","background-attachment":"scroll","background-type":"","background-media":"","overlay-type":"","overlay-color":"","overlay-opacity":"","overlay-gradient":""}},"_joinchat":[]},"product_brand":[],"product_cat":[22],"product_tag":[],"class_list":{"0":"post-2502","1":"product","2":"type-product","3":"status-publish","4":"has-post-thumbnail","6":"product_cat-unv","7":"desktop-align-left","8":"tablet-align-left","9":"mobile-align-left","11":"first","12":"instock","13":"taxable","14":"shipping-taxable","15":"product-type-simple"},"_links":{"self":[{"href":"https:\/\/globaluniview.com\/index.php\/wp-json\/wp\/v2\/product\/2502","targetHints":{"allow":["GET"]}}],"collection":[{"href":"https:\/\/globaluniview.com\/index.php\/wp-json\/wp\/v2\/product"}],"about":[{"href":"https:\/\/globaluniview.com\/index.php\/wp-json\/wp\/v2\/types\/product"}],"replies":[{"embeddable":true,"href":"https:\/\/globaluniview.com\/index.php\/wp-json\/wp\/v2\/comments?post=2502"}],"wp:featuredmedia":[{"embeddable":true,"href":"https:\/\/globaluniview.com\/index.php\/wp-json\/wp\/v2\/media\/2503"}],"wp:attachment":[{"href":"https:\/\/globaluniview.com\/index.php\/wp-json\/wp\/v2\/media?parent=2502"}],"wp:term":[{"taxonomy":"product_brand","embeddable":true,"href":"https:\/\/globaluniview.com\/index.php\/wp-json\/wp\/v2\/product_brand?post=2502"},{"taxonomy":"product_cat","embeddable":true,"href":"https:\/\/globaluniview.com\/index.php\/wp-json\/wp\/v2\/product_cat?post=2502"},{"taxonomy":"product_tag","embeddable":true,"href":"https:\/\/globaluniview.com\/index.php\/wp-json\/wp\/v2\/product_tag?post=2502"}],"curies":[{"name":"wp","href":"https:\/\/api.w.org\/{rel}","templated":true}]}}