{"id":2510,"date":"2024-11-10T23:10:34","date_gmt":"2024-11-10T20:10:34","guid":{"rendered":"https:\/\/globaluniview.com\/?post_type=product&#038;p=2510"},"modified":"2025-09-20T11:36:09","modified_gmt":"2025-09-20T08:36:09","slug":"unv-ni-vx1616-c-16-hdd-network-depolama","status":"publish","type":"product","link":"https:\/\/globaluniview.com\/index.php\/urun\/unv-ni-vx1616-c-16-hdd-network-depolama\/","title":{"rendered":"UNV NI-VX1616-C 16 HDD NETWORK DEPOLAMA"},"content":{"rendered":"<p>16 HDD NETWORK DEPOLAMA<br \/>\n&gt; 320 Kanal\/640Mbps&#8217;e kadar Kay\u0131t Kapasitesi<br \/>\n&gt; 160 kanal \/320Mbps&#8217;e kadar \u0130zletebilme Kapasitesi<br \/>\n&gt; 32 kanal \/64Mbps&#8217;e kadar Playback Kapasitesi<br \/>\n&gt; 64 Bit \u0130\u015flemci, 3GE Ba\u011flant\u0131, Tek G\u00fc\u00e7 Mod\u00fcl\u00fc, Kontrol Yaz\u0131l\u0131m\u0131<br \/>\n&gt; 16 HDD Deste\u011fi \/ 12 Tb slot Ba\u015f\u0131na<br \/>\n&gt; iSCSI Deste\u011fi, JBOD, Raid 0\/5\/6<br \/>\n&gt; Hot Spare\/Global Spare Deste\u011fi<\/p>\n","protected":false},"excerpt":{"rendered":"<p>16 HDD NETWORK DEPOLAMA &gt; 320 Kanal\/640Mbps&#8217;e kadar Kay\u0131t Kapasitesi &gt; 160 kanal \/320Mbps&#8217;e kadar \u0130zletebilme Kapasitesi &gt; 32 kanal \/64Mbps&#8217;e kadar Playback Kapasitesi &gt; 64 Bit \u0130\u015flemci, 3GE Ba\u011flant\u0131, Tek G\u00fc\u00e7 Mod\u00fcl\u00fc, Kontrol Yaz\u0131l\u0131m\u0131 &gt; 16 HDD Deste\u011fi \/ 12 Tb slot Ba\u015f\u0131na &gt; iSCSI Deste\u011fi, JBOD, Raid 0\/5\/6 &gt; Hot Spare\/Global Spare Deste\u011fi<\/p>\n","protected":false},"featured_media":2511,"comment_status":"open","ping_status":"closed","template":"","meta":{"site-sidebar-layout":"default","site-content-layout":"","ast-site-content-layout":"default","site-content-style":"default","site-sidebar-style":"default","ast-global-header-display":"","ast-banner-title-visibility":"","ast-main-header-display":"","ast-hfb-above-header-display":"","ast-hfb-below-header-display":"","ast-hfb-mobile-header-display":"","site-post-title":"","ast-breadcrumbs-content":"","ast-featured-img":"","footer-sml-layout":"","ast-disable-related-posts":"","theme-transparent-header-meta":"default","adv-header-id-meta":"","stick-header-meta":"","header-above-stick-meta":"","header-main-stick-meta":"","header-below-stick-meta":"","astra-migrate-meta-layouts":"set","ast-page-background-enabled":"default","ast-page-background-meta":{"desktop":{"background-color":"var(--ast-global-color-4)","background-image":"","background-repeat":"repeat","background-position":"center center","background-size":"auto","background-attachment":"scroll","background-type":"","background-media":"","overlay-type":"","overlay-color":"","overlay-opacity":"","overlay-gradient":""},"tablet":{"background-color":"","background-image":"","background-repeat":"repeat","background-position":"center center","background-size":"auto","background-attachment":"scroll","background-type":"","background-media":"","overlay-type":"","overlay-color":"","overlay-opacity":"","overlay-gradient":""},"mobile":{"background-color":"","background-image":"","background-repeat":"repeat","background-position":"center center","background-size":"auto","background-attachment":"scroll","background-type":"","background-media":"","overlay-type":"","overlay-color":"","overlay-opacity":"","overlay-gradient":""}},"ast-content-background-meta":{"desktop":{"background-color":"var(--ast-global-color-5)","background-image":"","background-repeat":"repeat","background-position":"center center","background-size":"auto","background-attachment":"scroll","background-type":"","background-media":"","overlay-type":"","overlay-color":"","overlay-opacity":"","overlay-gradient":""},"tablet":{"background-color":"var(--ast-global-color-5)","background-image":"","background-repeat":"repeat","background-position":"center center","background-size":"auto","background-attachment":"scroll","background-type":"","background-media":"","overlay-type":"","overlay-color":"","overlay-opacity":"","overlay-gradient":""},"mobile":{"background-color":"var(--ast-global-color-5)","background-image":"","background-repeat":"repeat","background-position":"center center","background-size":"auto","background-attachment":"scroll","background-type":"","background-media":"","overlay-type":"","overlay-color":"","overlay-opacity":"","overlay-gradient":""}},"_joinchat":[]},"product_brand":[],"product_cat":[22],"product_tag":[],"class_list":{"0":"post-2510","1":"product","2":"type-product","3":"status-publish","4":"has-post-thumbnail","6":"product_cat-unv","7":"desktop-align-left","8":"tablet-align-left","9":"mobile-align-left","11":"first","12":"instock","13":"taxable","14":"shipping-taxable","15":"product-type-simple"},"_links":{"self":[{"href":"https:\/\/globaluniview.com\/index.php\/wp-json\/wp\/v2\/product\/2510","targetHints":{"allow":["GET"]}}],"collection":[{"href":"https:\/\/globaluniview.com\/index.php\/wp-json\/wp\/v2\/product"}],"about":[{"href":"https:\/\/globaluniview.com\/index.php\/wp-json\/wp\/v2\/types\/product"}],"replies":[{"embeddable":true,"href":"https:\/\/globaluniview.com\/index.php\/wp-json\/wp\/v2\/comments?post=2510"}],"wp:featuredmedia":[{"embeddable":true,"href":"https:\/\/globaluniview.com\/index.php\/wp-json\/wp\/v2\/media\/2511"}],"wp:attachment":[{"href":"https:\/\/globaluniview.com\/index.php\/wp-json\/wp\/v2\/media?parent=2510"}],"wp:term":[{"taxonomy":"product_brand","embeddable":true,"href":"https:\/\/globaluniview.com\/index.php\/wp-json\/wp\/v2\/product_brand?post=2510"},{"taxonomy":"product_cat","embeddable":true,"href":"https:\/\/globaluniview.com\/index.php\/wp-json\/wp\/v2\/product_cat?post=2510"},{"taxonomy":"product_tag","embeddable":true,"href":"https:\/\/globaluniview.com\/index.php\/wp-json\/wp\/v2\/product_tag?post=2510"}],"curies":[{"name":"wp","href":"https:\/\/api.w.org\/{rel}","templated":true}]}}