{"id":2534,"date":"2024-11-10T23:19:45","date_gmt":"2024-11-10T20:19:45","guid":{"rendered":"https:\/\/globaluniview.com\/?post_type=product&#038;p=2534"},"modified":"2025-09-20T11:47:58","modified_gmt":"2025-09-20T08:47:58","slug":"unv-pwr-300a-in-redundant-power-supply-312w","status":"publish","type":"product","link":"https:\/\/globaluniview.com\/index.php\/urun\/unv-pwr-300a-in-redundant-power-supply-312w\/","title":{"rendered":"UNV PWR-300A-IN Redundant Power Supply &#8211; 312W"},"content":{"rendered":"<p>Redundant Power Supply &#8211; 312W<br \/>\n&gt; B\u00fcy\u00fck Disk Kapasiteli Kay\u0131t Cihazlar\u0131 \u0130\u00e7in Yedekli G\u00fc\u00e7 Kayna\u011f\u0131<br \/>\n&gt; K\u0131sa Devre, A\u015f\u0131r\u0131 Y\u00fck ve A\u015f\u0131r\u0131 Gerilime Kar\u015f\u0131 Koruma Deste\u011fi<br \/>\n&gt; Normal ve Normal Ko\u015fullara Kar\u015f\u0131 Uyar\u0131 I\u015f\u0131klar\u0131<br \/>\n&gt; UL, TUV, CE Standartlar\u0131<\/p>\n","protected":false},"excerpt":{"rendered":"<p>Redundant Power Supply &#8211; 312W &gt; B\u00fcy\u00fck Disk Kapasiteli Kay\u0131t Cihazlar\u0131 \u0130\u00e7in Yedekli G\u00fc\u00e7 Kayna\u011f\u0131 &gt; K\u0131sa Devre, A\u015f\u0131r\u0131 Y\u00fck ve A\u015f\u0131r\u0131 Gerilime Kar\u015f\u0131 Koruma Deste\u011fi &gt; Normal ve Normal Ko\u015fullara Kar\u015f\u0131 Uyar\u0131 I\u015f\u0131klar\u0131 &gt; UL, TUV, CE Standartlar\u0131<\/p>\n","protected":false},"featured_media":2536,"comment_status":"open","ping_status":"closed","template":"","meta":{"site-sidebar-layout":"default","site-content-layout":"","ast-site-content-layout":"default","site-content-style":"default","site-sidebar-style":"default","ast-global-header-display":"","ast-banner-title-visibility":"","ast-main-header-display":"","ast-hfb-above-header-display":"","ast-hfb-below-header-display":"","ast-hfb-mobile-header-display":"","site-post-title":"","ast-breadcrumbs-content":"","ast-featured-img":"","footer-sml-layout":"","ast-disable-related-posts":"","theme-transparent-header-meta":"default","adv-header-id-meta":"","stick-header-meta":"","header-above-stick-meta":"","header-main-stick-meta":"","header-below-stick-meta":"","astra-migrate-meta-layouts":"set","ast-page-background-enabled":"default","ast-page-background-meta":{"desktop":{"background-color":"var(--ast-global-color-4)","background-image":"","background-repeat":"repeat","background-position":"center center","background-size":"auto","background-attachment":"scroll","background-type":"","background-media":"","overlay-type":"","overlay-color":"","overlay-opacity":"","overlay-gradient":""},"tablet":{"background-color":"","background-image":"","background-repeat":"repeat","background-position":"center center","background-size":"auto","background-attachment":"scroll","background-type":"","background-media":"","overlay-type":"","overlay-color":"","overlay-opacity":"","overlay-gradient":""},"mobile":{"background-color":"","background-image":"","background-repeat":"repeat","background-position":"center center","background-size":"auto","background-attachment":"scroll","background-type":"","background-media":"","overlay-type":"","overlay-color":"","overlay-opacity":"","overlay-gradient":""}},"ast-content-background-meta":{"desktop":{"background-color":"var(--ast-global-color-5)","background-image":"","background-repeat":"repeat","background-position":"center center","background-size":"auto","background-attachment":"scroll","background-type":"","background-media":"","overlay-type":"","overlay-color":"","overlay-opacity":"","overlay-gradient":""},"tablet":{"background-color":"var(--ast-global-color-5)","background-image":"","background-repeat":"repeat","background-position":"center center","background-size":"auto","background-attachment":"scroll","background-type":"","background-media":"","overlay-type":"","overlay-color":"","overlay-opacity":"","overlay-gradient":""},"mobile":{"background-color":"var(--ast-global-color-5)","background-image":"","background-repeat":"repeat","background-position":"center center","background-size":"auto","background-attachment":"scroll","background-type":"","background-media":"","overlay-type":"","overlay-color":"","overlay-opacity":"","overlay-gradient":""}},"_joinchat":[]},"product_brand":[],"product_cat":[22],"product_tag":[],"class_list":{"0":"post-2534","1":"product","2":"type-product","3":"status-publish","4":"has-post-thumbnail","6":"product_cat-unv","7":"desktop-align-left","8":"tablet-align-left","9":"mobile-align-left","11":"first","12":"instock","13":"taxable","14":"shipping-taxable","15":"product-type-simple"},"_links":{"self":[{"href":"https:\/\/globaluniview.com\/index.php\/wp-json\/wp\/v2\/product\/2534","targetHints":{"allow":["GET"]}}],"collection":[{"href":"https:\/\/globaluniview.com\/index.php\/wp-json\/wp\/v2\/product"}],"about":[{"href":"https:\/\/globaluniview.com\/index.php\/wp-json\/wp\/v2\/types\/product"}],"replies":[{"embeddable":true,"href":"https:\/\/globaluniview.com\/index.php\/wp-json\/wp\/v2\/comments?post=2534"}],"wp:featuredmedia":[{"embeddable":true,"href":"https:\/\/globaluniview.com\/index.php\/wp-json\/wp\/v2\/media\/2536"}],"wp:attachment":[{"href":"https:\/\/globaluniview.com\/index.php\/wp-json\/wp\/v2\/media?parent=2534"}],"wp:term":[{"taxonomy":"product_brand","embeddable":true,"href":"https:\/\/globaluniview.com\/index.php\/wp-json\/wp\/v2\/product_brand?post=2534"},{"taxonomy":"product_cat","embeddable":true,"href":"https:\/\/globaluniview.com\/index.php\/wp-json\/wp\/v2\/product_cat?post=2534"},{"taxonomy":"product_tag","embeddable":true,"href":"https:\/\/globaluniview.com\/index.php\/wp-json\/wp\/v2\/product_tag?post=2534"}],"curies":[{"name":"wp","href":"https:\/\/api.w.org\/{rel}","templated":true}]}}